{"id":196,"date":"2023-08-26T17:31:42","date_gmt":"2023-08-26T09:31:42","guid":{"rendered":"https:\/\/electric-bicycles.net\/?page_id=196"},"modified":"2023-08-26T19:15:45","modified_gmt":"2023-08-26T11:15:45","slug":"a-propos-de","status":"publish","type":"page","link":"https:\/\/electric-bicycles.net\/tr\/a-propos-de\/","title":{"rendered":"\u00e0 propos de"},"content":{"rendered":"<p>Elektrikli bisikletlerin hareketli d\u00fcnyas\u0131nda, \u015firketimiz inovasyonun ve verimlili\u011fin bir par\u00e7as\u0131 olarak \u00f6ne \u00e7\u0131kmaktad\u0131r. Bizler, m\u00fckemmel i\u015flevsellik ve esteti\u011fe sahip ki\u015fiselle\u015ftirilmi\u015f ve se\u00e7kin elektrikli bisikletler \u00fcreten, d\u00fcnya elektrikli motorlar pazar\u0131nda ilk planda yer alan bir kurulu\u015fuz. Vizyonumuz, geleneksel ula\u015f\u0131m modlar\u0131na dayan\u0131kl\u0131 ve kiralanabilir bir alternatif sunarak ula\u015f\u0131m end\u00fcstrisinde devrim yaratmakt\u0131r. Bu vizyon, COVID-19 pandemisi nedeniyle karb\u00fcrat\u00f6r fiyatlar\u0131ndaki art\u0131\u015f ve ula\u015f\u0131m ara\u00e7lar\u0131ndaki kayda de\u011fer d\u00fc\u015f\u00fc\u015f\u00fcn g\u00f6lgesinde hi\u00e7bir zaman bu kadar \u00f6nemli olmam\u0131\u015ft\u0131r. Elektrikli ara\u00e7lar\u0131m\u0131z basit bir ula\u015f\u0131m arac\u0131ndan daha fazlas\u0131d\u0131r; \u00e7evreye sayg\u0131l\u0131 yolculuk \u00e7\u00f6z\u00fcmleri \u00fcretme konusundaki kararl\u0131l\u0131\u011f\u0131m\u0131z\u0131 ifade etmektedirler. Y\u00fcksek sat\u0131n alma maliyetleri ve normal d\u00fczenlemelerin yoklu\u011fu gibi zorluklar\u0131n \u00fcstesinden gelmek i\u00e7in inovasyonun g\u00fcc\u00fcne inan\u0131yoruz. Elektrikli ara\u00e7lar\u0131m\u0131z\u0131 herkes i\u00e7in eri\u015filebilir k\u0131lmak i\u00e7in aktif bir \u015fekilde \u00e7al\u0131\u015f\u0131yoruz, h\u00fck\u00fcmet te\u015fviklerinin bir par\u00e7as\u0131 oluyoruz ve maliyetleri d\u00fc\u015f\u00fcrmek i\u00e7in yenilik\u00e7i \u00e7\u00f6z\u00fcmler sunuyoruz. Ancak h\u0131rs\u0131m\u0131z burada bitmiyor. Elektrikli ara\u00e7lar \u00fcretmekle yetinmiyor, bir ya\u015fam tarz\u0131 markas\u0131 in\u015fa ediyoruz. Bug\u00fcn\u00fcn say\u0131sal d\u00fcnyas\u0131nda ba\u011flanabilirli\u011fin g\u00fcc\u00fcn\u00fc kavr\u0131yoruz ve elektrikli ara\u00e7lar\u0131m\u0131za \u015feffaf ba\u011flanabilirlik \u00e7\u00f6z\u00fcmleri ve entegrasyon fonksiyonlar\u0131 ekliyoruz. Bu, m\u00fc\u015fterilerimizin seyahatlerinden kazan\u00e7 sa\u011flarken ba\u011flant\u0131lar\u0131n\u0131 s\u00fcrd\u00fcrmelerine ve k\u00fcresel deneyimlerini iyile\u015ftirmelerine olanak tan\u0131r. Elektrikli ara\u00e7lar\u0131m\u0131z modern t\u00fcketiciler i\u00e7in tasarlanm\u0131\u015ft\u0131r - zarif, etkili ve yenilik\u00e7i. E\u015fsiz bir performans ve konfor kar\u0131\u015f\u0131m\u0131 sunarak her yolculukta keyifli bir deneyim ya\u015fat\u0131r. \u0130ster i\u015f seyahatinde olun, ister sakin bir \u015fekilde geziniyor olun, elektrikli ara\u00e7lar\u0131m\u0131z sizin i\u00e7in ideal bir yol arkada\u015f\u0131d\u0131r. \u0130nsanlar\u0131n ula\u015f\u0131ma bak\u0131\u015f a\u00e7\u0131s\u0131n\u0131 de\u011fi\u015ftirmeye kendini adam\u0131\u015f bir hareketiz. Farkl\u0131l\u0131k yaratmak i\u00e7in buraday\u0131z, hem de elektrikli bir motorla. Nous vous invitons \u00e0 nous rejoindre dans notre voyage towards avenir plus vert et plus durable.<\/p>","protected":false},"excerpt":{"rendered":"<p>Dans la sph\u00e8re anim\u00e9e des bicyclettes \u00e9lectriques, notre entreprise se pr\u00e9sente comme un phare de l&#8217;innovation et de l&#8217;efficacit\u00e9. Nous sommes une entit\u00e9 de premier plan sur le march\u00e9 mondial des motos \u00e9lectriques, fabriquant des v\u00e9los \u00e9lectriques personnalis\u00e9s et \u00e9l\u00e9gants qui allient parfaitement fonctionnalit\u00e9 et esth\u00e9tique. Notre vision est de r\u00e9volutionner l&#8217;industrie du transport en &hellip;<\/p>\n<p class=\"read-more\"> <a class=\"\" href=\"https:\/\/electric-bicycles.net\/tr\/a-propos-de\/\"> <span class=\"screen-reader-text\">\u00e0 propos de<\/span> Devam\u0131 \"<\/a><\/p>","protected":false},"author":1,"featured_media":0,"parent":0,"menu_order":0,"comment_status":"closed","ping_status":"closed","template":"","meta":{"site-sidebar-layout":"default","site-content-layout":"","ast-site-content-layout":"default","site-content-style":"default","site-sidebar-style":"default","ast-global-header-display":"","ast-banner-title-visibility":"","ast-main-header-display":"","ast-hfb-above-header-display":"","ast-hfb-below-header-display":"","ast-hfb-mobile-header-display":"","site-post-title":"","ast-breadcrumbs-content":"","ast-featured-img":"","footer-sml-layout":"","theme-transparent-header-meta":"default","adv-header-id-meta":"","stick-header-meta":"","header-above-stick-meta":"","header-main-stick-meta":"","header-below-stick-meta":"","astra-migrate-meta-layouts":"set","ngg_post_thumbnail":0,"footnotes":""},"class_list":["post-196","page","type-page","status-publish","hentry"],"aioseo_notices":[],"_links":{"self":[{"href":"https:\/\/electric-bicycles.net\/tr\/wp-json\/wp\/v2\/pages\/196","targetHints":{"allow":["GET"]}}],"collection":[{"href":"https:\/\/electric-bicycles.net\/tr\/wp-json\/wp\/v2\/pages"}],"about":[{"href":"https:\/\/electric-bicycles.net\/tr\/wp-json\/wp\/v2\/types\/page"}],"author":[{"embeddable":true,"href":"https:\/\/electric-bicycles.net\/tr\/wp-json\/wp\/v2\/users\/1"}],"replies":[{"embeddable":true,"href":"https:\/\/electric-bicycles.net\/tr\/wp-json\/wp\/v2\/comments?post=196"}],"version-history":[{"count":1,"href":"https:\/\/electric-bicycles.net\/tr\/wp-json\/wp\/v2\/pages\/196\/revisions"}],"predecessor-version":[{"id":197,"href":"https:\/\/electric-bicycles.net\/tr\/wp-json\/wp\/v2\/pages\/196\/revisions\/197"}],"wp:attachment":[{"href":"https:\/\/electric-bicycles.net\/tr\/wp-json\/wp\/v2\/media?parent=196"}],"curies":[{"name":"wp","href":"https:\/\/api.w.org\/{rel}","templated":true}]}}