{"id":172,"date":"2023-08-26T17:31:42","date_gmt":"2023-08-26T09:31:42","guid":{"rendered":"https:\/\/electric-bicycles.net\/?page_id=172"},"modified":"2024-05-31T07:56:58","modified_gmt":"2024-05-30T23:56:58","slug":"about","status":"publish","type":"page","link":"https:\/\/electric-bicycles.net\/tr\/","title":{"rendered":"hakk\u0131nda"},"content":{"rendered":"<p><img loading=\"lazy\" decoding=\"async\" class=\"size-full wp-image-184 aligncenter\" src=\"http:\/\/electric-bicycles.net\/wp-content\/uploads\/2023\/08\/banners-of-electric-bicycles.jpg\" alt=\"elektrikli bisiklet afi\u015fleri\" width=\"800\" height=\"534\" srcset=\"https:\/\/electric-bicycles.net\/wp-content\/uploads\/2023\/08\/banners-of-electric-bicycles.jpg 800w, https:\/\/electric-bicycles.net\/wp-content\/uploads\/2023\/08\/banners-of-electric-bicycles-300x200.jpg 300w, https:\/\/electric-bicycles.net\/wp-content\/uploads\/2023\/08\/banners-of-electric-bicycles-768x513.jpg 768w\" sizes=\"auto, (max-width: 800px) 100vw, 800px\" \/><\/p>\n<p>Elektrikli bisikletlerin hareketli alan\u0131nda, \u015firketimiz yenilik ve verimlili\u011fin bir i\u015fareti olarak duruyor. \u0130\u015flevsellik ve esteti\u011fi m\u00fckemmel bir \u015fekilde harmanlayan \u00f6zel yap\u0131m, \u015f\u0131k elektrikli bisikletler \u00fcreten k\u00fcresel elektrikli motosiklet pazar\u0131nda lider bir kurulu\u015fuz. Vizyonumuz, geleneksel ula\u015f\u0131m y\u00f6ntemlerine s\u00fcrd\u00fcr\u00fclebilir, uygun maliyetli bir alternatif sunarak ula\u015f\u0131m end\u00fcstrisinde devrim yaratmakt\u0131r. Bu vizyon, COVID-19 salg\u0131n\u0131 nedeniyle artan yak\u0131t maliyetleri ve toplu ta\u015f\u0131ma ara\u00e7lar\u0131ndaki g\u00f6zle g\u00f6r\u00fcl\u00fcr d\u00fc\u015f\u00fc\u015f\u00fcn ard\u0131ndan hi\u00e7 bu kadar \u00f6nemli olmam\u0131\u015ft\u0131 Elektrikli bisikletlerimiz bir ula\u015f\u0131m arac\u0131ndan \u00e7ok daha fazlas\u0131d\u0131r; \u00e7evre dostu seyahat \u00e7\u00f6z\u00fcmleri yaratma taahh\u00fcd\u00fcm\u00fcz\u00fcn bir kan\u0131t\u0131d\u0131r. Y\u00fcksek sat\u0131n alma maliyetleri ve standartla\u015ft\u0131r\u0131lm\u0131\u015f d\u00fczenleme eksikli\u011fi gibi zorluklar\u0131n \u00fcstesinden gelmek i\u00e7in inovasyonun g\u00fcc\u00fcne inan\u0131yoruz. Elektrikli bisikletlerimizi herkes i\u00e7in eri\u015filebilir k\u0131lmak i\u00e7in aktif olarak \u00e7al\u0131\u015f\u0131yor, devlet te\u015fviklerinden yararlan\u0131yor ve maliyetleri d\u00fc\u015f\u00fcrmek i\u00e7in yenilik\u00e7i \u00e7\u00f6z\u00fcmler sunuyoruz. Biz sadece elektrikli <strong>elektrikli bisikletler, lityum pil, lityum piller<\/strong>bir ya\u015fam tarz\u0131 markas\u0131 in\u015fa ediyoruz. G\u00fcn\u00fcm\u00fcz\u00fcn dijital d\u00fcnyas\u0131nda ba\u011flanabilirli\u011fin g\u00fcc\u00fcn\u00fc anl\u0131yoruz ve elektrikli bisikletlerimize en yeni ba\u011flanabilirlik \u00e7\u00f6z\u00fcmlerini ve sorunsuz entegrasyon \u00f6zelliklerini dahil ediyoruz. Bu, m\u00fc\u015fterilerimizin s\u00fcr\u00fc\u015flerinin keyfini \u00e7\u0131kar\u0131rken ba\u011flant\u0131da kalmalar\u0131n\u0131 sa\u011flayarak genel deneyimlerini geli\u015ftiriyor. Elektrikli motosikletlerimiz modern t\u00fcketici i\u00e7in tasarlanm\u0131\u015ft\u0131r - \u015f\u0131k, verimli ve yenilik\u00e7i. Performans ve konforun benzersiz bir kar\u0131\u015f\u0131m\u0131n\u0131 sunarak her s\u00fcr\u00fc\u015f\u00fc keyifli bir deneyim haline getirir. \u0130ster i\u015fe gidip geliyor olun, ister keyifli bir gezintiye \u00e7\u0131k\u0131yor olun, elektrikli bisikletlerimiz m\u00fckemmel yol arkada\u015f\u0131n\u0131zd\u0131r. Biz, insanlar\u0131n ula\u015f\u0131m hakk\u0131ndaki d\u00fc\u015f\u00fcncelerini de\u011fi\u015ftirmeye kararl\u0131 bir hareketiz. Her seferinde bir elektrikli motosikletle fark yaratmak i\u00e7in buraday\u0131z. Sizi daha ye\u015fil, daha s\u00fcrd\u00fcr\u00fclebilir bir gelece\u011fe do\u011fru yolculu\u011fumuzda bize kat\u0131lmaya davet ediyoruz.<\/p>","protected":false},"excerpt":{"rendered":"<p>In the bustling sphere of electric bicycles, our company stands as a beacon of innovation and efficiency. We are a leading entity in the global electric motorcycle market, crafting custom-made, stylish electric bicycles that perfectly blend functionality and aesthetics.Our vision is to revolutionize the transportation industry by offering a sustainable, cost-effective alternative to traditional modes &hellip;<\/p>\n<p class=\"read-more\"> <a class=\"\" href=\"https:\/\/electric-bicycles.net\/tr\/\"> <span class=\"screen-reader-text\">hakk\u0131nda<\/span> Devam\u0131 \"<\/a><\/p>","protected":false},"author":1,"featured_media":0,"parent":0,"menu_order":0,"comment_status":"closed","ping_status":"closed","template":"","meta":{"site-sidebar-layout":"default","site-content-layout":"","ast-site-content-layout":"default","site-content-style":"default","site-sidebar-style":"default","ast-global-header-display":"","ast-banner-title-visibility":"","ast-main-header-display":"","ast-hfb-above-header-display":"","ast-hfb-below-header-display":"","ast-hfb-mobile-header-display":"","site-post-title":"","ast-breadcrumbs-content":"","ast-featured-img":"","footer-sml-layout":"","theme-transparent-header-meta":"default","adv-header-id-meta":"","stick-header-meta":"","header-above-stick-meta":"","header-main-stick-meta":"","header-below-stick-meta":"","astra-migrate-meta-layouts":"set","ngg_post_thumbnail":0,"footnotes":""},"class_list":["post-172","page","type-page","status-publish","hentry"],"aioseo_notices":[],"_links":{"self":[{"href":"https:\/\/electric-bicycles.net\/tr\/wp-json\/wp\/v2\/pages\/172","targetHints":{"allow":["GET"]}}],"collection":[{"href":"https:\/\/electric-bicycles.net\/tr\/wp-json\/wp\/v2\/pages"}],"about":[{"href":"https:\/\/electric-bicycles.net\/tr\/wp-json\/wp\/v2\/types\/page"}],"author":[{"embeddable":true,"href":"https:\/\/electric-bicycles.net\/tr\/wp-json\/wp\/v2\/users\/1"}],"replies":[{"embeddable":true,"href":"https:\/\/electric-bicycles.net\/tr\/wp-json\/wp\/v2\/comments?post=172"}],"version-history":[{"count":7,"href":"https:\/\/electric-bicycles.net\/tr\/wp-json\/wp\/v2\/pages\/172\/revisions"}],"predecessor-version":[{"id":376,"href":"https:\/\/electric-bicycles.net\/tr\/wp-json\/wp\/v2\/pages\/172\/revisions\/376"}],"wp:attachment":[{"href":"https:\/\/electric-bicycles.net\/tr\/wp-json\/wp\/v2\/media?parent=172"}],"curies":[{"name":"wp","href":"https:\/\/api.w.org\/{rel}","templated":true}]}}