{"id":196,"date":"2023-08-26T17:31:42","date_gmt":"2023-08-26T09:31:42","guid":{"rendered":"https:\/\/electric-bicycles.net\/?page_id=196"},"modified":"2023-08-26T19:15:45","modified_gmt":"2023-08-26T11:15:45","slug":"a-propos-de","status":"publish","type":"page","link":"https:\/\/electric-bicycles.net\/sv\/a-propos-de\/","title":{"rendered":"\u00e0 propos de"},"content":{"rendered":"<p>I den livliga atmosf\u00e4ren av elektriska cyklar framst\u00e5r v\u00e5rt f\u00f6retag som en f\u00f6reg\u00e5ngare inom innovation och effektivitet. Vi \u00e4r ett f\u00f6retag med en ledande st\u00e4llning p\u00e5 v\u00e4rldsmarknaden f\u00f6r elektriska motorcyklar, som tillverkar personliga och eleganta elektriska motorcyklar med perfekt funktionalitet och estetik. V\u00e5r vision \u00e4r att revolutionera transportindustrin genom att erbjuda ett h\u00e5llbart och uthyrningsbart alternativ till traditionella transports\u00e4tt. Denna vision har aldrig varit s\u00e5 relevant som i samband med att priset p\u00e5 f\u00f6rbr\u00e4nningsmotorer och nedg\u00e5ngen i de kommunala transporterna till f\u00f6ljd av covid-19-pandemin har \u00f6kat. V\u00e5ra elektriska fordon \u00e4r inte bara ett enkelt transportmedel, de vittnar om v\u00e5rt engagemang f\u00f6r att skapa milj\u00f6v\u00e4nliga resel\u00f6sningar. Vi tror p\u00e5 innovationens f\u00f6rm\u00e5ga att \u00f6vervinna utmaningar som h\u00f6ga ink\u00f6pskostnader och avsaknad av normal reglering. Vi arbetar aktivt f\u00f6r att g\u00f6ra v\u00e5ra elektriska fordon tillg\u00e4ngliga f\u00f6r alla, genom att ta del av statliga uppmaningar och inf\u00f6ra innovativa l\u00f6sningar f\u00f6r att minska kostnaderna. Men v\u00e5r ambition stannar inte d\u00e4r. Vi n\u00f6jer oss inte med att skapa elektriska fordon, vi bygger ett varum\u00e4rke med en viss livsstil. Nous comprenons le pouvoir de la connectivit\u00e9 dans le monde num\u00e9rique d'aujourd'hui, et nous incorporons des solutions de connectivit\u00e9 de pointe et des fonctions d'int\u00e9gration transparentes dans nos v\u00e9los \u00e9lectriques. Detta g\u00f6r det m\u00f6jligt f\u00f6r v\u00e5ra kunder att f\u00f6rbli uppkopplade samtidigt som de drar nytta av sin resa, vilket f\u00f6rb\u00e4ttrar deras globala upplevelse.V\u00e5ra elbilar \u00e4r utformade f\u00f6r den moderna konsumenten - eleganta, effektiva och innovativa. De erbjuder en unik blandning av prestanda och komfort, vilket g\u00f6r varje resa till en trevlig upplevelse. Oavsett om du \u00e4r p\u00e5 jobbet eller promenerar i lugn och ro, \u00e4r v\u00e5ra elektriska vagnar din perfekta f\u00f6ljeslagare.Vi \u00e4r mer \u00e4n ett enkelt f\u00f6retag. Vi \u00e4r en r\u00f6relse som \u00e4r engagerad i att f\u00f6r\u00e4ndra det s\u00e4tt p\u00e5 vilket m\u00e4nniskor ser p\u00e5 transport. Vi \u00e4r d\u00e4r f\u00f6r att g\u00f6ra skillnad, en elektrisk motorcykel en g\u00e5ng till. Vi bjuder in er att f\u00f6lja med oss p\u00e5 v\u00e5r resa mot en framtid som \u00e4r mer gr\u00f6n och mer h\u00e5llbar.<\/p>","protected":false},"excerpt":{"rendered":"<p>Dans la sph\u00e8re anim\u00e9e des bicyclettes \u00e9lectriques, notre entreprise se pr\u00e9sente comme un phare de l&#8217;innovation et de l&#8217;efficacit\u00e9. Nous sommes une entit\u00e9 de premier plan sur le march\u00e9 mondial des motos \u00e9lectriques, fabriquant des v\u00e9los \u00e9lectriques personnalis\u00e9s et \u00e9l\u00e9gants qui allient parfaitement fonctionnalit\u00e9 et esth\u00e9tique. Notre vision est de r\u00e9volutionner l&#8217;industrie du transport en &hellip;<\/p>\n<p class=\"read-more\"> <a class=\"\" href=\"https:\/\/electric-bicycles.net\/sv\/a-propos-de\/\"> <span class=\"screen-reader-text\">\u00e0 propos de<\/span> L\u00e4s mer \"<\/a><\/p>","protected":false},"author":1,"featured_media":0,"parent":0,"menu_order":0,"comment_status":"closed","ping_status":"closed","template":"","meta":{"site-sidebar-layout":"default","site-content-layout":"","ast-site-content-layout":"default","site-content-style":"default","site-sidebar-style":"default","ast-global-header-display":"","ast-banner-title-visibility":"","ast-main-header-display":"","ast-hfb-above-header-display":"","ast-hfb-below-header-display":"","ast-hfb-mobile-header-display":"","site-post-title":"","ast-breadcrumbs-content":"","ast-featured-img":"","footer-sml-layout":"","theme-transparent-header-meta":"default","adv-header-id-meta":"","stick-header-meta":"","header-above-stick-meta":"","header-main-stick-meta":"","header-below-stick-meta":"","astra-migrate-meta-layouts":"set","ngg_post_thumbnail":0,"footnotes":""},"class_list":["post-196","page","type-page","status-publish","hentry"],"aioseo_notices":[],"_links":{"self":[{"href":"https:\/\/electric-bicycles.net\/sv\/wp-json\/wp\/v2\/pages\/196","targetHints":{"allow":["GET"]}}],"collection":[{"href":"https:\/\/electric-bicycles.net\/sv\/wp-json\/wp\/v2\/pages"}],"about":[{"href":"https:\/\/electric-bicycles.net\/sv\/wp-json\/wp\/v2\/types\/page"}],"author":[{"embeddable":true,"href":"https:\/\/electric-bicycles.net\/sv\/wp-json\/wp\/v2\/users\/1"}],"replies":[{"embeddable":true,"href":"https:\/\/electric-bicycles.net\/sv\/wp-json\/wp\/v2\/comments?post=196"}],"version-history":[{"count":1,"href":"https:\/\/electric-bicycles.net\/sv\/wp-json\/wp\/v2\/pages\/196\/revisions"}],"predecessor-version":[{"id":197,"href":"https:\/\/electric-bicycles.net\/sv\/wp-json\/wp\/v2\/pages\/196\/revisions\/197"}],"wp:attachment":[{"href":"https:\/\/electric-bicycles.net\/sv\/wp-json\/wp\/v2\/media?parent=196"}],"curies":[{"name":"wp","href":"https:\/\/api.w.org\/{rel}","templated":true}]}}