{"id":172,"date":"2023-08-26T17:31:42","date_gmt":"2023-08-26T09:31:42","guid":{"rendered":"https:\/\/electric-bicycles.net\/?page_id=172"},"modified":"2024-05-31T07:56:58","modified_gmt":"2024-05-30T23:56:58","slug":"about","status":"publish","type":"page","link":"https:\/\/electric-bicycles.net\/sv\/","title":{"rendered":"om"},"content":{"rendered":"<p><img loading=\"lazy\" decoding=\"async\" class=\"size-full wp-image-184 aligncenter\" src=\"http:\/\/electric-bicycles.net\/wp-content\/uploads\/2023\/08\/banners-of-electric-bicycles.jpg\" alt=\"banners f\u00f6r elektriska cyklar\" width=\"800\" height=\"534\" srcset=\"https:\/\/electric-bicycles.net\/wp-content\/uploads\/2023\/08\/banners-of-electric-bicycles.jpg 800w, https:\/\/electric-bicycles.net\/wp-content\/uploads\/2023\/08\/banners-of-electric-bicycles-300x200.jpg 300w, https:\/\/electric-bicycles.net\/wp-content\/uploads\/2023\/08\/banners-of-electric-bicycles-768x513.jpg 768w\" sizes=\"auto, (max-width: 800px) 100vw, 800px\" \/><\/p>\n<p>I den livliga sf\u00e4ren av elcyklar st\u00e5r v\u00e5rt f\u00f6retag som en fyrb\u00e5k av innovation och effektivitet. Vi \u00e4r en ledande akt\u00f6r p\u00e5 den globala marknaden f\u00f6r elmotorcyklar och tillverkar skr\u00e4ddarsydda, eleganta elcyklar som kombinerar funktionalitet och estetik p\u00e5 ett perfekt s\u00e4tt. V\u00e5r vision \u00e4r att revolutionera transportbranschen genom att erbjuda ett h\u00e5llbart och kostnadseffektivt alternativ till traditionella transports\u00e4tt. Denna vision har aldrig varit mer relevant \u00e4n i k\u00f6lvattnet av stigande br\u00e4nslekostnader och den m\u00e4rkbara nedg\u00e5ngen i kollektivtrafiken p\u00e5 grund av COVID-19-pandemin.V\u00e5ra elcyklar \u00e4r mer \u00e4n bara ett transportmedel; de \u00e4r ett bevis p\u00e5 v\u00e5rt engagemang f\u00f6r att skapa milj\u00f6v\u00e4nliga resel\u00f6sningar. Vi tror p\u00e5 innovationskraften f\u00f6r att \u00f6vervinna utmaningar som h\u00f6ga ink\u00f6pskostnader och bristen p\u00e5 standardiserad reglering. Vi arbetar aktivt f\u00f6r att g\u00f6ra v\u00e5ra elcyklar tillg\u00e4ngliga f\u00f6r alla, genom att utnyttja statliga incitament och inf\u00f6ra innovativa l\u00f6sningar f\u00f6r att s\u00e4nka kostnaderna.Men v\u00e5r ambition slutar inte d\u00e4r. Vi skapar inte bara <strong>elcyklar, litiumbatteri, litiumbatterier<\/strong>Vi bygger ett livsstilsvarum\u00e4rke. Vi f\u00f6rst\u00e5r kraften i uppkoppling i dagens digitala v\u00e4rld, och vi inf\u00f6rlivar banbrytande uppkopplingsl\u00f6sningar och s\u00f6ml\u00f6sa integrationsfunktioner i v\u00e5ra elcyklar. Detta g\u00f6r att v\u00e5ra kunder kan h\u00e5lla sig uppkopplade samtidigt som de njuter av sin resa, vilket f\u00f6rb\u00e4ttrar deras helhetsupplevelse.V\u00e5ra elmotorcyklar \u00e4r utformade f\u00f6r den moderna konsumenten - snygga, effektiva och innovativa. De erbjuder en unik blandning av prestanda och komfort, vilket g\u00f6r varje k\u00f6rning till en gl\u00e4djefylld upplevelse. Oavsett om du pendlar till jobbet eller tar en lugn tur \u00e4r v\u00e5ra elcyklar din perfekta f\u00f6ljeslagare.Vi \u00e4r mer \u00e4n bara ett f\u00f6retag. Vi \u00e4r en r\u00f6relse som har \u00e5tagit oss att f\u00f6r\u00e4ndra hur m\u00e4nniskor t\u00e4nker kring transport. Vi \u00e4r h\u00e4r f\u00f6r att g\u00f6ra skillnad, en elektrisk motorcykel i taget. Vi inbjuder dig att f\u00f6lja med oss p\u00e5 v\u00e5r resa mot en gr\u00f6nare och mer h\u00e5llbar framtid.<\/p>","protected":false},"excerpt":{"rendered":"<p>In the bustling sphere of electric bicycles, our company stands as a beacon of innovation and efficiency. We are a leading entity in the global electric motorcycle market, crafting custom-made, stylish electric bicycles that perfectly blend functionality and aesthetics.Our vision is to revolutionize the transportation industry by offering a sustainable, cost-effective alternative to traditional modes &hellip;<\/p>\n<p class=\"read-more\"> <a class=\"\" href=\"https:\/\/electric-bicycles.net\/sv\/\"> <span class=\"screen-reader-text\">om<\/span> L\u00e4s mer \"<\/a><\/p>","protected":false},"author":1,"featured_media":0,"parent":0,"menu_order":0,"comment_status":"closed","ping_status":"closed","template":"","meta":{"site-sidebar-layout":"default","site-content-layout":"","ast-site-content-layout":"default","site-content-style":"default","site-sidebar-style":"default","ast-global-header-display":"","ast-banner-title-visibility":"","ast-main-header-display":"","ast-hfb-above-header-display":"","ast-hfb-below-header-display":"","ast-hfb-mobile-header-display":"","site-post-title":"","ast-breadcrumbs-content":"","ast-featured-img":"","footer-sml-layout":"","theme-transparent-header-meta":"default","adv-header-id-meta":"","stick-header-meta":"","header-above-stick-meta":"","header-main-stick-meta":"","header-below-stick-meta":"","astra-migrate-meta-layouts":"set","ngg_post_thumbnail":0,"footnotes":""},"class_list":["post-172","page","type-page","status-publish","hentry"],"aioseo_notices":[],"_links":{"self":[{"href":"https:\/\/electric-bicycles.net\/sv\/wp-json\/wp\/v2\/pages\/172","targetHints":{"allow":["GET"]}}],"collection":[{"href":"https:\/\/electric-bicycles.net\/sv\/wp-json\/wp\/v2\/pages"}],"about":[{"href":"https:\/\/electric-bicycles.net\/sv\/wp-json\/wp\/v2\/types\/page"}],"author":[{"embeddable":true,"href":"https:\/\/electric-bicycles.net\/sv\/wp-json\/wp\/v2\/users\/1"}],"replies":[{"embeddable":true,"href":"https:\/\/electric-bicycles.net\/sv\/wp-json\/wp\/v2\/comments?post=172"}],"version-history":[{"count":7,"href":"https:\/\/electric-bicycles.net\/sv\/wp-json\/wp\/v2\/pages\/172\/revisions"}],"predecessor-version":[{"id":376,"href":"https:\/\/electric-bicycles.net\/sv\/wp-json\/wp\/v2\/pages\/172\/revisions\/376"}],"wp:attachment":[{"href":"https:\/\/electric-bicycles.net\/sv\/wp-json\/wp\/v2\/media?parent=172"}],"curies":[{"name":"wp","href":"https:\/\/api.w.org\/{rel}","templated":true}]}}