{"id":172,"date":"2023-08-26T17:31:42","date_gmt":"2023-08-26T09:31:42","guid":{"rendered":"https:\/\/electric-bicycles.net\/?page_id=172"},"modified":"2024-05-31T07:56:58","modified_gmt":"2024-05-30T23:56:58","slug":"about","status":"publish","type":"page","link":"https:\/\/electric-bicycles.net\/sl\/","title":{"rendered":"o"},"content":{"rendered":"<p><img loading=\"lazy\" decoding=\"async\" class=\"size-full wp-image-184 aligncenter\" src=\"http:\/\/electric-bicycles.net\/wp-content\/uploads\/2023\/08\/banners-of-electric-bicycles.jpg\" alt=\"transparenti elektri\u010dnih koles\" width=\"800\" height=\"534\" srcset=\"https:\/\/electric-bicycles.net\/wp-content\/uploads\/2023\/08\/banners-of-electric-bicycles.jpg 800w, https:\/\/electric-bicycles.net\/wp-content\/uploads\/2023\/08\/banners-of-electric-bicycles-300x200.jpg 300w, https:\/\/electric-bicycles.net\/wp-content\/uploads\/2023\/08\/banners-of-electric-bicycles-768x513.jpg 768w\" sizes=\"auto, (max-width: 800px) 100vw, 800px\" \/><\/p>\n<p>Na\u0161e podjetje je v \u017eivahnem okolju elektri\u010dnih koles svetilnik inovacij in u\u010dinkovitosti. Smo vodilno podjetje na svetovnem trgu elektri\u010dnih motornih koles, ki izdeluje po meri izdelana, elegantna elektri\u010dna kolesa, ki odli\u010dno zdru\u017eujejo funkcionalnost in estetiko.Na\u0161a vizija je revolucionirati prevozno industrijo s ponudbo trajnostne in stro\u0161kovno u\u010dinkovite alternative tradicionalnim na\u010dinom prevoza na delo in z dela. Ta vizija \u0161e nikoli ni bila tako aktualna kot zaradi nara\u0161\u010dajo\u010dih stro\u0161kov goriva in opaznega upada javnega prevoza zaradi pandemije COVID-19. Na\u0161a elektri\u010dna kolesa so ve\u010d kot le na\u010din prevoza; so dokaz na\u0161e zavezanosti ustvarjanju okolju prijaznih potovalnih re\u0161itev. Verjamemo v mo\u010d inovacij, s katerimi lahko premagamo izzive, kot so visoki stro\u0161ki nakupa in pomanjkanje standardiziranih predpisov. Aktivno si prizadevamo, da bi bila na\u0161a elektri\u010dna kolesa dostopna vsem, izkori\u0161\u010damo dr\u017eavne spodbude in uvajamo inovativne re\u0161itve za zmanj\u0161anje stro\u0161kov. vendar se na\u0161e ambicije ne kon\u010dajo pri tem. Ne ustvarjamo le <strong>elektri\u010dna kolesa, litijeva baterija, litijeve baterije<\/strong>; gradimo blagovno znamko \u017eivljenjskega sloga. Razumemo mo\u010d povezljivosti v dana\u0161njem digitalnem svetu, zato v na\u0161a elektri\u010dna kolesa vklju\u010dujemo najsodobnej\u0161e re\u0161itve za povezljivost in funkcije brezhibne integracije. To na\u0161im strankam omogo\u010da, da ostanejo povezane, medtem ko u\u017eivajo v vo\u017enji, kar izbolj\u0161a njihovo splo\u0161no izku\u0161njo. na\u0161a elektri\u010dna kolesa so zasnovana za sodobnega potro\u0161nika - elegantna, u\u010dinkovita in inovativna. Ponujajo edinstveno me\u0161anico zmogljivosti in udobja, zaradi \u010desar je vsaka vo\u017enja prijetna izku\u0161nja. Ne glede na to, ali se vozite na delo ali se odpravljate na spro\u0161\u010deno vo\u017enjo, so na\u0161a elektri\u010dna kolesa va\u0161 popoln spremljevalec. smo ve\u010d kot le podjetje. Smo gibanje, ki si prizadeva spremeniti na\u010din, kako ljudje razmi\u0161ljajo o prevozu. Tukaj smo, da bi spremenili stvari na bolje, eno elektri\u010dno kolo naenkrat. Vabimo vas, da se nam pridru\u017eite na poti k bolj zeleni in trajnostni prihodnosti.<\/p>","protected":false},"excerpt":{"rendered":"<p>Na\u0161e podjetje je v \u017eivahnem okolju elektri\u010dnih koles svetilnik inovacij in u\u010dinkovitosti. Smo vodilno podjetje na svetovnem trgu elektri\u010dnih motornih koles, ki izdeluje po meri narejena, elegantna elektri\u010dna kolesa, ki odli\u010dno zdru\u017eujejo funkcionalnost in estetiko.Na\u0161a vizija je revolucionirati prometno industrijo s ponudbo trajnostne, stro\u0161kovno u\u010dinkovite alternative tradicionalnim na\u010dinom ...<\/p>\n<p class=\"read-more\"> <a class=\"\" href=\"https:\/\/electric-bicycles.net\/sl\/\"> <span class=\"screen-reader-text\">o<\/span> Preberite ve\u010d \"<\/a><\/p>","protected":false},"author":1,"featured_media":0,"parent":0,"menu_order":0,"comment_status":"closed","ping_status":"closed","template":"","meta":{"site-sidebar-layout":"default","site-content-layout":"","ast-site-content-layout":"default","site-content-style":"default","site-sidebar-style":"default","ast-global-header-display":"","ast-banner-title-visibility":"","ast-main-header-display":"","ast-hfb-above-header-display":"","ast-hfb-below-header-display":"","ast-hfb-mobile-header-display":"","site-post-title":"","ast-breadcrumbs-content":"","ast-featured-img":"","footer-sml-layout":"","theme-transparent-header-meta":"default","adv-header-id-meta":"","stick-header-meta":"","header-above-stick-meta":"","header-main-stick-meta":"","header-below-stick-meta":"","astra-migrate-meta-layouts":"set","ngg_post_thumbnail":0,"footnotes":""},"class_list":["post-172","page","type-page","status-publish","hentry"],"aioseo_notices":[],"_links":{"self":[{"href":"https:\/\/electric-bicycles.net\/sl\/wp-json\/wp\/v2\/pages\/172","targetHints":{"allow":["GET"]}}],"collection":[{"href":"https:\/\/electric-bicycles.net\/sl\/wp-json\/wp\/v2\/pages"}],"about":[{"href":"https:\/\/electric-bicycles.net\/sl\/wp-json\/wp\/v2\/types\/page"}],"author":[{"embeddable":true,"href":"https:\/\/electric-bicycles.net\/sl\/wp-json\/wp\/v2\/users\/1"}],"replies":[{"embeddable":true,"href":"https:\/\/electric-bicycles.net\/sl\/wp-json\/wp\/v2\/comments?post=172"}],"version-history":[{"count":7,"href":"https:\/\/electric-bicycles.net\/sl\/wp-json\/wp\/v2\/pages\/172\/revisions"}],"predecessor-version":[{"id":376,"href":"https:\/\/electric-bicycles.net\/sl\/wp-json\/wp\/v2\/pages\/172\/revisions\/376"}],"wp:attachment":[{"href":"https:\/\/electric-bicycles.net\/sl\/wp-json\/wp\/v2\/media?parent=172"}],"curies":[{"name":"wp","href":"https:\/\/api.w.org\/{rel}","templated":true}]}}