{"id":172,"date":"2023-08-26T17:31:42","date_gmt":"2023-08-26T09:31:42","guid":{"rendered":"https:\/\/electric-bicycles.net\/?page_id=172"},"modified":"2024-05-31T07:56:58","modified_gmt":"2024-05-30T23:56:58","slug":"about","status":"publish","type":"page","link":"https:\/\/electric-bicycles.net\/sk\/","title":{"rendered":"o"},"content":{"rendered":"<p><img loading=\"lazy\" decoding=\"async\" class=\"size-full wp-image-184 aligncenter\" src=\"http:\/\/electric-bicycles.net\/wp-content\/uploads\/2023\/08\/banners-of-electric-bicycles.jpg\" alt=\"bannery elektrick\u00fdch bicyklov\" width=\"800\" height=\"534\" srcset=\"https:\/\/electric-bicycles.net\/wp-content\/uploads\/2023\/08\/banners-of-electric-bicycles.jpg 800w, https:\/\/electric-bicycles.net\/wp-content\/uploads\/2023\/08\/banners-of-electric-bicycles-300x200.jpg 300w, https:\/\/electric-bicycles.net\/wp-content\/uploads\/2023\/08\/banners-of-electric-bicycles-768x513.jpg 768w\" sizes=\"auto, (max-width: 800px) 100vw, 800px\" \/><\/p>\n<p>V ru\u0161nej sf\u00e9re elektrick\u00fdch bicyklov je na\u0161a spolo\u010dnos\u0165 maj\u00e1kom inov\u00e1ci\u00ed a efekt\u00edvnosti. Sme popredn\u00fdm subjektom na svetovom trhu s elektrick\u00fdmi motocyklami a vyr\u00e1bame \u0161t\u00fdlov\u00e9 elektrick\u00e9 bicykle na mieru, ktor\u00e9 dokonale sp\u00e1jaj\u00fa funk\u010dnos\u0165 a estetiku. na\u0161ou v\u00edziou je revolu\u010dne zmeni\u0165 odvetvie dopravy t\u00fdm, \u017ee pon\u00fakneme udr\u017eate\u013en\u00fa a n\u00e1kladovo efekt\u00edvnu alternat\u00edvu k tradi\u010dn\u00fdm sp\u00f4sobom doch\u00e1dzania. T\u00e1to v\u00edzia nebola nikdy aktu\u00e1lnej\u0161ia ako v s\u00favislosti s rast\u00facimi n\u00e1kladmi na pohonn\u00e9 hmoty a cite\u013en\u00fdm poklesom verejnej dopravy v d\u00f4sledku pand\u00e9mie COVID-19. Na\u0161e elektrick\u00e9 bicykle s\u00fa viac ako len sp\u00f4sob dopravy; s\u00fa d\u00f4kazom n\u00e1\u0161ho odhodlania vytv\u00e1ra\u0165 ekologick\u00e9 rie\u0161enia cestovania. Ver\u00edme v silu inov\u00e1ci\u00ed, ktor\u00e9 dok\u00e1\u017eu prekona\u0165 v\u00fdzvy, ako s\u00fa vysok\u00e9 obstar\u00e1vacie n\u00e1klady a nedostatok \u0161tandardizovan\u00fdch predpisov. Akt\u00edvne pracujeme na tom, aby boli na\u0161e elektrobicykle dostupn\u00e9 pre v\u0161etk\u00fdch, vyu\u017e\u00edvame vl\u00e1dne stimuly a zav\u00e1dzame inovat\u00edvne rie\u0161enia na zn\u00ed\u017eenie n\u00e1kladov. na\u0161e amb\u00edcie sa t\u00fdm v\u0161ak nekon\u010dia. Nevytv\u00e1rame len <strong>elektrick\u00e9 bicykle, l\u00edtiov\u00e9 bat\u00e9rie, l\u00edtiov\u00e9 bat\u00e9rie<\/strong>; budujeme zna\u010dku \u017eivotn\u00e9ho \u0161t\u00fdlu. Ch\u00e1peme silu konektivity v dne\u0161nom digit\u00e1lnom svete a do na\u0161ich elektrobicyklov za\u010dle\u0148ujeme \u0161pi\u010dkov\u00e9 rie\u0161enia konektivity a funkcie bezprobl\u00e9movej integr\u00e1cie. To umo\u017e\u0148uje na\u0161im z\u00e1kazn\u00edkom zosta\u0165 v spojen\u00ed a z\u00e1rove\u0148 si u\u017e\u00edva\u0165 jazdu, \u010do zvy\u0161uje ich celkov\u00fd z\u00e1\u017eitok. na\u0161e elektrick\u00e9 motocykle s\u00fa navrhnut\u00e9 pre modern\u00e9ho spotrebite\u013ea - \u0161t\u00fdlov\u00e9, efekt\u00edvne a inovat\u00edvne. Pon\u00fakaj\u00fa jedine\u010dn\u00fa kombin\u00e1ciu v\u00fdkonu a pohodlia, v\u010faka \u010domu je ka\u017ed\u00e1 jazda radostn\u00fdm z\u00e1\u017eitkom. \u010ci u\u017e doch\u00e1dzate do pr\u00e1ce, alebo sa chyst\u00e1te na rekrea\u010dn\u00fa jazdu, na\u0161e elektrobicykle s\u00fa va\u0161\u00edm dokonal\u00fdm spolo\u010dn\u00edkom. sme viac ako len spolo\u010dnos\u0165. Sme hnutie, ktor\u00e9 sa zaviazalo zmeni\u0165 sp\u00f4sob, ak\u00fdm \u013eudia prem\u00fd\u0161\u013eaj\u00fa o doprave. Sme tu, aby sme nie\u010do zmenili, jeden elektrick\u00fd motocykel za druh\u00fdm. Poz\u00fdvame v\u00e1s, aby ste sa k n\u00e1m pridali na na\u0161ej ceste k ekologickej\u0161ej a udr\u017eate\u013enej\u0161ej bud\u00facnosti.<\/p>","protected":false},"excerpt":{"rendered":"<p>V ru\u0161nej sf\u00e9re elektrick\u00fdch bicyklov je na\u0161a spolo\u010dnos\u0165 maj\u00e1kom inov\u00e1ci\u00ed a efekt\u00edvnosti. Sme popredn\u00fdm subjektom na svetovom trhu s elektrick\u00fdmi motocyklami a vyr\u00e1bame \u0161t\u00fdlov\u00e9 elektrick\u00e9 bicykle na mieru, ktor\u00e9 dokonale sp\u00e1jaj\u00fa funk\u010dnos\u0165 a estetiku. na\u0161ou v\u00edziou je revolu\u010dne zmeni\u0165 odvetvie dopravy t\u00fdm, \u017ee pon\u00fakneme udr\u017eate\u013en\u00fa a n\u00e1kladovo efekt\u00edvnu alternat\u00edvu k tradi\u010dn\u00fdm sp\u00f4sobom ...<\/p>\n<p class=\"read-more\"> <a class=\"\" href=\"https:\/\/electric-bicycles.net\/sk\/\"> <span class=\"screen-reader-text\">o<\/span> \u010c\u00edtajte viac \"<\/a><\/p>","protected":false},"author":1,"featured_media":0,"parent":0,"menu_order":0,"comment_status":"closed","ping_status":"closed","template":"","meta":{"site-sidebar-layout":"default","site-content-layout":"","ast-site-content-layout":"default","site-content-style":"default","site-sidebar-style":"default","ast-global-header-display":"","ast-banner-title-visibility":"","ast-main-header-display":"","ast-hfb-above-header-display":"","ast-hfb-below-header-display":"","ast-hfb-mobile-header-display":"","site-post-title":"","ast-breadcrumbs-content":"","ast-featured-img":"","footer-sml-layout":"","theme-transparent-header-meta":"default","adv-header-id-meta":"","stick-header-meta":"","header-above-stick-meta":"","header-main-stick-meta":"","header-below-stick-meta":"","astra-migrate-meta-layouts":"set","ngg_post_thumbnail":0,"footnotes":""},"class_list":["post-172","page","type-page","status-publish","hentry"],"aioseo_notices":[],"_links":{"self":[{"href":"https:\/\/electric-bicycles.net\/sk\/wp-json\/wp\/v2\/pages\/172","targetHints":{"allow":["GET"]}}],"collection":[{"href":"https:\/\/electric-bicycles.net\/sk\/wp-json\/wp\/v2\/pages"}],"about":[{"href":"https:\/\/electric-bicycles.net\/sk\/wp-json\/wp\/v2\/types\/page"}],"author":[{"embeddable":true,"href":"https:\/\/electric-bicycles.net\/sk\/wp-json\/wp\/v2\/users\/1"}],"replies":[{"embeddable":true,"href":"https:\/\/electric-bicycles.net\/sk\/wp-json\/wp\/v2\/comments?post=172"}],"version-history":[{"count":7,"href":"https:\/\/electric-bicycles.net\/sk\/wp-json\/wp\/v2\/pages\/172\/revisions"}],"predecessor-version":[{"id":376,"href":"https:\/\/electric-bicycles.net\/sk\/wp-json\/wp\/v2\/pages\/172\/revisions\/376"}],"wp:attachment":[{"href":"https:\/\/electric-bicycles.net\/sk\/wp-json\/wp\/v2\/media?parent=172"}],"curies":[{"name":"wp","href":"https:\/\/api.w.org\/{rel}","templated":true}]}}