{"id":196,"date":"2023-08-26T17:31:42","date_gmt":"2023-08-26T09:31:42","guid":{"rendered":"https:\/\/electric-bicycles.net\/?page_id=196"},"modified":"2023-08-26T19:15:45","modified_gmt":"2023-08-26T11:15:45","slug":"a-propos-de","status":"publish","type":"page","link":"https:\/\/electric-bicycles.net\/ru\/\u043f\u043e-\u043f\u043e\u0432\u043e\u0434\u0443\/","title":{"rendered":"\u043f\u043e \u043f\u043e\u0432\u043e\u0434\u0443"},"content":{"rendered":"<p>\u0412 \u043e\u0436\u0438\u0432\u043b\u0435\u043d\u043d\u043e\u043c \u043c\u0438\u0440\u0435 \u044d\u043b\u0435\u043a\u0442\u0440\u0438\u0447\u0435\u0441\u043a\u0438\u0445 \u0432\u0435\u043b\u043e\u0441\u0438\u043f\u0435\u0434\u043e\u0432 \u043d\u0430\u0448\u0435 \u043f\u0440\u0435\u0434\u043f\u0440\u0438\u044f\u0442\u0438\u0435 \u044f\u0432\u043b\u044f\u0435\u0442\u0441\u044f \u043e\u0434\u043d\u0438\u043c \u0438\u0437 \u043b\u0438\u0434\u0435\u0440\u043e\u0432 \u0432 \u043e\u0431\u043b\u0430\u0441\u0442\u0438 \u0438\u043d\u043d\u043e\u0432\u0430\u0446\u0438\u0439 \u0438 \u044d\u0444\u0444\u0435\u043a\u0442\u0438\u0432\u043d\u043e\u0441\u0442\u0438. \u041c\u044b \u044f\u0432\u043b\u044f\u0435\u043c\u0441\u044f \u043f\u0440\u0435\u0434\u043f\u0440\u0438\u044f\u0442\u0438\u0435\u043c \u043f\u0435\u0440\u0432\u043e\u0433\u043e \u043f\u043b\u0430\u043d\u0430 \u043d\u0430 \u043c\u0438\u0440\u043e\u0432\u043e\u043c \u0440\u044b\u043d\u043a\u0435 \u044d\u043b\u0435\u043a\u0442\u0440\u043e\u043c\u043e\u0442\u043e\u0446\u0438\u043a\u043b\u043e\u0432, \u043f\u0440\u043e\u0438\u0437\u0432\u043e\u0434\u044f\u0449\u0438\u043c \u0438\u043d\u0434\u0438\u0432\u0438\u0434\u0443\u0430\u043b\u044c\u043d\u044b\u0435 \u0438 \u044d\u043b\u0435\u0433\u0430\u043d\u0442\u043d\u044b\u0435 \u044d\u043b\u0435\u043a\u0442\u0440\u043e\u0432\u0435\u043b\u043e\u0441\u0438\u043f\u0435\u0434\u044b, \u043e\u0431\u043b\u0430\u0434\u0430\u044e\u0449\u0438\u0435 \u0432\u044b\u0441\u043e\u043a\u0438\u043c\u0438 \u0444\u0443\u043d\u043a\u0446\u0438\u043e\u043d\u0430\u043b\u044c\u043d\u044b\u043c\u0438 \u0438 \u044d\u0441\u0442\u0435\u0442\u0438\u0447\u0435\u0441\u043a\u0438\u043c\u0438 \u0445\u0430\u0440\u0430\u043a\u0442\u0435\u0440\u0438\u0441\u0442\u0438\u043a\u0430\u043c\u0438. \u041d\u0430\u0448\u0430 \u043a\u043e\u043d\u0446\u0435\u043f\u0446\u0438\u044f \u0437\u0430\u043a\u043b\u044e\u0447\u0430\u0435\u0442\u0441\u044f \u0432 \u0442\u043e\u043c, \u0447\u0442\u043e\u0431\u044b \u043f\u0440\u043e\u0438\u0437\u0432\u0435\u0441\u0442\u0438 \u0440\u0435\u0432\u043e\u043b\u044e\u0446\u0438\u044e \u0432 \u0442\u0440\u0430\u043d\u0441\u043f\u043e\u0440\u0442\u043d\u043e\u0439 \u043e\u0442\u0440\u0430\u0441\u043b\u0438, \u043f\u0440\u0435\u0434\u043b\u0430\u0433\u0430\u044f \u0430\u043b\u044c\u0442\u0435\u0440\u043d\u0430\u0442\u0438\u0432\u0443 \u0442\u0440\u0430\u0434\u0438\u0446\u0438\u043e\u043d\u043d\u044b\u043c \u0432\u0438\u0434\u0430\u043c \u0442\u0440\u0430\u043d\u0441\u043f\u043e\u0440\u0442\u0430, \u043a\u043e\u0442\u043e\u0440\u0430\u044f \u0431\u0443\u0434\u0435\u0442 \u0434\u043e\u043b\u0433\u043e\u0432\u0435\u0447\u043d\u043e\u0439 \u0438 \u0440\u0435\u043d\u0442\u0430\u0431\u0435\u043b\u044c\u043d\u043e\u0439. \u042d\u0442\u043e \u0432\u0438\u0434\u0435\u043d\u0438\u0435 \u043d\u0438\u043a\u043e\u0433\u0434\u0430 \u043d\u0435 \u0431\u044b\u043b\u043e \u0441\u0442\u043e\u043b\u044c \u0430\u043a\u0442\u0443\u0430\u043b\u044c\u043d\u044b\u043c, \u043a\u0430\u043a \u0432 \u0441\u0432\u044f\u0437\u0438 \u0441 \u0440\u043e\u0441\u0442\u043e\u043c \u0446\u0435\u043d \u043d\u0430 \u043a\u0430\u0440\u0431\u044e\u0440\u0430\u043d\u0442\u044b \u0438 \u0437\u0430\u043c\u0435\u0442\u043d\u044b\u043c \u0441\u043d\u0438\u0436\u0435\u043d\u0438\u0435\u043c \u0446\u0435\u043d \u043d\u0430 \u0442\u0440\u0430\u043d\u0441\u043f\u043e\u0440\u0442\u043d\u044b\u0435 \u0441\u0440\u0435\u0434\u0441\u0442\u0432\u0430 \u043e\u0431\u0449\u0435\u0433\u043e \u043f\u043e\u043b\u044c\u0437\u043e\u0432\u0430\u043d\u0438\u044f \u0438\u0437-\u0437\u0430 \u043f\u0430\u043d\u0434\u0435\u043c\u0438\u0438 COVID-19. \u041d\u0430\u0448\u0438 \u044d\u043b\u0435\u043a\u0442\u0440\u043e\u043c\u043e\u0431\u0438\u043b\u0438 - \u044d\u0442\u043e \u043d\u0435 \u043f\u0440\u043e\u0441\u0442\u043e \u0432\u0438\u0434 \u0442\u0440\u0430\u043d\u0441\u043f\u043e\u0440\u0442\u0430; \u043e\u043d\u0438 \u0441\u0432\u0438\u0434\u0435\u0442\u0435\u043b\u044c\u0441\u0442\u0432\u0443\u044e\u0442 \u043e \u043d\u0430\u0448\u0435\u043c \u0443\u0447\u0430\u0441\u0442\u0438\u0438 \u0432 \u0441\u043e\u0437\u0434\u0430\u043d\u0438\u0438 \u0440\u0435\u0448\u0435\u043d\u0438\u0439 \u0434\u043b\u044f \u043f\u0443\u0442\u0435\u0448\u0435\u0441\u0442\u0432\u0438\u0439, \u0443\u0432\u0430\u0436\u0430\u044e\u0449\u0438\u0445 \u043e\u043a\u0440\u0443\u0436\u0430\u044e\u0449\u0443\u044e \u0441\u0440\u0435\u0434\u0443. \u041c\u044b \u0432\u0435\u0440\u0438\u043c \u0432 \u0432\u043e\u0437\u043c\u043e\u0436\u043d\u043e\u0441\u0442\u0438 \u0438\u043d\u043d\u043e\u0432\u0430\u0446\u0438\u0439 \u0434\u043b\u044f \u043f\u0440\u0435\u043e\u0434\u043e\u043b\u0435\u043d\u0438\u044f \u0442\u0430\u043a\u0438\u0445 \u043f\u0440\u043e\u0431\u043b\u0435\u043c, \u043a\u0430\u043a \u0432\u044b\u0441\u043e\u043a\u0430\u044f \u0441\u0442\u043e\u0438\u043c\u043e\u0441\u0442\u044c \u043f\u043e\u043a\u0443\u043f\u043a\u0438 \u0438 \u043e\u0442\u0441\u0443\u0442\u0441\u0442\u0432\u0438\u0435 \u043d\u043e\u0440\u043c\u0430\u043b\u044c\u043d\u043e\u0433\u043e \u0440\u0435\u0433\u0443\u043b\u0438\u0440\u043e\u0432\u0430\u043d\u0438\u044f. \u041c\u044b \u0430\u043a\u0442\u0438\u0432\u043d\u043e \u0440\u0430\u0431\u043e\u0442\u0430\u0435\u043c \u043d\u0430\u0434 \u0442\u0435\u043c, \u0447\u0442\u043e\u0431\u044b \u0441\u0434\u0435\u043b\u0430\u0442\u044c \u043d\u0430\u0448\u0438 \u044d\u043b\u0435\u043a\u0442\u0440\u043e\u043c\u043e\u0431\u0438\u043b\u0438 \u0434\u043e\u0441\u0442\u0443\u043f\u043d\u044b\u043c\u0438 \u0434\u043b\u044f \u0432\u0441\u0435\u0445, \u043f\u0440\u0438\u043d\u0438\u043c\u0430\u044f \u0443\u0447\u0430\u0441\u0442\u0438\u0435 \u0432 \u043f\u0440\u0430\u0432\u0438\u0442\u0435\u043b\u044c\u0441\u0442\u0432\u0435\u043d\u043d\u044b\u0445 \u0438\u043d\u0438\u0446\u0438\u0430\u0442\u0438\u0432\u0430\u0445 \u0438 \u0432\u043d\u0435\u0434\u0440\u044f\u044f \u0438\u043d\u043d\u043e\u0432\u0430\u0446\u0438\u043e\u043d\u043d\u044b\u0435 \u0440\u0435\u0448\u0435\u043d\u0438\u044f \u0434\u043b\u044f \u0441\u043d\u0438\u0436\u0435\u043d\u0438\u044f \u0441\u0442\u043e\u0438\u043c\u043e\u0441\u0442\u0438. \u041d\u043e \u043d\u0430\u0448\u0438 \u0430\u043c\u0431\u0438\u0446\u0438\u0438 \u043d\u0435 \u0441\u0442\u043e\u044f\u0442 \u043d\u0430 \u043c\u0435\u0441\u0442\u0435. \u041c\u044b \u043d\u0435 \u0434\u043e\u0432\u043e\u043b\u044c\u0441\u0442\u0432\u0443\u0435\u043c\u0441\u044f \u0441\u043e\u0437\u0434\u0430\u043d\u0438\u0435\u043c \u044d\u043b\u0435\u043a\u0442\u0440\u0438\u0447\u0435\u0441\u043a\u0438\u0445 \u0430\u0432\u0442\u043e\u043c\u043e\u0431\u0438\u043b\u0435\u0439, \u043c\u044b \u0441\u043e\u0437\u0434\u0430\u0435\u043c \u043c\u0430\u0440\u043a\u0443 \u0441\u0442\u0438\u043b\u044f \u0436\u0438\u0437\u043d\u0438. \u041c\u044b \u043f\u043e\u043d\u0438\u043c\u0430\u0435\u043c \u0432\u043e\u0437\u043c\u043e\u0436\u043d\u043e\u0441\u0442\u0438 \u043f\u043e\u0434\u043a\u043b\u044e\u0447\u0435\u043d\u0438\u044f \u0432 \u0441\u043e\u0432\u0440\u0435\u043c\u0435\u043d\u043d\u043e\u043c \u043d\u0443\u043c\u0435\u0440\u0438\u0447\u0435\u0441\u043a\u043e\u043c \u043c\u0438\u0440\u0435 \u0438 \u0432\u043d\u0435\u0434\u0440\u044f\u0435\u043c \u0440\u0435\u0448\u0435\u043d\u0438\u044f \u043f\u043e \u043f\u043e\u0434\u043a\u043b\u044e\u0447\u0435\u043d\u0438\u044e \u0438 \u043f\u0440\u043e\u0437\u0440\u0430\u0447\u043d\u044b\u0435 \u0444\u0443\u043d\u043a\u0446\u0438\u0438 \u0438\u043d\u0442\u0435\u0433\u0440\u0430\u0446\u0438\u0438 \u0432 \u043d\u0430\u0448\u0438 \u044d\u043b\u0435\u043a\u0442\u0440\u043e\u043c\u043e\u0431\u0438\u043b\u0438. \u042d\u0442\u043e \u043f\u043e\u0437\u0432\u043e\u043b\u044f\u0435\u0442 \u043d\u0430\u0448\u0438\u043c \u043a\u043b\u0438\u0435\u043d\u0442\u0430\u043c \u043e\u0441\u0442\u0430\u0432\u0430\u0442\u044c\u0441\u044f \u043d\u0430 \u0441\u0432\u044f\u0437\u0438, \u043f\u043e\u043b\u0443\u0447\u0430\u044f \u043f\u0440\u0438\u0431\u044b\u043b\u044c \u043e\u0442 \u0441\u0432\u043e\u0438\u0445 \u043f\u043e\u0435\u0437\u0434\u043e\u043a \u0438 \u0443\u043b\u0443\u0447\u0448\u0430\u044f \u0433\u043b\u043e\u0431\u0430\u043b\u044c\u043d\u044b\u0439 \u043e\u043f\u044b\u0442. \u041d\u0430\u0448\u0438 \u044d\u043b\u0435\u043a\u0442\u0440\u043e\u043c\u043e\u0431\u0438\u043b\u0438 \u0440\u0430\u0437\u0440\u0430\u0431\u043e\u0442\u0430\u043d\u044b \u0434\u043b\u044f \u0441\u043e\u0432\u0440\u0435\u043c\u0435\u043d\u043d\u043e\u0433\u043e \u043f\u043e\u0442\u0440\u0435\u0431\u0438\u0442\u0435\u043b\u044f - \u044d\u043b\u0435\u0433\u0430\u043d\u0442\u043d\u044b\u0435, \u044d\u0444\u0444\u0435\u043a\u0442\u0438\u0432\u043d\u044b\u0435 \u0438 \u0438\u043d\u043d\u043e\u0432\u0430\u0446\u0438\u043e\u043d\u043d\u044b\u0435. \u041e\u043d\u0438 \u043f\u0440\u0435\u0434\u043b\u0430\u0433\u0430\u044e\u0442 \u0443\u043d\u0438\u043a\u0430\u043b\u044c\u043d\u043e\u0435 \u0441\u043e\u0447\u0435\u0442\u0430\u043d\u0438\u0435 \u043f\u0440\u043e\u0438\u0437\u0432\u043e\u0434\u0438\u0442\u0435\u043b\u044c\u043d\u043e\u0441\u0442\u0438 \u0438 \u043a\u043e\u043c\u0444\u043e\u0440\u0442\u0430, \u0434\u0435\u043b\u0430\u044f \u043a\u0430\u0436\u0434\u0443\u044e \u043f\u043e\u0435\u0437\u0434\u043a\u0443 \u043f\u0440\u0438\u044f\u0442\u043d\u044b\u043c \u043e\u043f\u044b\u0442\u043e\u043c. \u0415\u0441\u043b\u0438 \u0432\u044b \u043e\u0442\u043f\u0440\u0430\u0432\u043b\u044f\u0435\u0442\u0435\u0441\u044c \u043d\u0430 \u0440\u0430\u0431\u043e\u0442\u0443 \u0438\u043b\u0438 \u0441\u043f\u043e\u043a\u043e\u0439\u043d\u043e \u043f\u0440\u043e\u0433\u0443\u043b\u0438\u0432\u0430\u0435\u0442\u0435\u0441\u044c, \u043d\u0430\u0448\u0438 \u044d\u043b\u0435\u043a\u0442\u0440\u043e\u043c\u043e\u0431\u0438\u043b\u0438 - \u044d\u0442\u043e \u0432\u0430\u0448 \u0438\u0434\u0435\u0430\u043b\u044c\u043d\u044b\u0439 \u043a\u043e\u043c\u043f\u0430\u043d\u044c\u043e\u043d. \u041c\u044b - \u043d\u0435 \u043f\u0440\u043e\u0441\u0442\u043e \u043f\u0440\u0435\u0434\u043f\u0440\u0438\u044f\u0442\u0438\u0435. \u041c\u044b \u044f\u0432\u043b\u044f\u0435\u043c\u0441\u044f \u0434\u0432\u0438\u0436\u0435\u043d\u0438\u0435\u043c, \u043a\u043e\u0442\u043e\u0440\u043e\u0435 \u0441\u0442\u0440\u0435\u043c\u0438\u0442\u0441\u044f \u0438\u0437\u043c\u0435\u043d\u0438\u0442\u044c \u0441\u043f\u043e\u0441\u043e\u0431, \u043a\u043e\u0442\u043e\u0440\u044b\u043c \u043b\u044e\u0434\u0438 \u043f\u043e\u043b\u044c\u0437\u0443\u044e\u0442\u0441\u044f \u0442\u0440\u0430\u043d\u0441\u043f\u043e\u0440\u0442\u043e\u043c. \u041c\u044b \u0437\u0434\u0435\u0441\u044c \u0434\u043b\u044f \u0442\u043e\u0433\u043e, \u0447\u0442\u043e\u0431\u044b \u0441\u0434\u0435\u043b\u0430\u0442\u044c \u0440\u0430\u0437\u043d\u0438\u0446\u0443, \u043e\u0434\u0438\u043d \u044d\u043b\u0435\u043a\u0442\u0440\u0438\u0447\u0435\u0441\u043a\u0438\u0439 \u043c\u043e\u0442\u043e\u0446\u0438\u043a\u043b. \u041c\u044b \u043f\u0440\u0438\u0433\u043b\u0430\u0448\u0430\u0435\u043c \u0432\u0430\u0441 \u043f\u0440\u0438\u0441\u043e\u0435\u0434\u0438\u043d\u0438\u0442\u044c\u0441\u044f \u043a \u043d\u0430\u043c \u0432 \u043d\u0430\u0448\u0435\u043c \u043f\u0443\u0442\u0435\u0448\u0435\u0441\u0442\u0432\u0438\u0438 \u0432 \u0431\u0443\u0434\u0443\u0449\u0435\u0435, \u043a\u043e\u0442\u043e\u0440\u043e\u0435 \u0431\u0443\u0434\u0435\u0442 \u0431\u043e\u043b\u0435\u0435 \u0434\u0438\u043d\u0430\u043c\u0438\u0447\u043d\u044b\u043c \u0438 \u0434\u043e\u043b\u0433\u043e\u0432\u0435\u0447\u043d\u044b\u043c.<\/p>","protected":false},"excerpt":{"rendered":"<p>Dans la sph\u00e8re anim\u00e9e des bicyclettes \u00e9lectriques, notre entreprise se pr\u00e9sente comme un phare de l&#8217;innovation et de l&#8217;efficacit\u00e9. Nous sommes une entit\u00e9 de premier plan sur le march\u00e9 mondial des motos \u00e9lectriques, fabriquant des v\u00e9los \u00e9lectriques personnalis\u00e9s et \u00e9l\u00e9gants qui allient parfaitement fonctionnalit\u00e9 et esth\u00e9tique. Notre vision est de r\u00e9volutionner l&#8217;industrie du transport en &hellip;<\/p>\n<p class=\"read-more\"> <a class=\"\" href=\"https:\/\/electric-bicycles.net\/ru\/\u043f\u043e-\u043f\u043e\u0432\u043e\u0434\u0443\/\"> <span class=\"screen-reader-text\">\u043f\u043e \u043f\u043e\u0432\u043e\u0434\u0443<\/span> \u0427\u0438\u0442\u0430\u0442\u044c \u0434\u0430\u043b\u0435\u0435 \"<\/a><\/p>","protected":false},"author":1,"featured_media":0,"parent":0,"menu_order":0,"comment_status":"closed","ping_status":"closed","template":"","meta":{"site-sidebar-layout":"default","site-content-layout":"","ast-site-content-layout":"default","site-content-style":"default","site-sidebar-style":"default","ast-global-header-display":"","ast-banner-title-visibility":"","ast-main-header-display":"","ast-hfb-above-header-display":"","ast-hfb-below-header-display":"","ast-hfb-mobile-header-display":"","site-post-title":"","ast-breadcrumbs-content":"","ast-featured-img":"","footer-sml-layout":"","theme-transparent-header-meta":"default","adv-header-id-meta":"","stick-header-meta":"","header-above-stick-meta":"","header-main-stick-meta":"","header-below-stick-meta":"","astra-migrate-meta-layouts":"set","ngg_post_thumbnail":0,"footnotes":""},"class_list":["post-196","page","type-page","status-publish","hentry"],"aioseo_notices":[],"_links":{"self":[{"href":"https:\/\/electric-bicycles.net\/ru\/wp-json\/wp\/v2\/pages\/196","targetHints":{"allow":["GET"]}}],"collection":[{"href":"https:\/\/electric-bicycles.net\/ru\/wp-json\/wp\/v2\/pages"}],"about":[{"href":"https:\/\/electric-bicycles.net\/ru\/wp-json\/wp\/v2\/types\/page"}],"author":[{"embeddable":true,"href":"https:\/\/electric-bicycles.net\/ru\/wp-json\/wp\/v2\/users\/1"}],"replies":[{"embeddable":true,"href":"https:\/\/electric-bicycles.net\/ru\/wp-json\/wp\/v2\/comments?post=196"}],"version-history":[{"count":1,"href":"https:\/\/electric-bicycles.net\/ru\/wp-json\/wp\/v2\/pages\/196\/revisions"}],"predecessor-version":[{"id":197,"href":"https:\/\/electric-bicycles.net\/ru\/wp-json\/wp\/v2\/pages\/196\/revisions\/197"}],"wp:attachment":[{"href":"https:\/\/electric-bicycles.net\/ru\/wp-json\/wp\/v2\/media?parent=196"}],"curies":[{"name":"wp","href":"https:\/\/api.w.org\/{rel}","templated":true}]}}