{"id":196,"date":"2023-08-26T17:31:42","date_gmt":"2023-08-26T09:31:42","guid":{"rendered":"https:\/\/electric-bicycles.net\/?page_id=196"},"modified":"2023-08-26T19:15:45","modified_gmt":"2023-08-26T11:15:45","slug":"a-propos-de","status":"publish","type":"page","link":"https:\/\/electric-bicycles.net\/ro\/a-propos-de\/","title":{"rendered":"\u00e0 propos de"},"content":{"rendered":"<p>\u00cen sfera plin\u0103 de via\u021b\u0103 a bicicletelor electrice, \u00eentreprinderea noastr\u0103 se prezint\u0103 ca un factor de inova\u021bie \u0219i eficien\u021b\u0103. Suntem o entitate de prim plan pe pia\u021ba mondial\u0103 a motocicletelor electrice, fabric\u00e2nd biciclete electrice personalizate \u0219i elegante, care sunt perfect func\u021bionale \u0219i estetice. Viziunea noastr\u0103 este de a revolu\u021biona industria de transport, oferind o alternativ\u0103 durabil\u0103 \u0219i rentabil\u0103 la mijloacele de transport tradi\u021bionale. Aceast\u0103 viziune nu a mai fost niciodat\u0103 at\u00e2t de relevant\u0103 ca \u00een contextul cre\u0219terii pre\u021bului carburan\u021bilor \u0219i al declinului notabil al transporturilor \u00een comun datorat pandemiei COVID-19.Vehiculele noastre electrice sunt mai mult dec\u00e2t un simplu mijloc de transport; ele sunt dovada angajamentului nostru de a crea solu\u021bii de c\u0103l\u0103torie care s\u0103 respecte mediul \u00eenconjur\u0103tor. Credem \u00een puterea de inovare pentru a dep\u0103\u0219i provoc\u0103rile, cum ar fi costurile de achizi\u021bie ridicate \u0219i absen\u021ba unei reglement\u0103ri normale. Lucr\u0103m \u00een mod activ pentru a face ca vehiculele noastre electrice s\u0103 fie accesibile tuturor, f\u0103c\u00e2nd parte din stimulentele guvernamentale \u0219i introduc\u00e2nd solu\u021bii inovatoare pentru reducerea costurilor. Dar ambi\u021bia noastr\u0103 nu se opre\u0219te aici. Nu ne mul\u021bumim s\u0103 cre\u0103m vehicule electrice, ci construim o marc\u0103 de stil de via\u021b\u0103. \u00cen\u021belegem puterea conectivit\u0103\u021bii \u00een lumea digital\u0103 de ast\u0103zi \u0219i \u00eencorpor\u0103m solu\u021bii de conectivitate de v\u00e2rf \u0219i func\u021bii de integrare transparente \u00een aparatele noastre electrice. Acest lucru le permite clien\u021bilor no\u0219tri s\u0103 r\u0103m\u00e2n\u0103 conecta\u021bi \u0219i s\u0103 profite de c\u0103l\u0103toria lor, \u00eembun\u0103t\u0103\u021bind astfel experien\u021ba lor la nivel global.Vehiculele noastre electrice sunt concepute pentru consumatorii moderni - elegante, eficiente \u0219i inovatoare. Ele ofer\u0103 un amestec unic de performan\u021b\u0103 \u0219i confort, f\u0103c\u00e2nd din fiecare c\u0103l\u0103torie o experien\u021b\u0103 pl\u0103cut\u0103. Fie c\u0103 v\u0103 afla\u021bi la locul de munc\u0103, fie c\u0103 v\u0103 plimba\u021bi lini\u0219tit, vehiculele noastre electrice sunt partenerul dumneavoastr\u0103 ideal.Suntem mai mult dec\u00e2t o simpl\u0103 \u00eentreprindere. Suntem o mi\u0219care care se angajeaz\u0103 s\u0103 schimbe modul \u00een care oamenii privesc transportul. Suntem acolo pentru a face diferen\u021ba, o motociclet\u0103 electric\u0103 de fiecare dat\u0103. V\u0103 invit\u0103m s\u0103 ne \u00eenso\u021bi\u021bi \u00een c\u0103l\u0103toria noastr\u0103 spre un viitor mai verde \u0219i mai durabil.<\/p>","protected":false},"excerpt":{"rendered":"<p>\u00cen sfera animat\u0103 a bicicletelor electrice, \u00eentreprinderea noastr\u0103 se prezint\u0103 ca un factor de inovare \u0219i eficien\u021b\u0103. Suntem o entitate de prim plan pe pia\u021ba mondial\u0103 a motocicletelor electrice, fabric\u00e2nd vehicule electrice personalizate \u0219i elegante care au func\u021bionalitate \u0219i estetic\u0103 excelente. Viziunea noastr\u0103 este de a revolu\u021biona industria transportului \u00een ...<\/p>\n<p class=\"read-more\"> <a class=\"\" href=\"https:\/\/electric-bicycles.net\/ro\/a-propos-de\/\"> <span class=\"screen-reader-text\">\u00e0 propos de<\/span> Cite\u0219te mai mult \"<\/a><\/p>","protected":false},"author":1,"featured_media":0,"parent":0,"menu_order":0,"comment_status":"closed","ping_status":"closed","template":"","meta":{"site-sidebar-layout":"default","site-content-layout":"","ast-site-content-layout":"default","site-content-style":"default","site-sidebar-style":"default","ast-global-header-display":"","ast-banner-title-visibility":"","ast-main-header-display":"","ast-hfb-above-header-display":"","ast-hfb-below-header-display":"","ast-hfb-mobile-header-display":"","site-post-title":"","ast-breadcrumbs-content":"","ast-featured-img":"","footer-sml-layout":"","theme-transparent-header-meta":"default","adv-header-id-meta":"","stick-header-meta":"","header-above-stick-meta":"","header-main-stick-meta":"","header-below-stick-meta":"","astra-migrate-meta-layouts":"set","ngg_post_thumbnail":0,"footnotes":""},"class_list":["post-196","page","type-page","status-publish","hentry"],"aioseo_notices":[],"_links":{"self":[{"href":"https:\/\/electric-bicycles.net\/ro\/wp-json\/wp\/v2\/pages\/196","targetHints":{"allow":["GET"]}}],"collection":[{"href":"https:\/\/electric-bicycles.net\/ro\/wp-json\/wp\/v2\/pages"}],"about":[{"href":"https:\/\/electric-bicycles.net\/ro\/wp-json\/wp\/v2\/types\/page"}],"author":[{"embeddable":true,"href":"https:\/\/electric-bicycles.net\/ro\/wp-json\/wp\/v2\/users\/1"}],"replies":[{"embeddable":true,"href":"https:\/\/electric-bicycles.net\/ro\/wp-json\/wp\/v2\/comments?post=196"}],"version-history":[{"count":1,"href":"https:\/\/electric-bicycles.net\/ro\/wp-json\/wp\/v2\/pages\/196\/revisions"}],"predecessor-version":[{"id":197,"href":"https:\/\/electric-bicycles.net\/ro\/wp-json\/wp\/v2\/pages\/196\/revisions\/197"}],"wp:attachment":[{"href":"https:\/\/electric-bicycles.net\/ro\/wp-json\/wp\/v2\/media?parent=196"}],"curies":[{"name":"wp","href":"https:\/\/api.w.org\/{rel}","templated":true}]}}