{"id":172,"date":"2023-08-26T17:31:42","date_gmt":"2023-08-26T09:31:42","guid":{"rendered":"https:\/\/electric-bicycles.net\/?page_id=172"},"modified":"2024-05-31T07:56:58","modified_gmt":"2024-05-30T23:56:58","slug":"about","status":"publish","type":"page","link":"https:\/\/electric-bicycles.net\/ro\/","title":{"rendered":"despre"},"content":{"rendered":"<p><img loading=\"lazy\" decoding=\"async\" class=\"size-full wp-image-184 aligncenter\" src=\"http:\/\/electric-bicycles.net\/wp-content\/uploads\/2023\/08\/banners-of-electric-bicycles.jpg\" alt=\"bannere de biciclete electrice\" width=\"800\" height=\"534\" srcset=\"https:\/\/electric-bicycles.net\/wp-content\/uploads\/2023\/08\/banners-of-electric-bicycles.jpg 800w, https:\/\/electric-bicycles.net\/wp-content\/uploads\/2023\/08\/banners-of-electric-bicycles-300x200.jpg 300w, https:\/\/electric-bicycles.net\/wp-content\/uploads\/2023\/08\/banners-of-electric-bicycles-768x513.jpg 768w\" sizes=\"auto, (max-width: 800px) 100vw, 800px\" \/><\/p>\n<p>\u00cen sfera plin\u0103 de via\u021b\u0103 a bicicletelor electrice, compania noastr\u0103 este un far al inova\u021biei \u0219i eficien\u021bei. Suntem o entitate de top pe pia\u021ba global\u0103 a motocicletelor electrice, cre\u00e2nd biciclete electrice personalizate \u0219i elegante, care \u00eembin\u0103 perfect func\u021bionalitatea \u0219i estetica.Viziunea noastr\u0103 este de a revolu\u021biona industria transporturilor, oferind o alternativ\u0103 sustenabil\u0103 \u0219i rentabil\u0103 la modurile tradi\u021bionale de deplasare. Aceast\u0103 viziune nu a fost niciodat\u0103 mai relevant\u0103 dec\u00e2t \u00een urma cre\u0219terii costurilor combustibilului \u0219i a declinului vizibil al transportului \u00een comun din cauza pandemiei COVID-19. Bicicletele noastre electrice sunt mai mult dec\u00e2t un simplu mijloc de transport; ele sunt o dovad\u0103 a angajamentului nostru de a crea solu\u021bii de c\u0103l\u0103torie ecologice. Credem \u00een puterea inova\u021biei pentru a dep\u0103\u0219i provoc\u0103ri precum costurile ridicate de achizi\u021bie \u0219i lipsa unei reglement\u0103ri standardizate. Lucr\u0103m \u00een mod activ pentru a face bicicletele noastre electrice accesibile tuturor, valorific\u00e2nd stimulentele guvernamentale \u0219i introduc\u00e2nd solu\u021bii inovatoare pentru a reduce costurile. \u00eens\u0103 ambi\u021bia noastr\u0103 nu se opre\u0219te aici. Nu ne rezum\u0103m doar la a crea <strong>biciclete electrice, baterie cu litiu, baterii cu litiu, baterii cu litiu<\/strong>; construim un brand de lifestyle. \u00cen\u021belegem puterea conectivit\u0103\u021bii \u00een lumea digital\u0103 de ast\u0103zi \u0219i \u00eencorpor\u0103m solu\u021bii de conectivitate de ultim\u0103 genera\u021bie \u0219i caracteristici de integrare perfect\u0103 \u00een bicicletele noastre electrice. Acest lucru le permite clien\u021bilor no\u0219tri s\u0103 r\u0103m\u00e2n\u0103 conecta\u021bi \u00een timp ce se bucur\u0103 de plimbare, \u00eembun\u0103t\u0103\u021bind experien\u021ba lor general\u0103. motocicleta noastr\u0103 electric\u0103 este proiectat\u0103 pentru consumatorul modern - elegant\u0103, eficient\u0103 \u0219i inovatoare. Acestea ofer\u0103 un amestec unic de performan\u021b\u0103 \u0219i confort, f\u0103c\u00e2nd din fiecare plimbare o experien\u021b\u0103 pl\u0103cut\u0103. Fie c\u0103 face\u021bi naveta la serviciu sau merge\u021bi la o plimbare pe \u00eendelete, bicicletele noastre electrice sunt tovar\u0103\u0219ul dvs. perfect.suntem mai mult dec\u00e2t o companie. Suntem o mi\u0219care, angajat\u0103 s\u0103 schimb\u0103m modul \u00een care oamenii se g\u00e2ndesc la transport. Suntem aici pentru a face o diferen\u021b\u0103, o motociclet\u0103 electric\u0103 la un moment dat. V\u0103 invit\u0103m s\u0103 ni v\u0103 al\u0103tura\u021bi \u00een c\u0103l\u0103toria noastr\u0103 spre un viitor mai verde \u0219i mai sustenabil.<\/p>","protected":false},"excerpt":{"rendered":"<p>In the bustling sphere of electric bicycles, our company stands as a beacon of innovation and efficiency. We are a leading entity in the global electric motorcycle market, crafting custom-made, stylish electric bicycles that perfectly blend functionality and aesthetics.Our vision is to revolutionize the transportation industry by offering a sustainable, cost-effective alternative to traditional modes &hellip;<\/p>\n<p class=\"read-more\"> <a class=\"\" href=\"https:\/\/electric-bicycles.net\/ro\/\"> <span class=\"screen-reader-text\">despre<\/span> Cite\u0219te mai mult \"<\/a><\/p>","protected":false},"author":1,"featured_media":0,"parent":0,"menu_order":0,"comment_status":"closed","ping_status":"closed","template":"","meta":{"site-sidebar-layout":"default","site-content-layout":"","ast-site-content-layout":"default","site-content-style":"default","site-sidebar-style":"default","ast-global-header-display":"","ast-banner-title-visibility":"","ast-main-header-display":"","ast-hfb-above-header-display":"","ast-hfb-below-header-display":"","ast-hfb-mobile-header-display":"","site-post-title":"","ast-breadcrumbs-content":"","ast-featured-img":"","footer-sml-layout":"","theme-transparent-header-meta":"default","adv-header-id-meta":"","stick-header-meta":"","header-above-stick-meta":"","header-main-stick-meta":"","header-below-stick-meta":"","astra-migrate-meta-layouts":"set","ngg_post_thumbnail":0,"footnotes":""},"class_list":["post-172","page","type-page","status-publish","hentry"],"aioseo_notices":[],"_links":{"self":[{"href":"https:\/\/electric-bicycles.net\/ro\/wp-json\/wp\/v2\/pages\/172","targetHints":{"allow":["GET"]}}],"collection":[{"href":"https:\/\/electric-bicycles.net\/ro\/wp-json\/wp\/v2\/pages"}],"about":[{"href":"https:\/\/electric-bicycles.net\/ro\/wp-json\/wp\/v2\/types\/page"}],"author":[{"embeddable":true,"href":"https:\/\/electric-bicycles.net\/ro\/wp-json\/wp\/v2\/users\/1"}],"replies":[{"embeddable":true,"href":"https:\/\/electric-bicycles.net\/ro\/wp-json\/wp\/v2\/comments?post=172"}],"version-history":[{"count":7,"href":"https:\/\/electric-bicycles.net\/ro\/wp-json\/wp\/v2\/pages\/172\/revisions"}],"predecessor-version":[{"id":376,"href":"https:\/\/electric-bicycles.net\/ro\/wp-json\/wp\/v2\/pages\/172\/revisions\/376"}],"wp:attachment":[{"href":"https:\/\/electric-bicycles.net\/ro\/wp-json\/wp\/v2\/media?parent=172"}],"curies":[{"name":"wp","href":"https:\/\/api.w.org\/{rel}","templated":true}]}}