{"id":196,"date":"2023-08-26T17:31:42","date_gmt":"2023-08-26T09:31:42","guid":{"rendered":"https:\/\/electric-bicycles.net\/?page_id=196"},"modified":"2023-08-26T19:15:45","modified_gmt":"2023-08-26T11:15:45","slug":"a-propos-de","status":"publish","type":"page","link":"https:\/\/electric-bicycles.net\/pt\/a-propos-de\/","title":{"rendered":"\u00e0 propos de"},"content":{"rendered":"<p>No cen\u00e1rio animado das bicicletas el\u00e9tricas, nossa empresa se destaca como uma pe\u00e7a de inova\u00e7\u00e3o e efici\u00eancia. Somos uma entidade de primeiro plano no mercado mundial de motocicletas el\u00e9tricas, fabricando ve\u00edculos el\u00e9tricos personalizados e elegantes que oferecem excelente funcionalidade e est\u00e9tica. Nossa vis\u00e3o \u00e9 revolucionar o setor de transportes, oferecendo uma alternativa dur\u00e1vel e rent\u00e1vel aos meios de transporte tradicionais. Essa vis\u00e3o nunca foi t\u00e3o pertinente quanto no contexto do aumento do pre\u00e7o dos combust\u00edveis e da queda not\u00e1vel dos transportes em comum devido \u00e0 pandemia da COVID-19. Nossos ve\u00edculos el\u00e9tricos s\u00e3o mais do que um simples meio de transporte; eles demonstram nosso compromisso em criar solu\u00e7\u00f5es de viagem que respeitem o meio ambiente. Acreditamos no poder da inova\u00e7\u00e3o para superar os desafios, como os altos custos de aquisi\u00e7\u00e3o e a aus\u00eancia de regulamenta\u00e7\u00e3o normalizada. Estamos trabalhando ativamente para tornar nossos ve\u00edculos el\u00e9tricos acess\u00edveis a todos, participando dos incentivos governamentais e introduzindo solu\u00e7\u00f5es inovadoras para reduzir os custos. Mais nossa ambi\u00e7\u00e3o n\u00e3o para por a\u00ed. N\u00e3o nos contentamos em criar ve\u00edculos el\u00e9tricos, estamos construindo uma marca de estilo de vida. Compreendemos o poder da conectividade no mundo num\u00e9rico de hoje e incorporamos solu\u00e7\u00f5es de conectividade de ponta e fun\u00e7\u00f5es de integra\u00e7\u00e3o transparentes em nossos ve\u00edculos el\u00e9tricos. Isso permite que nossos clientes permane\u00e7am conectados e aproveitem sua trajet\u00f3ria, melhorando sua experi\u00eancia global. Nossas motocicletas el\u00e9tricas s\u00e3o projetadas para o consumidor moderno - elegantes, eficientes e inovadoras. Elas oferecem uma combina\u00e7\u00e3o \u00fanica de desempenho e conforto, fazendo com que cada viagem seja uma experi\u00eancia agrad\u00e1vel. Quer voc\u00ea esteja trabalhando ou passeando tranquilamente, nossos ve\u00edculos el\u00e9tricos s\u00e3o seu companheiro ideal. Somos um movimento que est\u00e1 empenhado em mudar a forma como as pessoas encaram o transporte. Estamos aqui para fazer a diferen\u00e7a, uma motocicleta el\u00e9trica \u00e0 primeira vista. Convidamos voc\u00ea a se juntar a n\u00f3s em nossa viagem rumo a um futuro mais verde e mais duradouro.<\/p>","protected":false},"excerpt":{"rendered":"<p>Dans la sph\u00e8re anim\u00e9e des bicyclettes \u00e9lectriques, notre entreprise se pr\u00e9sente comme un phare de l&#8217;innovation et de l&#8217;efficacit\u00e9. Nous sommes une entit\u00e9 de premier plan sur le march\u00e9 mondial des motos \u00e9lectriques, fabriquant des v\u00e9los \u00e9lectriques personnalis\u00e9s et \u00e9l\u00e9gants qui allient parfaitement fonctionnalit\u00e9 et esth\u00e9tique. Notre vision est de r\u00e9volutionner l&#8217;industrie du transport en &hellip;<\/p>\n<p class=\"read-more\"> <a class=\"\" href=\"https:\/\/electric-bicycles.net\/pt\/a-propos-de\/\"> <span class=\"screen-reader-text\">\u00e0 propos de<\/span> Leia mais \"<\/a><\/p>","protected":false},"author":1,"featured_media":0,"parent":0,"menu_order":0,"comment_status":"closed","ping_status":"closed","template":"","meta":{"site-sidebar-layout":"default","site-content-layout":"","ast-site-content-layout":"default","site-content-style":"default","site-sidebar-style":"default","ast-global-header-display":"","ast-banner-title-visibility":"","ast-main-header-display":"","ast-hfb-above-header-display":"","ast-hfb-below-header-display":"","ast-hfb-mobile-header-display":"","site-post-title":"","ast-breadcrumbs-content":"","ast-featured-img":"","footer-sml-layout":"","theme-transparent-header-meta":"default","adv-header-id-meta":"","stick-header-meta":"","header-above-stick-meta":"","header-main-stick-meta":"","header-below-stick-meta":"","astra-migrate-meta-layouts":"set","ngg_post_thumbnail":0,"footnotes":""},"class_list":["post-196","page","type-page","status-publish","hentry"],"aioseo_notices":[],"_links":{"self":[{"href":"https:\/\/electric-bicycles.net\/pt\/wp-json\/wp\/v2\/pages\/196","targetHints":{"allow":["GET"]}}],"collection":[{"href":"https:\/\/electric-bicycles.net\/pt\/wp-json\/wp\/v2\/pages"}],"about":[{"href":"https:\/\/electric-bicycles.net\/pt\/wp-json\/wp\/v2\/types\/page"}],"author":[{"embeddable":true,"href":"https:\/\/electric-bicycles.net\/pt\/wp-json\/wp\/v2\/users\/1"}],"replies":[{"embeddable":true,"href":"https:\/\/electric-bicycles.net\/pt\/wp-json\/wp\/v2\/comments?post=196"}],"version-history":[{"count":1,"href":"https:\/\/electric-bicycles.net\/pt\/wp-json\/wp\/v2\/pages\/196\/revisions"}],"predecessor-version":[{"id":197,"href":"https:\/\/electric-bicycles.net\/pt\/wp-json\/wp\/v2\/pages\/196\/revisions\/197"}],"wp:attachment":[{"href":"https:\/\/electric-bicycles.net\/pt\/wp-json\/wp\/v2\/media?parent=196"}],"curies":[{"name":"wp","href":"https:\/\/api.w.org\/{rel}","templated":true}]}}