{"id":172,"date":"2023-08-26T17:31:42","date_gmt":"2023-08-26T09:31:42","guid":{"rendered":"https:\/\/electric-bicycles.net\/?page_id=172"},"modified":"2024-05-31T07:56:58","modified_gmt":"2024-05-30T23:56:58","slug":"about","status":"publish","type":"page","link":"https:\/\/electric-bicycles.net\/pt\/","title":{"rendered":"sobre"},"content":{"rendered":"<p><img loading=\"lazy\" decoding=\"async\" class=\"size-full wp-image-184 aligncenter\" src=\"http:\/\/electric-bicycles.net\/wp-content\/uploads\/2023\/08\/banners-of-electric-bicycles.jpg\" alt=\"banners de bicicletas el\u00e9tricas\" width=\"800\" height=\"534\" srcset=\"https:\/\/electric-bicycles.net\/wp-content\/uploads\/2023\/08\/banners-of-electric-bicycles.jpg 800w, https:\/\/electric-bicycles.net\/wp-content\/uploads\/2023\/08\/banners-of-electric-bicycles-300x200.jpg 300w, https:\/\/electric-bicycles.net\/wp-content\/uploads\/2023\/08\/banners-of-electric-bicycles-768x513.jpg 768w\" sizes=\"auto, (max-width: 800px) 100vw, 800px\" \/><\/p>\n<p>Na movimentada esfera das bicicletas el\u00e9tricas, nossa empresa se destaca como um farol de inova\u00e7\u00e3o e efici\u00eancia. Somos uma entidade l\u00edder no mercado global de motocicletas el\u00e9tricas, fabricando bicicletas el\u00e9tricas personalizadas e elegantes que combinam perfeitamente funcionalidade e est\u00e9tica. Nossa vis\u00e3o \u00e9 revolucionar o setor de transportes, oferecendo uma alternativa sustent\u00e1vel e econ\u00f4mica aos modos tradicionais de deslocamento. Nossa vis\u00e3o \u00e9 revolucionar o setor de transporte, oferecendo uma alternativa sustent\u00e1vel e econ\u00f4mica aos meios de transporte tradicionais. Essa vis\u00e3o nunca foi t\u00e3o relevante quanto na esteira do aumento dos custos de combust\u00edvel e do not\u00e1vel decl\u00ednio do transporte p\u00fablico devido \u00e0 pandemia da COVID-19. Acreditamos no poder da inova\u00e7\u00e3o para superar desafios como os altos custos de aquisi\u00e7\u00e3o e a falta de regulamenta\u00e7\u00e3o padronizada. Estamos trabalhando ativamente para tornar nossas bicicletas el\u00e9tricas acess\u00edveis a todos, aproveitando os incentivos governamentais e introduzindo solu\u00e7\u00f5es inovadoras para reduzir os custos. N\u00e3o estamos apenas criando <strong>bicicletas el\u00e9tricas, bateria de l\u00edtio, baterias de l\u00edtio<\/strong>Estamos construindo uma marca de estilo de vida. Entendemos o poder da conectividade no mundo digital de hoje e estamos incorporando solu\u00e7\u00f5es de conectividade de ponta e recursos de integra\u00e7\u00e3o perfeita em nossas bicicletas el\u00e9tricas. Isso permite que nossos clientes permane\u00e7am conectados enquanto desfrutam de seu passeio, aprimorando sua experi\u00eancia geral. Nossas motocicletas el\u00e9tricas s\u00e3o projetadas para o consumidor moderno - elegantes, eficientes e inovadoras. Elas oferecem uma combina\u00e7\u00e3o \u00fanica de desempenho e conforto, tornando cada passeio uma experi\u00eancia agrad\u00e1vel. Seja para ir ao trabalho ou para um passeio de lazer, nossas bicicletas el\u00e9tricas s\u00e3o a companhia perfeita para voc\u00ea.Somos mais do que apenas uma empresa. Somos um movimento, comprometido em mudar a maneira como as pessoas pensam sobre o transporte. Estamos aqui para fazer a diferen\u00e7a, uma motocicleta el\u00e9trica de cada vez. Convidamos voc\u00ea a se juntar a n\u00f3s em nossa jornada rumo a um futuro mais verde e sustent\u00e1vel.<\/p>","protected":false},"excerpt":{"rendered":"<p>Na movimentada esfera das bicicletas el\u00e9tricas, nossa empresa se destaca como um farol de inova\u00e7\u00e3o e efici\u00eancia. Somos uma entidade l\u00edder no mercado global de motocicletas el\u00e9tricas, fabricando bicicletas el\u00e9tricas personalizadas e elegantes que combinam perfeitamente funcionalidade e est\u00e9tica. Nossa vis\u00e3o \u00e9 revolucionar o setor de transporte, oferecendo uma alternativa sustent\u00e1vel e econ\u00f4mica aos modos tradicionais ...<\/p>\n<p class=\"read-more\"> <a class=\"\" href=\"https:\/\/electric-bicycles.net\/pt\/\"> <span class=\"screen-reader-text\">sobre<\/span> Leia mais \"<\/a><\/p>","protected":false},"author":1,"featured_media":0,"parent":0,"menu_order":0,"comment_status":"closed","ping_status":"closed","template":"","meta":{"site-sidebar-layout":"default","site-content-layout":"","ast-site-content-layout":"default","site-content-style":"default","site-sidebar-style":"default","ast-global-header-display":"","ast-banner-title-visibility":"","ast-main-header-display":"","ast-hfb-above-header-display":"","ast-hfb-below-header-display":"","ast-hfb-mobile-header-display":"","site-post-title":"","ast-breadcrumbs-content":"","ast-featured-img":"","footer-sml-layout":"","theme-transparent-header-meta":"default","adv-header-id-meta":"","stick-header-meta":"","header-above-stick-meta":"","header-main-stick-meta":"","header-below-stick-meta":"","astra-migrate-meta-layouts":"set","ngg_post_thumbnail":0,"footnotes":""},"class_list":["post-172","page","type-page","status-publish","hentry"],"aioseo_notices":[],"_links":{"self":[{"href":"https:\/\/electric-bicycles.net\/pt\/wp-json\/wp\/v2\/pages\/172","targetHints":{"allow":["GET"]}}],"collection":[{"href":"https:\/\/electric-bicycles.net\/pt\/wp-json\/wp\/v2\/pages"}],"about":[{"href":"https:\/\/electric-bicycles.net\/pt\/wp-json\/wp\/v2\/types\/page"}],"author":[{"embeddable":true,"href":"https:\/\/electric-bicycles.net\/pt\/wp-json\/wp\/v2\/users\/1"}],"replies":[{"embeddable":true,"href":"https:\/\/electric-bicycles.net\/pt\/wp-json\/wp\/v2\/comments?post=172"}],"version-history":[{"count":7,"href":"https:\/\/electric-bicycles.net\/pt\/wp-json\/wp\/v2\/pages\/172\/revisions"}],"predecessor-version":[{"id":376,"href":"https:\/\/electric-bicycles.net\/pt\/wp-json\/wp\/v2\/pages\/172\/revisions\/376"}],"wp:attachment":[{"href":"https:\/\/electric-bicycles.net\/pt\/wp-json\/wp\/v2\/media?parent=172"}],"curies":[{"name":"wp","href":"https:\/\/api.w.org\/{rel}","templated":true}]}}