{"id":172,"date":"2023-08-26T17:31:42","date_gmt":"2023-08-26T09:31:42","guid":{"rendered":"https:\/\/electric-bicycles.net\/?page_id=172"},"modified":"2024-05-31T07:56:58","modified_gmt":"2024-05-30T23:56:58","slug":"about","status":"publish","type":"page","link":"https:\/\/electric-bicycles.net\/pl\/","title":{"rendered":"o"},"content":{"rendered":"<p><img loading=\"lazy\" decoding=\"async\" class=\"size-full wp-image-184 aligncenter\" src=\"http:\/\/electric-bicycles.net\/wp-content\/uploads\/2023\/08\/banners-of-electric-bicycles.jpg\" alt=\"banery rower\u00f3w elektrycznych\" width=\"800\" height=\"534\" srcset=\"https:\/\/electric-bicycles.net\/wp-content\/uploads\/2023\/08\/banners-of-electric-bicycles.jpg 800w, https:\/\/electric-bicycles.net\/wp-content\/uploads\/2023\/08\/banners-of-electric-bicycles-300x200.jpg 300w, https:\/\/electric-bicycles.net\/wp-content\/uploads\/2023\/08\/banners-of-electric-bicycles-768x513.jpg 768w\" sizes=\"auto, (max-width: 800px) 100vw, 800px\" \/><\/p>\n<p>W t\u0119tni\u0105cej \u017cyciem sferze rower\u00f3w elektrycznych nasza firma jest latarni\u0105 innowacji i wydajno\u015bci. Jeste\u015bmy wiod\u0105cym podmiotem na globalnym rynku motocykli elektrycznych, tworz\u0105cym stylowe rowery elektryczne na zam\u00f3wienie, kt\u00f3re doskonale \u0142\u0105cz\u0105 funkcjonalno\u015b\u0107 i estetyk\u0119. Nasz\u0105 wizj\u0105 jest zrewolucjonizowanie bran\u017cy transportowej poprzez oferowanie zr\u00f3wnowa\u017conej, op\u0142acalnej alternatywy dla tradycyjnych sposob\u00f3w doje\u017cd\u017cania do pracy. Ta wizja nigdy nie by\u0142a bardziej aktualna ni\u017c w obliczu rosn\u0105cych koszt\u00f3w paliwa i zauwa\u017calnego spadku transportu publicznego z powodu pandemii COVID-19. Nasze rowery elektryczne s\u0105 czym\u015b wi\u0119cej ni\u017c tylko \u015brodkiem transportu; s\u0105 \u015bwiadectwem naszego zaanga\u017cowania w tworzenie przyjaznych dla \u015brodowiska rozwi\u0105za\u0144 w zakresie podr\u00f3\u017cy. Wierzymy w si\u0142\u0119 innowacji, aby sprosta\u0107 wyzwaniom, takim jak wysokie koszty zakupu i brak znormalizowanych przepis\u00f3w. Aktywnie pracujemy nad tym, aby nasze rowery elektryczne by\u0142y dost\u0119pne dla wszystkich, wykorzystuj\u0105c zach\u0119ty rz\u0105dowe i wprowadzaj\u0105c innowacyjne rozwi\u0105zania w celu obni\u017cenia koszt\u00f3w, ale nasze ambicje na tym si\u0119 nie ko\u0144cz\u0105. Nie tylko tworzymy <strong>rowery elektryczne, bateria litowa, baterie litowe<\/strong>budujemy mark\u0119 lifestylow\u0105. Rozumiemy si\u0142\u0119 \u0142\u0105czno\u015bci w dzisiejszym cyfrowym \u015bwiecie, dlatego w naszych rowerach elektrycznych stosujemy najnowocze\u015bniejsze rozwi\u0105zania w zakresie \u0142\u0105czno\u015bci i p\u0142ynne funkcje integracji. Pozwala to naszym klientom pozosta\u0107 w kontakcie podczas jazdy, zwi\u0119kszaj\u0105c ich og\u00f3lne wra\u017cenia. Nasze motocykle elektryczne s\u0105 zaprojektowane dla nowoczesnego konsumenta - stylowe, wydajne i innowacyjne. Oferuj\u0105 unikalne po\u0142\u0105czenie osi\u0105g\u00f3w i komfortu, dzi\u0119ki czemu ka\u017cda jazda jest radosnym do\u015bwiadczeniem. Niezale\u017cnie od tego, czy doje\u017cd\u017casz do pracy, czy wybierasz si\u0119 na spokojn\u0105 przeja\u017cd\u017ck\u0119, nasze rowery elektryczne s\u0105 idealnym towarzyszem.Jeste\u015bmy czym\u015b wi\u0119cej ni\u017c tylko firm\u0105. Jeste\u015bmy ruchem, zaanga\u017cowanym w zmian\u0119 sposobu, w jaki ludzie my\u015bl\u0105 o transporcie. Jeste\u015bmy tutaj, aby dokona\u0107 zmian, jeden motocykl elektryczny na raz. Zapraszamy do przy\u0142\u0105czenia si\u0119 do naszej podr\u00f3\u017cy w kierunku bardziej ekologicznej i zr\u00f3wnowa\u017conej przysz\u0142o\u015bci.<\/p>","protected":false},"excerpt":{"rendered":"<p>W t\u0119tni\u0105cej \u017cyciem sferze rower\u00f3w elektrycznych nasza firma jest latarni\u0105 innowacji i wydajno\u015bci. Jeste\u015bmy wiod\u0105cym podmiotem na globalnym rynku motocykli elektrycznych, tworz\u0105cym stylowe rowery elektryczne na zam\u00f3wienie, kt\u00f3re doskonale \u0142\u0105cz\u0105 funkcjonalno\u015b\u0107 i estetyk\u0119. Nasz\u0105 wizj\u0105 jest zrewolucjonizowanie bran\u017cy transportowej poprzez oferowanie zr\u00f3wnowa\u017conej, op\u0142acalnej alternatywy dla tradycyjnych sposob\u00f3w ...<\/p>\n<p class=\"read-more\"> <a class=\"\" href=\"https:\/\/electric-bicycles.net\/pl\/\"> <span class=\"screen-reader-text\">o<\/span> Czytaj wi\u0119cej \"<\/a><\/p>","protected":false},"author":1,"featured_media":0,"parent":0,"menu_order":0,"comment_status":"closed","ping_status":"closed","template":"","meta":{"site-sidebar-layout":"default","site-content-layout":"","ast-site-content-layout":"default","site-content-style":"default","site-sidebar-style":"default","ast-global-header-display":"","ast-banner-title-visibility":"","ast-main-header-display":"","ast-hfb-above-header-display":"","ast-hfb-below-header-display":"","ast-hfb-mobile-header-display":"","site-post-title":"","ast-breadcrumbs-content":"","ast-featured-img":"","footer-sml-layout":"","theme-transparent-header-meta":"default","adv-header-id-meta":"","stick-header-meta":"","header-above-stick-meta":"","header-main-stick-meta":"","header-below-stick-meta":"","astra-migrate-meta-layouts":"set","ngg_post_thumbnail":0,"footnotes":""},"class_list":["post-172","page","type-page","status-publish","hentry"],"aioseo_notices":[],"_links":{"self":[{"href":"https:\/\/electric-bicycles.net\/pl\/wp-json\/wp\/v2\/pages\/172","targetHints":{"allow":["GET"]}}],"collection":[{"href":"https:\/\/electric-bicycles.net\/pl\/wp-json\/wp\/v2\/pages"}],"about":[{"href":"https:\/\/electric-bicycles.net\/pl\/wp-json\/wp\/v2\/types\/page"}],"author":[{"embeddable":true,"href":"https:\/\/electric-bicycles.net\/pl\/wp-json\/wp\/v2\/users\/1"}],"replies":[{"embeddable":true,"href":"https:\/\/electric-bicycles.net\/pl\/wp-json\/wp\/v2\/comments?post=172"}],"version-history":[{"count":7,"href":"https:\/\/electric-bicycles.net\/pl\/wp-json\/wp\/v2\/pages\/172\/revisions"}],"predecessor-version":[{"id":376,"href":"https:\/\/electric-bicycles.net\/pl\/wp-json\/wp\/v2\/pages\/172\/revisions\/376"}],"wp:attachment":[{"href":"https:\/\/electric-bicycles.net\/pl\/wp-json\/wp\/v2\/media?parent=172"}],"curies":[{"name":"wp","href":"https:\/\/api.w.org\/{rel}","templated":true}]}}