{"id":196,"date":"2023-08-26T17:31:42","date_gmt":"2023-08-26T09:31:42","guid":{"rendered":"https:\/\/electric-bicycles.net\/?page_id=196"},"modified":"2023-08-26T19:15:45","modified_gmt":"2023-08-26T11:15:45","slug":"a-propos-de","status":"publish","type":"page","link":"https:\/\/electric-bicycles.net\/nl\/a-propos-de\/","title":{"rendered":"\u00e0 propos de"},"content":{"rendered":"<p>In de geanimeerde wereld van elektrische fietsen is onze onderneming toonaangevend op het gebied van innovatie en effici\u00ebntie. Wij zijn een vooraanstaand bedrijf op de mondiale markt van elektrische motorfietsen en produceren persoonlijke en elegante elektrische fietsen met een uitstekende functionaliteit en esthetiek. Onze visie is om de transportsector te revolutioneren door een duurzaam en verhuurbaar alternatief te bieden voor traditionele transportmiddelen. Cette vision n'a jamais \u00e9t\u00e9 aussi pertinente que dans le sillage de l'augmentation du prix des carburants et du d\u00e9clin notable des transports en commun d\u00fb \u00e0 la pand\u00e9mie de COVID-19. Nos v\u00e9los \u00e9lectriques sont plus qu'un simple mode de transport ; ils t\u00e9moignent de notre engagement \u00e0 cr\u00e9er des solutions de voyage respectueuses de l'environnement. Wij geloven in de mogelijkheden van innovatie om problemen zoals de hoge aankoopkosten en het ontbreken van normale regelgeving te overwinnen. Wij werken er actief aan om onze elektrische auto's voor iedereen toegankelijk te maken, door deel te nemen aan stimuleringsmaatregelen van de overheid en door innovatieve oplossingen te introduceren om de kosten te verlagen. Maar onze ambitie ligt niet hier. Nous ne contentons pas de cr\u00e9er des v\u00e9los \u00e9lectriques, nous construisons une marque de style de vie. We begrijpen de mogelijkheden van connectiviteit in de huidige digitale wereld en we integreren oplossingen voor connectiviteit en transparante integratie in onze elektrische auto's. Dit maakt het voor onze klanten mogelijk om een nieuwe elektrische auto te kopen. Hierdoor kunnen onze klanten verbonden blijven en profiteren van hun reis, waardoor hun wereldwijde ervaring wordt verbeterd.Nos motos \u00e9lectriques sont con\u00e7ues pour le consommateur moderne - elegant, effici\u00ebnt en innovant. Ze bieden een unieke combinatie van prestaties en comfort, waardoor elke rit een aangename ervaring wordt. Of u nu gaat werken of rustig gaat wandelen, onze elektrische fietsen zijn uw ideale compagnon.Nous sommes plus qu'une simple entreprise. Nous sommes un mouvement qui s'est engag\u00e9 \u00e0 changer la fa\u00e7on dont les gens envisage le transport. Wij zijn er om het verschil te maken, een elektrische motorfiets voor alles. Nous vous invitons \u00e0 nous rejoindre dans notre voyage vers un avenir plus vert et plus durable.<\/p>","protected":false},"excerpt":{"rendered":"<p>Dans la sph\u00e8re anim\u00e9e des bicyclettes \u00e9lectriques, notre entreprise se pr\u00e9sente comme un phare de l&#8217;innovation et de l&#8217;efficacit\u00e9. Nous sommes une entit\u00e9 de premier plan sur le march\u00e9 mondial des motos \u00e9lectriques, fabriquant des v\u00e9los \u00e9lectriques personnalis\u00e9s et \u00e9l\u00e9gants qui allient parfaitement fonctionnalit\u00e9 et esth\u00e9tique. Notre vision est de r\u00e9volutionner l&#8217;industrie du transport en &hellip;<\/p>\n<p class=\"read-more\"> <a class=\"\" href=\"https:\/\/electric-bicycles.net\/nl\/a-propos-de\/\"> <span class=\"screen-reader-text\">\u00e0 propos de<\/span> Lees meer \"<\/a><\/p>","protected":false},"author":1,"featured_media":0,"parent":0,"menu_order":0,"comment_status":"closed","ping_status":"closed","template":"","meta":{"site-sidebar-layout":"default","site-content-layout":"","ast-site-content-layout":"default","site-content-style":"default","site-sidebar-style":"default","ast-global-header-display":"","ast-banner-title-visibility":"","ast-main-header-display":"","ast-hfb-above-header-display":"","ast-hfb-below-header-display":"","ast-hfb-mobile-header-display":"","site-post-title":"","ast-breadcrumbs-content":"","ast-featured-img":"","footer-sml-layout":"","theme-transparent-header-meta":"default","adv-header-id-meta":"","stick-header-meta":"","header-above-stick-meta":"","header-main-stick-meta":"","header-below-stick-meta":"","astra-migrate-meta-layouts":"set","ngg_post_thumbnail":0,"footnotes":""},"class_list":["post-196","page","type-page","status-publish","hentry"],"aioseo_notices":[],"_links":{"self":[{"href":"https:\/\/electric-bicycles.net\/nl\/wp-json\/wp\/v2\/pages\/196","targetHints":{"allow":["GET"]}}],"collection":[{"href":"https:\/\/electric-bicycles.net\/nl\/wp-json\/wp\/v2\/pages"}],"about":[{"href":"https:\/\/electric-bicycles.net\/nl\/wp-json\/wp\/v2\/types\/page"}],"author":[{"embeddable":true,"href":"https:\/\/electric-bicycles.net\/nl\/wp-json\/wp\/v2\/users\/1"}],"replies":[{"embeddable":true,"href":"https:\/\/electric-bicycles.net\/nl\/wp-json\/wp\/v2\/comments?post=196"}],"version-history":[{"count":1,"href":"https:\/\/electric-bicycles.net\/nl\/wp-json\/wp\/v2\/pages\/196\/revisions"}],"predecessor-version":[{"id":197,"href":"https:\/\/electric-bicycles.net\/nl\/wp-json\/wp\/v2\/pages\/196\/revisions\/197"}],"wp:attachment":[{"href":"https:\/\/electric-bicycles.net\/nl\/wp-json\/wp\/v2\/media?parent=196"}],"curies":[{"name":"wp","href":"https:\/\/api.w.org\/{rel}","templated":true}]}}