{"id":31,"date":"2022-12-08T18:47:09","date_gmt":"2022-12-08T10:47:09","guid":{"rendered":"https:\/\/electric-bicycles.net\/%e7%a4%ba%e4%be%8b%e9%a1%b5%e9%9d%a2\/"},"modified":"2023-07-26T20:14:51","modified_gmt":"2023-07-26T12:14:51","slug":"%e7%a4%ba%e4%be%8b%e9%a1%b5%e9%9d%a2","status":"publish","type":"page","link":"https:\/\/electric-bicycles.net\/nb\/\u793a\u4f8b\u9875\u9762\/","title":{"rendered":"\u793a\u4f8b\u9875\u9762"},"content":{"rendered":"<p>DET ER IKKE MULIG \u00c5 FINNE UT AV OM DET ER NOE GALT MED DET.<\/p>\n\n<blockquote class=\"wp-block-quote is-layout-flow wp-block-quote-is-layout-flow\"><p>JEG HAR IKKE NOE ANNET VALG ENN \u00c5 TA EN TITT P\u00c5 DET.<\/p><\/blockquote>\n\n<p>......\u6216\u8fd9\u4e2a\uff1a\uff1a<\/p>\n\n<blockquote class=\"wp-block-quote is-layout-flow wp-block-quote-is-layout-flow\"><p>XYZ Doohickey\u516c\u53f8\u6210\u7acb\u4e8e1971\u5e74\uff0c\u81ea\u4ece\u5efa\u7acb\u4ee5\u6765\uff0c\u6211\u4eec\u4e00\u76f4\u5411\u793e\u4f1a\u8d21\u732e\u7740\u4f18\u79c0doohickies\u3002\u6211\u4eec\u7684\u516c\u53f8\u603b\u90e8\u4f4d\u4e8e\u5929\u671d\u9b54\u90fd\uff0c\u6709\u7740\u8d85\u8fc7\u4e24\u5343\u540d\u5458\u5de5\uff0c\u5bf9\u9b54\u90fd\u653f\u5e9c\u7a0e\u6536\u6709\u7740\u5de8\u5927\u8d21\u732e\u3002<\/p><\/blockquote>\n\n<p>WordPress <a href=\"http:\/\/electric-bicycles.net\/nb\/wp-admin\/\">DET ER IKKE MULIG \u00c5 F\u00c5 EN NY VERSJON AV DENNE RAPPORTEN.<\/a><\/p>","protected":false},"excerpt":{"rendered":"<p>DET ER IKKE NOE \u00c5 SI P\u00c5 AT DU IKKE HAR NOE \u00c5 SI P\u00c5 AT DU IKKE HAR NOE \u00c5 SI P\u00c5 AT DU IKKE HAR NOE \u00c5 SI P\u00c5 AT DU IKKE HAR NOE \u00c5 SI P\u00c5 AT DU IKKE HAR NOE \u00c5 SI P\u00c5 AT DU IKKE HAR NOE \u00c5 SI P\u00c5 AT DU IKKE HAR NOE \u00c5 SI P\u00c5 AT DU IKKE HAR NOE \u00c5 SI P\u00c5 AT DU IKKE HAR NOE \u00c5 SI P\u00c5 AT DU IKKE HAR NOE \u00c5 SI P\u00c5 AT DU IKKE HAR NOE \u00c5 SI P\u00c5 AT DU IKKE HAR NOE \u00c5 SI P\u00c5 AT DU HAR NOE \u00c5 SI P\u00c5 AT DU HAR NOE \u00c5 SI P\u00c5 AT DU HAR NOE \u00c5 SI P\u00c5 AT DU HAR NOE \u00c5 SI P\u00c5 AT DU HAR NOE \u00c5 SI P\u00c5 AT DU HAR NOE \u00c5 SI P\u00c5 AT DU HAR NOE \u00c5 SI P\u00c5 AT DU HAR NOE \u00c5 SI P\u00c5 AT DU HAR NOE \u00c5 SI P\u00c5 AT DU HAR NOE \u00c5 SI P\u00c5 AT DU HAR NOE \u00c5 SI P\u00c5 AT DU HAR NOE \u00c5 SI P\u00c5 AT DU HAR NOE \u00c5 SI P\u00c5 AT DU HAR NOE \u00c5 SI P\u00c5 AT DU HAR NOEXYZ XYZ XYZ XYZ XYZ XYZ XYZ XYZ XYZ XYZ XYZ XYZ XYZ XYZ XYZ XYZ XYZ XYZ XYZ XYZ XYZ XYZ XYZ XYZ XYZ XYZ XYZ XYZ XYZ XYZ XYZ XYZ XYZ XYZ XYZ XYZ XYZ XYZ XYZ XYZ XYZ XYZ XYZ XYZ XYZ XYZ XYZ XYZ XYZ XYZ XYZ XYZ XYZ XYZ XYZ XYZ XYZ XYZ XYZ XYZ XYZ XYZ XYZ XYZ XYZ XYZ XYZ XYZ XYZ XYZ XYZ XYZ XYZ<\/p>","protected":false},"author":1,"featured_media":0,"parent":0,"menu_order":0,"comment_status":"closed","ping_status":"open","template":"","meta":{"site-sidebar-layout":"default","site-content-layout":"","ast-site-content-layout":"","site-content-style":"default","site-sidebar-style":"default","ast-global-header-display":"","ast-banner-title-visibility":"","ast-main-header-display":"","ast-hfb-above-header-display":"","ast-hfb-below-header-display":"","ast-hfb-mobile-header-display":"","site-post-title":"","ast-breadcrumbs-content":"","ast-featured-img":"","footer-sml-layout":"","theme-transparent-header-meta":"","adv-header-id-meta":"","stick-header-meta":"","header-above-stick-meta":"","header-main-stick-meta":"","header-below-stick-meta":"","astra-migrate-meta-layouts":"","ngg_post_thumbnail":0,"footnotes":""},"class_list":["post-31","page","type-page","status-publish","hentry"],"aioseo_notices":[],"_links":{"self":[{"href":"https:\/\/electric-bicycles.net\/nb\/wp-json\/wp\/v2\/pages\/31","targetHints":{"allow":["GET"]}}],"collection":[{"href":"https:\/\/electric-bicycles.net\/nb\/wp-json\/wp\/v2\/pages"}],"about":[{"href":"https:\/\/electric-bicycles.net\/nb\/wp-json\/wp\/v2\/types\/page"}],"author":[{"embeddable":true,"href":"https:\/\/electric-bicycles.net\/nb\/wp-json\/wp\/v2\/users\/1"}],"replies":[{"embeddable":true,"href":"https:\/\/electric-bicycles.net\/nb\/wp-json\/wp\/v2\/comments?post=31"}],"version-history":[{"count":1,"href":"https:\/\/electric-bicycles.net\/nb\/wp-json\/wp\/v2\/pages\/31\/revisions"}],"predecessor-version":[{"id":42,"href":"https:\/\/electric-bicycles.net\/nb\/wp-json\/wp\/v2\/pages\/31\/revisions\/42"}],"wp:attachment":[{"href":"https:\/\/electric-bicycles.net\/nb\/wp-json\/wp\/v2\/media?parent=31"}],"curies":[{"name":"wp","href":"https:\/\/api.w.org\/{rel}","templated":true}]}}