{"id":196,"date":"2023-08-26T17:31:42","date_gmt":"2023-08-26T09:31:42","guid":{"rendered":"https:\/\/electric-bicycles.net\/?page_id=196"},"modified":"2023-08-26T19:15:45","modified_gmt":"2023-08-26T11:15:45","slug":"a-propos-de","status":"publish","type":"page","link":"https:\/\/electric-bicycles.net\/nb\/a-propos-de\/","title":{"rendered":"\u00e0 propos de"},"content":{"rendered":"<p>I den livlige atmosf\u00e6ren av elektriske sykler er v\u00e5r bedrift en av pionerene innen innovasjon og effektivitet. Vi er en ledende akt\u00f8r p\u00e5 verdensmarkedet for elektriske motorsykler, og vi produserer personaliserte og elegante elektriske sykler med perfekt funksjonalitet og estetikk. V\u00e5r visjon er \u00e5 revolusjonere transportindustrien ved \u00e5 tilby et holdbart og levedyktig alternativ til tradisjonelle transportmidler. Denne visjonen har aldri v\u00e6rt s\u00e5 relevant som i skyggen av de \u00f8kte drivstoffprisene og den betydelige nedgangen i kollektivtransporten som f\u00f8lge av COVID-19-pandemien. V\u00e5re elektriske kj\u00f8ret\u00f8yer er mer enn en enkel transportm\u00e5te; de vitner om v\u00e5rt engasjement for \u00e5 skape reisel\u00f8sninger som respekterer milj\u00f8et. Vi tror p\u00e5 innovasjonens evne til \u00e5 overvinne utfordringer som h\u00f8ye innkj\u00f8pskostnader og frav\u00e6ret av normalisert regulering. Vi arbeider aktivt for \u00e5 gj\u00f8re v\u00e5re elektriske kj\u00f8ret\u00f8yer tilgjengelige for alle, ved \u00e5 ta del i statlige oppfordringer og ved \u00e5 innf\u00f8re innovative l\u00f8sninger for \u00e5 redusere kostnadene. Men v\u00e5r ambisjon stopper ikke der. Vi n\u00f8yer oss ikke med \u00e5 lage elektriske biler, vi konstruerer et merke for livsstil. Vi forst\u00e5r mulighetene for tilkobling i dagens digitale verden, og vi inkorporerer spissede tilkoblingsl\u00f8sninger og transparente integrasjonsfunksjoner i v\u00e5re elektriske kj\u00f8ret\u00f8yer. Dette gj\u00f8r det mulig for v\u00e5re kunder \u00e5 forbli tilkoblet og samtidig dra nytte av deres reise, noe som forbedrer deres opplevelse globalt.V\u00e5re elektriske motorer er utviklet for den moderne forbruker - elegante, effektive og innovative. De tilbyr en unik blanding av ytelse og komfort, noe som gj\u00f8r hver kj\u00f8retur til en behagelig opplevelse. Enten du skal p\u00e5 jobb eller p\u00e5 en rolig spasertur, er v\u00e5re elektriske biler din ideelle f\u00f8lgesvenn. Vi er en bevegelse som er engasjert i \u00e5 endre m\u00e5ten folk ser for seg transport p\u00e5. Vi er der for \u00e5 gj\u00f8re en forskjell, en elektrisk sykkel p\u00e5 en gang. Vi inviterer deg til \u00e5 bli med p\u00e5 v\u00e5r reise mot en fremtid som er mer gr\u00f8nn og mer holdbar.<\/p>","protected":false},"excerpt":{"rendered":"<p>Dans la sph\u00e8re anim\u00e9e des bicyclettes \u00e9lectriques, notre entreprise se pr\u00e9sente comme un phare de l&#8217;innovation et de l&#8217;efficacit\u00e9. Nous sommes une entit\u00e9 de premier plan sur le march\u00e9 mondial des motos \u00e9lectriques, fabriquant des v\u00e9los \u00e9lectriques personnalis\u00e9s et \u00e9l\u00e9gants qui allient parfaitement fonctionnalit\u00e9 et esth\u00e9tique. Notre vision est de r\u00e9volutionner l&#8217;industrie du transport en &hellip;<\/p>\n<p class=\"read-more\"> <a class=\"\" href=\"https:\/\/electric-bicycles.net\/nb\/a-propos-de\/\"> <span class=\"screen-reader-text\">\u00e0 propos de<\/span> Les mer \"<\/a><\/p>","protected":false},"author":1,"featured_media":0,"parent":0,"menu_order":0,"comment_status":"closed","ping_status":"closed","template":"","meta":{"site-sidebar-layout":"default","site-content-layout":"","ast-site-content-layout":"default","site-content-style":"default","site-sidebar-style":"default","ast-global-header-display":"","ast-banner-title-visibility":"","ast-main-header-display":"","ast-hfb-above-header-display":"","ast-hfb-below-header-display":"","ast-hfb-mobile-header-display":"","site-post-title":"","ast-breadcrumbs-content":"","ast-featured-img":"","footer-sml-layout":"","theme-transparent-header-meta":"default","adv-header-id-meta":"","stick-header-meta":"","header-above-stick-meta":"","header-main-stick-meta":"","header-below-stick-meta":"","astra-migrate-meta-layouts":"set","ngg_post_thumbnail":0,"footnotes":""},"class_list":["post-196","page","type-page","status-publish","hentry"],"aioseo_notices":[],"_links":{"self":[{"href":"https:\/\/electric-bicycles.net\/nb\/wp-json\/wp\/v2\/pages\/196","targetHints":{"allow":["GET"]}}],"collection":[{"href":"https:\/\/electric-bicycles.net\/nb\/wp-json\/wp\/v2\/pages"}],"about":[{"href":"https:\/\/electric-bicycles.net\/nb\/wp-json\/wp\/v2\/types\/page"}],"author":[{"embeddable":true,"href":"https:\/\/electric-bicycles.net\/nb\/wp-json\/wp\/v2\/users\/1"}],"replies":[{"embeddable":true,"href":"https:\/\/electric-bicycles.net\/nb\/wp-json\/wp\/v2\/comments?post=196"}],"version-history":[{"count":1,"href":"https:\/\/electric-bicycles.net\/nb\/wp-json\/wp\/v2\/pages\/196\/revisions"}],"predecessor-version":[{"id":197,"href":"https:\/\/electric-bicycles.net\/nb\/wp-json\/wp\/v2\/pages\/196\/revisions\/197"}],"wp:attachment":[{"href":"https:\/\/electric-bicycles.net\/nb\/wp-json\/wp\/v2\/media?parent=196"}],"curies":[{"name":"wp","href":"https:\/\/api.w.org\/{rel}","templated":true}]}}