{"id":172,"date":"2023-08-26T17:31:42","date_gmt":"2023-08-26T09:31:42","guid":{"rendered":"https:\/\/electric-bicycles.net\/?page_id=172"},"modified":"2024-05-31T07:56:58","modified_gmt":"2024-05-30T23:56:58","slug":"about","status":"publish","type":"page","link":"https:\/\/electric-bicycles.net\/nb\/","title":{"rendered":"om"},"content":{"rendered":"<p><img loading=\"lazy\" decoding=\"async\" class=\"size-full wp-image-184 aligncenter\" src=\"http:\/\/electric-bicycles.net\/wp-content\/uploads\/2023\/08\/banners-of-electric-bicycles.jpg\" alt=\"bannere av elektriske sykler\" width=\"800\" height=\"534\" srcset=\"https:\/\/electric-bicycles.net\/wp-content\/uploads\/2023\/08\/banners-of-electric-bicycles.jpg 800w, https:\/\/electric-bicycles.net\/wp-content\/uploads\/2023\/08\/banners-of-electric-bicycles-300x200.jpg 300w, https:\/\/electric-bicycles.net\/wp-content\/uploads\/2023\/08\/banners-of-electric-bicycles-768x513.jpg 768w\" sizes=\"auto, (max-width: 800px) 100vw, 800px\" \/><\/p>\n<p>I den travle bransjen for elsykler st\u00e5r selskapet v\u00e5rt som et fyrt\u00e5rn for innovasjon og effektivitet. Vi er en ledende akt\u00f8r p\u00e5 det globale markedet for elektriske motorsykler, og vi lager skreddersydde, stilige elsykler som kombinerer funksjonalitet og estetikk p\u00e5 en perfekt m\u00e5te. V\u00e5r visjon er \u00e5 revolusjonere transportbransjen ved \u00e5 tilby et b\u00e6rekraftig og kostnadseffektivt alternativ til tradisjonelle transportformer. Denne visjonen har aldri v\u00e6rt mer relevant enn i kj\u00f8lvannet av de \u00f8kende drivstoffkostnadene og den merkbare nedgangen i kollektivtransporten som f\u00f8lge av covid-19. Elsyklene v\u00e5re er mer enn bare et transportmiddel; de er et bevis p\u00e5 v\u00e5rt engasjement for \u00e5 skape milj\u00f8vennlige reisel\u00f8sninger. Vi tror p\u00e5 innovasjonens kraft til \u00e5 overvinne utfordringer som h\u00f8ye innkj\u00f8pskostnader og mangel p\u00e5 standardisert regulering. Vi jobber aktivt for \u00e5 gj\u00f8re elsyklene v\u00e5re tilgjengelige for alle, utnytte offentlige insentiver og introdusere innovative l\u00f8sninger for \u00e5 redusere kostnadene, men ambisjonene v\u00e5re stopper ikke der. Vi skaper ikke bare <strong>elektriske sykler, litiumbatteri, litiumbatterier<\/strong>; vi bygger et livsstilsmerke. Vi forst\u00e5r hvor viktig det er med tilkoblingsmuligheter i dagens digitale verden, og vi integrerer banebrytende tilkoblingsl\u00f8sninger og s\u00f8ml\u00f8se integrasjonsfunksjoner i elsyklene v\u00e5re. Dette gj\u00f8r at kundene v\u00e5re kan holde seg tilkoblet mens de nyter turen, noe som forbedrer helhetsopplevelsen. V\u00e5re elektriske motorsykler er designet for den moderne forbrukeren - stilige, effektive og innovative. De tilbyr en unik blanding av ytelse og komfort, noe som gj\u00f8r hver eneste sykkeltur til en gledelig opplevelse. Enten du pendler til jobben eller tar en rolig tur, er v\u00e5re elsykler din perfekte f\u00f8lgesvenn.vi er mer enn bare et selskap. Vi er en bevegelse som har forpliktet oss til \u00e5 endre m\u00e5ten folk tenker p\u00e5 n\u00e5r det gjelder transport. Vi er her for \u00e5 gj\u00f8re en forskjell, \u00e9n elektrisk motorsykkel om gangen. Vi inviterer deg til \u00e5 bli med oss p\u00e5 v\u00e5r reise mot en gr\u00f8nnere og mer b\u00e6rekraftig fremtid.<\/p>","protected":false},"excerpt":{"rendered":"<p>In the bustling sphere of electric bicycles, our company stands as a beacon of innovation and efficiency. We are a leading entity in the global electric motorcycle market, crafting custom-made, stylish electric bicycles that perfectly blend functionality and aesthetics.Our vision is to revolutionize the transportation industry by offering a sustainable, cost-effective alternative to traditional modes &hellip;<\/p>\n<p class=\"read-more\"> <a class=\"\" href=\"https:\/\/electric-bicycles.net\/nb\/\"> <span class=\"screen-reader-text\">om<\/span> Les mer \"<\/a><\/p>","protected":false},"author":1,"featured_media":0,"parent":0,"menu_order":0,"comment_status":"closed","ping_status":"closed","template":"","meta":{"site-sidebar-layout":"default","site-content-layout":"","ast-site-content-layout":"default","site-content-style":"default","site-sidebar-style":"default","ast-global-header-display":"","ast-banner-title-visibility":"","ast-main-header-display":"","ast-hfb-above-header-display":"","ast-hfb-below-header-display":"","ast-hfb-mobile-header-display":"","site-post-title":"","ast-breadcrumbs-content":"","ast-featured-img":"","footer-sml-layout":"","theme-transparent-header-meta":"default","adv-header-id-meta":"","stick-header-meta":"","header-above-stick-meta":"","header-main-stick-meta":"","header-below-stick-meta":"","astra-migrate-meta-layouts":"set","ngg_post_thumbnail":0,"footnotes":""},"class_list":["post-172","page","type-page","status-publish","hentry"],"aioseo_notices":[],"_links":{"self":[{"href":"https:\/\/electric-bicycles.net\/nb\/wp-json\/wp\/v2\/pages\/172","targetHints":{"allow":["GET"]}}],"collection":[{"href":"https:\/\/electric-bicycles.net\/nb\/wp-json\/wp\/v2\/pages"}],"about":[{"href":"https:\/\/electric-bicycles.net\/nb\/wp-json\/wp\/v2\/types\/page"}],"author":[{"embeddable":true,"href":"https:\/\/electric-bicycles.net\/nb\/wp-json\/wp\/v2\/users\/1"}],"replies":[{"embeddable":true,"href":"https:\/\/electric-bicycles.net\/nb\/wp-json\/wp\/v2\/comments?post=172"}],"version-history":[{"count":7,"href":"https:\/\/electric-bicycles.net\/nb\/wp-json\/wp\/v2\/pages\/172\/revisions"}],"predecessor-version":[{"id":376,"href":"https:\/\/electric-bicycles.net\/nb\/wp-json\/wp\/v2\/pages\/172\/revisions\/376"}],"wp:attachment":[{"href":"https:\/\/electric-bicycles.net\/nb\/wp-json\/wp\/v2\/media?parent=172"}],"curies":[{"name":"wp","href":"https:\/\/api.w.org\/{rel}","templated":true}]}}