{"id":172,"date":"2023-08-26T17:31:42","date_gmt":"2023-08-26T09:31:42","guid":{"rendered":"https:\/\/electric-bicycles.net\/?page_id=172"},"modified":"2024-05-31T07:56:58","modified_gmt":"2024-05-30T23:56:58","slug":"about","status":"publish","type":"page","link":"https:\/\/electric-bicycles.net\/lv\/","title":{"rendered":"par"},"content":{"rendered":"<p><img loading=\"lazy\" decoding=\"async\" class=\"size-full wp-image-184 aligncenter\" src=\"http:\/\/electric-bicycles.net\/wp-content\/uploads\/2023\/08\/banners-of-electric-bicycles.jpg\" alt=\"elektrisko velosip\u0113du baneri\" width=\"800\" height=\"534\" srcset=\"https:\/\/electric-bicycles.net\/wp-content\/uploads\/2023\/08\/banners-of-electric-bicycles.jpg 800w, https:\/\/electric-bicycles.net\/wp-content\/uploads\/2023\/08\/banners-of-electric-bicycles-300x200.jpg 300w, https:\/\/electric-bicycles.net\/wp-content\/uploads\/2023\/08\/banners-of-electric-bicycles-768x513.jpg 768w\" sizes=\"auto, (max-width: 800px) 100vw, 800px\" \/><\/p>\n<p>M\u016bsu uz\u0146\u0113mums elektrisko velosip\u0113du jom\u0101 ir inov\u0101ciju un efektivit\u0101tes paraugs. M\u0113s esam vado\u0161ais uz\u0146\u0113mums pasaules elektrisko motociklu tirg\u016b, kas ra\u017eo p\u0113c pas\u016bt\u012bjuma izgatavotus, stil\u012bgus elektriskos velosip\u0113dus, kuros perfekti apvienota funkcionalit\u0101te un est\u0113tika.M\u016bsu v\u012bzija ir revolucioniz\u0113t transporta nozari, pied\u0101v\u0101jot ilgtsp\u0113j\u012bgu un rentablu alternat\u012bvu tradicion\u0101lajiem p\u0101rvieto\u0161an\u0101s veidiem. \u0160\u012b v\u012bzija v\u0113l nekad nav bijusi tik aktu\u0101la k\u0101 tagad, kad pieaug degvielas cenas un sabiedrisk\u0101 transporta pakalpojumu samazin\u0101\u0161an\u0101s, ko izrais\u012bjusi pand\u0113mija COVID-19. M\u016bsu elektriskie velosip\u0113di ir kas vair\u0101k nek\u0101 tikai p\u0101rvieto\u0161an\u0101s l\u012bdzeklis; tie ir apliecin\u0101jums m\u016bsu centieniem rad\u012bt videi draudz\u012bgus p\u0101rvieto\u0161an\u0101s risin\u0101jumus. M\u0113s ticam inov\u0101ciju sp\u0113kam, lai p\u0101rvar\u0113tu t\u0101das probl\u0113mas k\u0101 augstas ieg\u0101des izmaksas un standartiz\u0113ta regul\u0113juma tr\u016bkums. M\u0113s akt\u012bvi str\u0101d\u0101jam pie t\u0101, lai padar\u012btu m\u016bsu elektriskos velosip\u0113dus pieejamus visiem, izmantojot vald\u012bbas stimulus un ievie\u0161ot inovat\u012bvus risin\u0101jumus izmaksu samazin\u0101\u0161anai. ta\u010du m\u016bsu amb\u012bcijas ar to nebeidzas. M\u0113s ne tikai rad\u0101m <strong>elektriskie velosip\u0113di, litija akumulatori, litija baterijas, litija baterijas<\/strong>; m\u0113s veidojam dz\u012bvesstila z\u012bmolu. M\u0113s saprotam savienojam\u012bbas sp\u0113ku m\u016bsdienu digit\u0101laj\u0101 pasaul\u0113, un m\u0113s savos elektrovelosip\u0113dos iek\u013caujam modern\u0101kos savienojam\u012bbas risin\u0101jumus un nep\u0101rtrauktas integr\u0101cijas funkcijas. Tas \u013cauj m\u016bsu klientiem saglab\u0101t savienojumu, vienlaikus baudot braucienu, t\u0101d\u0113j\u0101di uzlabojot vi\u0146u visp\u0101r\u0113jo pieredzi. m\u016bsu elektriskie motocikli ir izstr\u0101d\u0101ti m\u016bsdienu pat\u0113r\u0113t\u0101jam - stil\u012bgi, efekt\u012bvi un inovat\u012bvi. Tie pied\u0101v\u0101 unik\u0101lu veiktsp\u0113jas un komforta apvienojumu, padarot katru braucienu par prieka pilnu piedz\u012bvojumu. Neatkar\u012bgi no t\u0101, vai braucat uz darbu vai dodaties nesteidz\u012bg\u0101 izbraucien\u0101, m\u016bsu elektriskie velosip\u0113di ir j\u016bsu ide\u0101ls sabiedrotais. m\u0113s esam vair\u0101k nek\u0101 tikai uz\u0146\u0113mums. M\u0113s esam kust\u012bba, kuras m\u0113r\u0137is ir main\u012bt cilv\u0113ku dom\u0101\u0161anu par transportu. M\u0113s esam \u0161eit, lai main\u012btu situ\u0101ciju - viens elektrisks motocikls p\u0113c otra. M\u0113s aicin\u0101m j\u016bs pievienoties m\u016bsu ce\u013cojum\u0101 uz za\u013c\u0101ku un ilgtsp\u0113j\u012bg\u0101ku n\u0101kotni.<\/p>","protected":false},"excerpt":{"rendered":"<p>In the bustling sphere of electric bicycles, our company stands as a beacon of innovation and efficiency. We are a leading entity in the global electric motorcycle market, crafting custom-made, stylish electric bicycles that perfectly blend functionality and aesthetics.Our vision is to revolutionize the transportation industry by offering a sustainable, cost-effective alternative to traditional modes &hellip;<\/p>\n<p class=\"read-more\"> <a class=\"\" href=\"https:\/\/electric-bicycles.net\/lv\/\"> <span class=\"screen-reader-text\">par<\/span> Las\u012bt vair\u0101k \"<\/a><\/p>","protected":false},"author":1,"featured_media":0,"parent":0,"menu_order":0,"comment_status":"closed","ping_status":"closed","template":"","meta":{"site-sidebar-layout":"default","site-content-layout":"","ast-site-content-layout":"default","site-content-style":"default","site-sidebar-style":"default","ast-global-header-display":"","ast-banner-title-visibility":"","ast-main-header-display":"","ast-hfb-above-header-display":"","ast-hfb-below-header-display":"","ast-hfb-mobile-header-display":"","site-post-title":"","ast-breadcrumbs-content":"","ast-featured-img":"","footer-sml-layout":"","theme-transparent-header-meta":"default","adv-header-id-meta":"","stick-header-meta":"","header-above-stick-meta":"","header-main-stick-meta":"","header-below-stick-meta":"","astra-migrate-meta-layouts":"set","ngg_post_thumbnail":0,"footnotes":""},"class_list":["post-172","page","type-page","status-publish","hentry"],"aioseo_notices":[],"_links":{"self":[{"href":"https:\/\/electric-bicycles.net\/lv\/wp-json\/wp\/v2\/pages\/172","targetHints":{"allow":["GET"]}}],"collection":[{"href":"https:\/\/electric-bicycles.net\/lv\/wp-json\/wp\/v2\/pages"}],"about":[{"href":"https:\/\/electric-bicycles.net\/lv\/wp-json\/wp\/v2\/types\/page"}],"author":[{"embeddable":true,"href":"https:\/\/electric-bicycles.net\/lv\/wp-json\/wp\/v2\/users\/1"}],"replies":[{"embeddable":true,"href":"https:\/\/electric-bicycles.net\/lv\/wp-json\/wp\/v2\/comments?post=172"}],"version-history":[{"count":7,"href":"https:\/\/electric-bicycles.net\/lv\/wp-json\/wp\/v2\/pages\/172\/revisions"}],"predecessor-version":[{"id":376,"href":"https:\/\/electric-bicycles.net\/lv\/wp-json\/wp\/v2\/pages\/172\/revisions\/376"}],"wp:attachment":[{"href":"https:\/\/electric-bicycles.net\/lv\/wp-json\/wp\/v2\/media?parent=172"}],"curies":[{"name":"wp","href":"https:\/\/api.w.org\/{rel}","templated":true}]}}