{"id":172,"date":"2023-08-26T17:31:42","date_gmt":"2023-08-26T09:31:42","guid":{"rendered":"https:\/\/electric-bicycles.net\/?page_id=172"},"modified":"2024-05-31T07:56:58","modified_gmt":"2024-05-30T23:56:58","slug":"about","status":"publish","type":"page","link":"https:\/\/electric-bicycles.net\/lt\/","title":{"rendered":"apie"},"content":{"rendered":"<p><img loading=\"lazy\" decoding=\"async\" class=\"size-full wp-image-184 aligncenter\" src=\"http:\/\/electric-bicycles.net\/wp-content\/uploads\/2023\/08\/banners-of-electric-bicycles.jpg\" alt=\"elektrini\u0173 dvira\u010di\u0173 plakatai\" width=\"800\" height=\"534\" srcset=\"https:\/\/electric-bicycles.net\/wp-content\/uploads\/2023\/08\/banners-of-electric-bicycles.jpg 800w, https:\/\/electric-bicycles.net\/wp-content\/uploads\/2023\/08\/banners-of-electric-bicycles-300x200.jpg 300w, https:\/\/electric-bicycles.net\/wp-content\/uploads\/2023\/08\/banners-of-electric-bicycles-768x513.jpg 768w\" sizes=\"auto, (max-width: 800px) 100vw, 800px\" \/><\/p>\n<p>Elektrini\u0173 dvira\u010di\u0173 srityje m\u016bs\u0173 \u012fmon\u0117 yra inovacij\u0173 ir efektyvumo \u0161vyturys. Esame pirmaujanti \u012fmon\u0117 pasaulin\u0117je elektrini\u0173 motocikl\u0173 rinkoje, kurianti pagal u\u017esakym\u0105 pagamintus stilingus elektrinius dvira\u010dius, kuriuose puikiai dera funkcionalumas ir estetika.M\u016bs\u0173 vizija - padaryti perversm\u0105 transporto pramon\u0117je, si\u016blant tvari\u0105 ir ekonomi\u0161k\u0105 alternatyv\u0105 tradiciniams keliavimo b\u016bdams. \u0160i vizija dar niekada nebuvo tokia aktuali kaip dabar, kai did\u0117ja degal\u0173 kainos ir pastebimai ma\u017e\u0117ja vie\u0161ojo transporto d\u0117l pandemijos COVID-19. M\u016bs\u0173 elektriniai dvira\u010diai yra daugiau nei tik transporto priemon\u0117 - jie liudija m\u016bs\u0173 \u012fsipareigojim\u0105 kurti aplinkai nekenksmingus kelioni\u0173 sprendimus. Tikime inovacij\u0173 galia \u012fveikti tokius i\u0161\u0161\u016bkius, kaip didel\u0117s \u012fsigijimo i\u0161laidos ir standartizuoto reguliavimo tr\u016bkumas. Aktyviai dirbame siekdami, kad m\u016bs\u0173 elektriniai dvira\u010diai tapt\u0173 prieinami visiems, naudojam\u0117s vyriausybi\u0173 paskatomis ir diegiame novatori\u0161kus sprendimus i\u0161laidoms ma\u017einti. ta\u010diau tuo m\u016bs\u0173 u\u017emojai nesibaigia. Mes ne tik kuriame <strong>elektriniai dvira\u010diai, li\u010dio baterija, li\u010dio baterijos<\/strong>; kuriame gyvenimo b\u016bdo prek\u0117s \u017eenkl\u0105. Suprantame ry\u0161io gali\u0105 \u0161iuolaikiniame skaitmeniniame pasaulyje, tod\u0117l \u012f savo elektrinius dvira\u010dius diegiame pa\u017eangiausius ry\u0161io sprendimus ir vientisos integracijos funkcijas. Tai leid\u017eia m\u016bs\u0173 klientams m\u0117gaujantis va\u017eiavimu palaikyti ry\u0161\u012f ir taip pagerinti bendr\u0105 patirt\u012f. m\u016bs\u0173 elektriniai motociklai sukurti \u0161iuolaikiniam vartotojui - stilingi, efektyv\u016bs ir novatori\u0161ki. Juose unikaliai dera na\u0161umas ir komfortas, tod\u0117l kiekviena kelion\u0117 tampa d\u017eiugia patirtimi. Nesvarbu, ar va\u017eiuojate \u012f darb\u0105, ar leid\u017eiate laisvalaik\u012f, m\u016bs\u0173 elektriniai motociklai yra puikus j\u016bs\u0173 palydovas. mes esame daugiau nei tik \u012fmon\u0117. Esame jud\u0117jimas, siekiantis pakeisti \u017emoni\u0173 po\u017ei\u016br\u012f \u012f transport\u0105. Esame \u010dia tam, kad pakeistume situacij\u0105 po vien\u0105 elektrin\u012f motocikl\u0105. Kvie\u010diame prisijungti prie m\u016bs\u0173 kelion\u0117s ekologi\u0161kesn\u0117s ir tvaresn\u0117s ateities link.<\/p>","protected":false},"excerpt":{"rendered":"<p>In the bustling sphere of electric bicycles, our company stands as a beacon of innovation and efficiency. We are a leading entity in the global electric motorcycle market, crafting custom-made, stylish electric bicycles that perfectly blend functionality and aesthetics.Our vision is to revolutionize the transportation industry by offering a sustainable, cost-effective alternative to traditional modes &hellip;<\/p>\n<p class=\"read-more\"> <a class=\"\" href=\"https:\/\/electric-bicycles.net\/lt\/\"> <span class=\"screen-reader-text\">apie<\/span> Skaityti daugiau \"<\/a><\/p>","protected":false},"author":1,"featured_media":0,"parent":0,"menu_order":0,"comment_status":"closed","ping_status":"closed","template":"","meta":{"site-sidebar-layout":"default","site-content-layout":"","ast-site-content-layout":"default","site-content-style":"default","site-sidebar-style":"default","ast-global-header-display":"","ast-banner-title-visibility":"","ast-main-header-display":"","ast-hfb-above-header-display":"","ast-hfb-below-header-display":"","ast-hfb-mobile-header-display":"","site-post-title":"","ast-breadcrumbs-content":"","ast-featured-img":"","footer-sml-layout":"","theme-transparent-header-meta":"default","adv-header-id-meta":"","stick-header-meta":"","header-above-stick-meta":"","header-main-stick-meta":"","header-below-stick-meta":"","astra-migrate-meta-layouts":"set","ngg_post_thumbnail":0,"footnotes":""},"class_list":["post-172","page","type-page","status-publish","hentry"],"aioseo_notices":[],"_links":{"self":[{"href":"https:\/\/electric-bicycles.net\/lt\/wp-json\/wp\/v2\/pages\/172","targetHints":{"allow":["GET"]}}],"collection":[{"href":"https:\/\/electric-bicycles.net\/lt\/wp-json\/wp\/v2\/pages"}],"about":[{"href":"https:\/\/electric-bicycles.net\/lt\/wp-json\/wp\/v2\/types\/page"}],"author":[{"embeddable":true,"href":"https:\/\/electric-bicycles.net\/lt\/wp-json\/wp\/v2\/users\/1"}],"replies":[{"embeddable":true,"href":"https:\/\/electric-bicycles.net\/lt\/wp-json\/wp\/v2\/comments?post=172"}],"version-history":[{"count":7,"href":"https:\/\/electric-bicycles.net\/lt\/wp-json\/wp\/v2\/pages\/172\/revisions"}],"predecessor-version":[{"id":376,"href":"https:\/\/electric-bicycles.net\/lt\/wp-json\/wp\/v2\/pages\/172\/revisions\/376"}],"wp:attachment":[{"href":"https:\/\/electric-bicycles.net\/lt\/wp-json\/wp\/v2\/media?parent=172"}],"curies":[{"name":"wp","href":"https:\/\/api.w.org\/{rel}","templated":true}]}}