{"id":196,"date":"2023-08-26T17:31:42","date_gmt":"2023-08-26T09:31:42","guid":{"rendered":"https:\/\/electric-bicycles.net\/?page_id=196"},"modified":"2023-08-26T19:15:45","modified_gmt":"2023-08-26T11:15:45","slug":"a-propos-de","status":"publish","type":"page","link":"https:\/\/electric-bicycles.net\/ko\/\uc81c\uc548\/","title":{"rendered":"\uc81c\uc548"},"content":{"rendered":"<p>\uc804\uae30 \uc790\uc804\uac70\uc758 \uc560\ub2c8\uba54\uc774\uc158 \ubd84\uc57c\uc5d0\uc11c \uc6b0\ub9ac \ud68c\uc0ac\ub294 \ud601\uc2e0\uacfc \ud6a8\uc728\uc131\uc758 \ud55c \ub2e8\uacc4\ub85c \uc874\uc7ac\ud569\ub2c8\ub2e4. \uc6b0\ub9ac\ub294 \uae30\ub2a5\uc131\uacfc \uce5c\ud658\uacbd\uc131\uc744 \ubaa8\ub450 \uac16\ucd98 \uac1c\uc778 \ub9de\ucda4\ud615 \uc804\uae30 \uc790\uc804\uac70\ub97c \uc81c\uc870\ud558\ub294 \uc138\uacc4 \uc804\uae30 \uc790\uc804\uac70 \uc2dc\uc7a5\uc758 \uc120\ub3c4 \uae30\uc5c5\uc785\ub2c8\ub2e4. \uc6b0\ub9ac\uc758 \ube44\uc804\uc740 \uae30\uc874 \uc6b4\uc1a1 \uc218\ub2e8\uc5d0 \ub0b4\uad6c\uc131 \uc788\uace0 \uc784\ub300 \uac00\ub2a5\ud55c \ub300\uc548\uc744 \uc81c\uacf5\ud568\uc73c\ub85c\uc368 \uc6b4\uc1a1 \uc0b0\uc5c5\uc744 \ud601\uc2e0\ud558\ub294 \uac83\uc785\ub2c8\ub2e4. \uc774 \ube44\uc804\uc740 COVID-19 \ud32c\ub370\ubbf9\uc73c\ub85c \uc778\ud55c \uc720\uac00 \uc0c1\uc2b9\uacfc \ub300\uc911\uad50\ud1b5\uc758 \uae09\uaca9\ud55c \uac10\uc18c\uc640\ub3c4 \uad00\ub828\uc774 \uc788\uc73c\uba70, \ub2f9\uc0ac\uc758 \uc804\uae30\ucc28\ub294 \ub2e8\uc21c\ud55c \uc6b4\uc1a1 \uc218\ub2e8\uc744 \ub118\uc5b4 \ud658\uacbd\uc744 \uace0\ub824\ud55c \uc5ec\ud589 \uc194\ub8e8\uc158\uc744 \uac1c\ubc1c\ud558\uae30 \uc704\ud55c \ub2f9\uc0ac\uc758 \ub178\ub825\uc744 \ubc18\uc601\ud569\ub2c8\ub2e4. \uc6b0\ub9ac\ub294 \ub192\uc740 \ube44\uc6a9\uacfc \uc815\uc0c1\uc801\uc778 \uaddc\uc81c \ubd80\uc7ac\uc640 \uac19\uc740 \ubb38\uc81c\ub97c \ud574\uacb0\ud558\uae30 \uc704\ud55c \ud601\uc2e0\uc758 \ud798\uc744 \ubbff\uc2b5\ub2c8\ub2e4. \uc6b0\ub9ac\ub294 \uc815\ubd80 \ucc28\uc6d0\uc758 \uc120\ub3d9\uc5d0 \ub3d9\ucc38\ud558\uace0 \ube44\uc6a9\uc744 \uc808\uac10\ud560 \uc218 \uc788\ub294 \ud601\uc2e0\uc801\uc778 \uc194\ub8e8\uc158\uc744 \ub3c4\uc785\ud558\uc5ec \ubaa8\ub4e0 \uc0ac\ub78c\uc774 \uc804\uc790\uc81c\ud488\uc5d0 \uc561\uc138\uc2a4\ud560 \uc218 \uc788\ub3c4\ub85d \uc801\uadf9\uc801\uc73c\ub85c \ub178\ub825\ud558\uace0 \uc788\uc2b5\ub2c8\ub2e4. \ud558\uc9c0\ub9cc \uc6b0\ub9ac\uc758 \uc57c\ub9dd\uc740 \uc5ec\uae30\uc11c \uba48\ucd94\uc9c0 \uc54a\uc2b5\ub2c8\ub2e4. \uc6b0\ub9ac\ub294 \ub2e8\uc21c\ud788 \uc804\uc790 \uc81c\ud488\uc744 \ub9cc\ub4dc\ub294 \ub370 \ub9cc\uc871\ud558\uc9c0 \uc54a\uace0 \uc0b6\uc758 \uc2a4\ud0c0\uc77c \ube0c\ub79c\ub4dc\ub97c \uad6c\ucd95\ud569\ub2c8\ub2e4. \uc6b0\ub9ac\ub294 \uc624\ub298\ub0a0\uc758 \ub514\uc9c0\ud138 \uc138\uacc4\uc5d0\uc11c \uc5f0\uacb0\uc758 \ud798\uc744 \uc774\ud574\ud558\uace0 \uc788\uc73c\uba70, \ud3ec\uc778\ud2b8 \uc5f0\uacb0 \uc194\ub8e8\uc158\uacfc \ud22c\uba85\ud55c \ud1b5\ud569 \uae30\ub2a5\uc744 \uc804\uc790 \uc81c\ud488\uc5d0 \ud1b5\ud569\ud569\ub2c8\ub2e4. \uc774\ub97c \ud1b5\ud574 \uace0\uac1d\uc740 \ubaa8\ub4e0 \uacbd\ub85c\uc5d0\uc11c \uc5f0\uacb0\ub41c \ub124\ud2b8\uc6cc\ud06c\ub97c \ud1b5\ud574 \uc218\uc775\uc744 \ucc3d\ucd9c\ud558\uace0 \uae00\ub85c\ubc8c \uacbd\ud5d8\uc744 \uac1c\uc120\ud560 \uc218 \uc788\uc73c\uba70, \ub2f9\uc0ac\uc758 \uc804\uae30 \uc790\ub3d9\ucc28\ub294 \uc6b0\uc544\ud558\uace0 \ud6a8\uc728\uc801\uc774\uba70 \ud601\uc2e0\uc801\uc778 \ud604\ub300 \uc18c\ube44\uc790\ub97c \uc704\ud574 \uc124\uacc4\ub418\uc5c8\uc2b5\ub2c8\ub2e4. \ub3c5\ud2b9\ud55c \uc131\ub2a5\uacfc \ud3b8\uc548\ud568\uc758 \uc870\ud569\uc744 \uc81c\uacf5\ud558\uc5ec \ubaa8\ub4e0 \uc5ec\uc815\uc5d0\uc11c \ub9cc\uc871\uc2a4\ub7ec\uc6b4 \uacbd\ud5d8\uc744 \uc120\uc0ac\ud569\ub2c8\ub2e4. \ub2f9\uc2e0\uc774 \uc77c\ud560 \ub54c\ub098 \ud3c9\uc628\ud558\uac8c \uc0b0\ucc45\ud560 \ub54c\ub098, \uc6b0\ub9ac\uc758 \uc804\uae30 \uc790\uc804\uac70\ub294 \ub2f9\uc2e0\uc758 \uc774\uc0c1\uc801\uc778 \ub3d9\ubc18\uc790\uc785\ub2c8\ub2e4.\uc6b0\ub9ac\ub294 \ub2e8\uc21c\ud55c \uae30\uc5c5 \uadf8 \uc774\uc0c1\uc785\ub2c8\ub2e4. \uc6b0\ub9ac\ub294 \uc0ac\ub78c\ub4e4\uc774 \uc6b4\uc1a1\uc744 \uc0c1\uc0c1\ud558\ub294 \ubc29\uc2dd\uc744 \ubc14\uafb8\uae30 \uc704\ud574 \ub178\ub825\ud558\ub294 \uae30\uc5c5\uc785\ub2c8\ub2e4. \uc6b0\ub9ac\ub294 \uc774\uc81c \ucc28\uc774\ub97c \ub9cc\ub4e4\uae30 \uc704\ud574 \ub178\ub825\ud558\uace0 \uc788\uc2b5\ub2c8\ub2e4. \ub354 \uc218\uc9c1\uc801\uc774\uace0 \ub354 \ud2bc\ud2bc\ud55c \ubbf8\ub798\ub97c \ud5a5\ud55c \uc5ec\uc815\uc5d0 \uc5ec\ub7ec\ubd84\uc744 \ucd08\ub300\ud569\ub2c8\ub2e4.<\/p>","protected":false},"excerpt":{"rendered":"<p>Dans la sph\u00e8re anim\u00e9e des bicyclettes \u00e9lectriques, notre entreprise se pr\u00e9sente comme un phare de l&#8217;innovation et de l&#8217;efficacit\u00e9. Nous sommes une entit\u00e9 de premier plan sur le march\u00e9 mondial des motos \u00e9lectriques, fabriquant des v\u00e9los \u00e9lectriques personnalis\u00e9s et \u00e9l\u00e9gants qui allient parfaitement fonctionnalit\u00e9 et esth\u00e9tique. Notre vision est de r\u00e9volutionner l&#8217;industrie du transport en &hellip;<\/p>\n<p class=\"read-more\"> <a class=\"\" href=\"https:\/\/electric-bicycles.net\/ko\/\uc81c\uc548\/\"> <span class=\"screen-reader-text\">\uc81c\uc548<\/span> \ub354 \ubcf4\uae30 \"<\/a><\/p>","protected":false},"author":1,"featured_media":0,"parent":0,"menu_order":0,"comment_status":"closed","ping_status":"closed","template":"","meta":{"site-sidebar-layout":"default","site-content-layout":"","ast-site-content-layout":"default","site-content-style":"default","site-sidebar-style":"default","ast-global-header-display":"","ast-banner-title-visibility":"","ast-main-header-display":"","ast-hfb-above-header-display":"","ast-hfb-below-header-display":"","ast-hfb-mobile-header-display":"","site-post-title":"","ast-breadcrumbs-content":"","ast-featured-img":"","footer-sml-layout":"","theme-transparent-header-meta":"default","adv-header-id-meta":"","stick-header-meta":"","header-above-stick-meta":"","header-main-stick-meta":"","header-below-stick-meta":"","astra-migrate-meta-layouts":"set","ngg_post_thumbnail":0,"footnotes":""},"class_list":["post-196","page","type-page","status-publish","hentry"],"aioseo_notices":[],"_links":{"self":[{"href":"https:\/\/electric-bicycles.net\/ko\/wp-json\/wp\/v2\/pages\/196","targetHints":{"allow":["GET"]}}],"collection":[{"href":"https:\/\/electric-bicycles.net\/ko\/wp-json\/wp\/v2\/pages"}],"about":[{"href":"https:\/\/electric-bicycles.net\/ko\/wp-json\/wp\/v2\/types\/page"}],"author":[{"embeddable":true,"href":"https:\/\/electric-bicycles.net\/ko\/wp-json\/wp\/v2\/users\/1"}],"replies":[{"embeddable":true,"href":"https:\/\/electric-bicycles.net\/ko\/wp-json\/wp\/v2\/comments?post=196"}],"version-history":[{"count":1,"href":"https:\/\/electric-bicycles.net\/ko\/wp-json\/wp\/v2\/pages\/196\/revisions"}],"predecessor-version":[{"id":197,"href":"https:\/\/electric-bicycles.net\/ko\/wp-json\/wp\/v2\/pages\/196\/revisions\/197"}],"wp:attachment":[{"href":"https:\/\/electric-bicycles.net\/ko\/wp-json\/wp\/v2\/media?parent=196"}],"curies":[{"name":"wp","href":"https:\/\/api.w.org\/{rel}","templated":true}]}}