{"id":196,"date":"2023-08-26T17:31:42","date_gmt":"2023-08-26T09:31:42","guid":{"rendered":"https:\/\/electric-bicycles.net\/?page_id=196"},"modified":"2023-08-26T19:15:45","modified_gmt":"2023-08-26T11:15:45","slug":"a-propos-de","status":"publish","type":"page","link":"https:\/\/electric-bicycles.net\/ja\/a-propos-de\/","title":{"rendered":"\u306b\u3064\u3044\u3066"},"content":{"rendered":"<p>\u96fb\u52d5\u30a2\u30b7\u30b9\u30c8\u81ea\u8ee2\u8eca\u306e\u6d3b\u6c17\u306e\u4e2d\u3067\u3001\u79c1\u305f\u3061\u306e\u4f1a\u793e\u306f\u9769\u65b0\u3068\u52b9\u7387\u6027\u306e\u4e00\u7ffc\u3092\u62c5\u3063\u3066\u3044\u307e\u3059\u3002\u79c1\u305f\u3061\u306f\u3001\u6a5f\u80fd\u6027\u3068\u8010\u4e45\u6027\u306b\u512a\u308c\u305f\u500b\u6027\u7684\u306a\u96fb\u52d5\u30a2\u30b7\u30b9\u30c8\u81ea\u8ee2\u8eca\u3092\u88fd\u9020\u3059\u308b\u3001\u96fb\u52d5\u30a2\u30b7\u30b9\u30c8\u81ea\u8ee2\u8eca\u306e\u4e16\u754c\u7684\u306a\u30c8\u30c3\u30d7\u4f01\u696d\u3067\u3059\u3002\u79c1\u305f\u3061\u306e\u30d3\u30b8\u30e7\u30f3\u306f\u3001\u4f1d\u7d71\u7684\u306a\u8f38\u9001\u624b\u6bb5\u306b\u4ee3\u308f\u308b\u3001\u8010\u4e45\u6027\u304c\u3042\u308a\u30ec\u30f3\u30bf\u30eb\u53ef\u80fd\u306a\u8f38\u9001\u624b\u6bb5\u3092\u63d0\u4f9b\u3059\u308b\u3053\u3068\u3067\u3001\u8f38\u9001\u696d\u754c\u3092\u5909\u9769\u3059\u308b\u3053\u3068\u3067\u3059\u3002\u3053\u306e\u30d3\u30b8\u30e7\u30f3\u306f\u3001COVID-19\u306e\u30d1\u30f3\u30c7\u30df\u30fc\u306b\u3088\u308b\u81ea\u52d5\u8eca\u71c3\u6599\u306e\u4fa1\u683c\u4e0a\u6607\u3068\u5171\u540c\u8f38\u9001\u306e\u9855\u8457\u306a\u6e1b\u5c11\u306e\u4e2d\u3067\u3001\u304b\u3064\u3066\u306a\u3044\u307b\u3069\u9069\u5207\u306a\u3082\u306e\u3067\u3059\u3002\u79c1\u305f\u3061\u306e\u96fb\u6c17\u81ea\u52d5\u8eca\u306f\u3001\u5358\u306a\u308b\u8f38\u9001\u624b\u6bb5\u3067\u306f\u3042\u308a\u307e\u305b\u3093\u3002\u79c1\u305f\u3061\u306f\u3001\u9ad8\u9a30\u3059\u308b\u904b\u8cc3\u3084\u6b63\u898f\u306e\u898f\u5236\u306e\u6b20\u5982\u306a\u3069\u306e\u554f\u984c\u3092\u514b\u670d\u3059\u308b\u305f\u3081\u306e\u30a4\u30ce\u30d9\u30fc\u30b7\u30e7\u30f3\u306e\u529b\u3092\u78ba\u4fe1\u3057\u3066\u3044\u307e\u3059\u3002\u79c1\u305f\u3061\u306f\u3001\u96fb\u6c17\u81ea\u52d5\u8eca\u3092\u8ab0\u3082\u304c\u8cfc\u5165\u3067\u304d\u308b\u3088\u3046\u306b\u3059\u308b\u305f\u3081\u3001\u653f\u5e9c\u304b\u3089\u306e\u50cd\u304d\u304b\u3051\u306b\u5354\u529b\u3057\u3001\u30b3\u30b9\u30c8\u3092\u524a\u6e1b\u3059\u308b\u305f\u3081\u306e\u9769\u65b0\u7684\u306a\u30bd\u30ea\u30e5\u30fc\u30b7\u30e7\u30f3\u3092\u5c0e\u5165\u3057\u3001\u7a4d\u6975\u7684\u306b\u53d6\u308a\u7d44\u3093\u3067\u3044\u307e\u3059\u3002\u3057\u304b\u3057\u3001\u79c1\u305f\u3061\u306e\u91ce\u671b\u306f\u3053\u3053\u3067\u7d42\u308f\u308a\u3067\u306f\u3042\u308a\u307e\u305b\u3093\u3002\u79c1\u305f\u3061\u306f\u96fb\u6c17\u81ea\u52d5\u8eca\u3092\u4f5c\u308b\u3053\u3068\u306b\u6e80\u8db3\u3059\u308b\u306e\u3067\u306f\u306a\u304f\u3001\u751f\u6d3b\u30b9\u30bf\u30a4\u30eb\u306e\u30d6\u30e9\u30f3\u30c9\u3092\u69cb\u7bc9\u3059\u308b\u306e\u3067\u3059\u3002\u79c1\u305f\u3061\u306f\u3001\u73fe\u4ee3\u306b\u304a\u3051\u308b\u30b3\u30cd\u30af\u30c6\u30a3\u30d3\u30c6\u30a3\u306e\u53ef\u80fd\u6027\u3092\u7406\u89e3\u3057\u3001\u96fb\u6c17\u88fd\u54c1\u306b\u900f\u904e\u7684\u306a\u30b3\u30cd\u30af\u30c6\u30a3\u30d3\u30c6\u30a3\u3068\u7d71\u5408\u6a5f\u80fd\u3092\u7d44\u307f\u8fbc\u3093\u3067\u3044\u307e\u3059\u3002\u79c1\u305f\u3061\u306e\u96fb\u6c17\u81ea\u52d5\u8eca\u306f\u3001\u73fe\u4ee3\u306e\u6d88\u8cbb\u8005\u5411\u3051\u306b\u8a2d\u8a08\u3055\u308c\u3066\u304a\u308a\u3001\u30a8\u30ec\u30ac\u30f3\u30c8\u3067\u52b9\u7387\u7684\u304b\u3064\u9769\u65b0\u7684\u3067\u3059\u3002\u72ec\u81ea\u306e\u6027\u80fd\u3068\u5feb\u9069\u6027\u3092\u4f75\u305b\u6301\u3061\u3001\u3042\u3089\u3086\u308b\u5834\u9762\u3067\u5feb\u9069\u306a\u4f53\u9a13\u3092\u304a\u5c4a\u3051\u3057\u307e\u3059\u3002\u79c1\u305f\u3061\u306f\u5358\u306a\u308b\u4f01\u696d\u3067\u306f\u3042\u308a\u307e\u305b\u3093\u3002\u79c1\u305f\u3061\u306f\u3001\u4eba\u3005\u304c\u79fb\u52d5\u306b\u62b1\u304f\u30a4\u30e1\u30fc\u30b8\u3092\u5909\u3048\u308b\u3053\u3068\u306b\u53d6\u308a\u7d44\u3093\u3067\u3044\u308b\u30e0\u30fc\u30d6\u30e1\u30f3\u30c8\u3067\u3059\u3002\u79c1\u305f\u3061\u306f\u9055\u3044\u3092\u751f\u307f\u51fa\u3059\u305f\u3081\u306b\u3053\u3053\u306b\u3044\u307e\u3059\u3002\u79c1\u305f\u3061\u306f\u3001\u3088\u308a\u9752\u304f\u3001\u3088\u308a\u6c38\u7d9a\u7684\u306a\u672a\u6765\u3078\u306e\u822a\u6d77\u306b\u3054\u4e00\u7dd2\u3057\u307e\u305b\u3093\u304b\u3002<\/p>","protected":false},"excerpt":{"rendered":"<p>Dans la sph\u00e8re anim\u00e9e des bicyclettes \u00e9lectriques, notre entreprise se pr\u00e9sente comme un phare de l&#8217;innovation et de l&#8217;efficacit\u00e9. Nous sommes une entit\u00e9 de premier plan sur le march\u00e9 mondial des motos \u00e9lectriques, fabriquant des v\u00e9los \u00e9lectriques personnalis\u00e9s et \u00e9l\u00e9gants qui allient parfaitement fonctionnalit\u00e9 et esth\u00e9tique. Notre vision est de r\u00e9volutionner l&#8217;industrie du transport en offrant une alternative durable et rentable aux modes de transport traditionnels. Cette vision n&#8217;a jamais \u00e9t\u00e9 aussi pertinente que dans le sillage de l&#8217;augmentation du prix des carburants et du d\u00e9clin notable des transports en commun d\u00fb \u00e0 la pand\u00e9mie de COVID-19.Nos v\u00e9los \u00e9lectriques sont plus qu&#8217;un simple mode de transport ; ils t\u00e9moignent de &hellip;<\/p>\n<p class=\"read-more\"> <a class=\"\" href=\"https:\/\/electric-bicycles.net\/ja\/a-propos-de\/\"> <span class=\"screen-reader-text\">\u306b\u3064\u3044\u3066<\/span> \u3082\u3063\u3068\u8aad\u3080 \"<\/a><\/p>","protected":false},"author":1,"featured_media":0,"parent":0,"menu_order":0,"comment_status":"closed","ping_status":"closed","template":"","meta":{"site-sidebar-layout":"default","site-content-layout":"","ast-site-content-layout":"default","site-content-style":"default","site-sidebar-style":"default","ast-global-header-display":"","ast-banner-title-visibility":"","ast-main-header-display":"","ast-hfb-above-header-display":"","ast-hfb-below-header-display":"","ast-hfb-mobile-header-display":"","site-post-title":"","ast-breadcrumbs-content":"","ast-featured-img":"","footer-sml-layout":"","theme-transparent-header-meta":"default","adv-header-id-meta":"","stick-header-meta":"","header-above-stick-meta":"","header-main-stick-meta":"","header-below-stick-meta":"","astra-migrate-meta-layouts":"set","ngg_post_thumbnail":0,"footnotes":""},"class_list":["post-196","page","type-page","status-publish","hentry"],"aioseo_notices":[],"_links":{"self":[{"href":"https:\/\/electric-bicycles.net\/ja\/wp-json\/wp\/v2\/pages\/196","targetHints":{"allow":["GET"]}}],"collection":[{"href":"https:\/\/electric-bicycles.net\/ja\/wp-json\/wp\/v2\/pages"}],"about":[{"href":"https:\/\/electric-bicycles.net\/ja\/wp-json\/wp\/v2\/types\/page"}],"author":[{"embeddable":true,"href":"https:\/\/electric-bicycles.net\/ja\/wp-json\/wp\/v2\/users\/1"}],"replies":[{"embeddable":true,"href":"https:\/\/electric-bicycles.net\/ja\/wp-json\/wp\/v2\/comments?post=196"}],"version-history":[{"count":1,"href":"https:\/\/electric-bicycles.net\/ja\/wp-json\/wp\/v2\/pages\/196\/revisions"}],"predecessor-version":[{"id":197,"href":"https:\/\/electric-bicycles.net\/ja\/wp-json\/wp\/v2\/pages\/196\/revisions\/197"}],"wp:attachment":[{"href":"https:\/\/electric-bicycles.net\/ja\/wp-json\/wp\/v2\/media?parent=196"}],"curies":[{"name":"wp","href":"https:\/\/api.w.org\/{rel}","templated":true}]}}