{"id":196,"date":"2023-08-26T17:31:42","date_gmt":"2023-08-26T09:31:42","guid":{"rendered":"https:\/\/electric-bicycles.net\/?page_id=196"},"modified":"2023-08-26T19:15:45","modified_gmt":"2023-08-26T11:15:45","slug":"a-propos-de","status":"publish","type":"page","link":"https:\/\/electric-bicycles.net\/it\/a-propos-de\/","title":{"rendered":"a proposito di"},"content":{"rendered":"<p>Nello scenario animato delle biciclette elettriche, la nostra azienda si presenta come un attore dell'innovazione e dell'efficienza. Siamo un'azienda di primo piano sul mercato mondiale delle moto elettriche, che produce veicoli elettrici personalizzati ed efficienti, dotati di un'ottima funzionalit\u00e0 ed estetica. La nostra visione \u00e8 quella di rivoluzionare l'industria dei trasporti offrendo un'alternativa durevole e affittabile ai mezzi di trasporto tradizionali. Questa visione non \u00e8 mai stata cos\u00ec pertinente come nel momento in cui si \u00e8 verificato l'aumento del prezzo dei carburanti e il declino notevole dei trasporti in comune dovuto alla pandemia di COVID-19. I nostri veicoli elettrici sono pi\u00f9 di un semplice mezzo di trasporto; essi testimoniano il nostro impegno a creare soluzioni di viaggio rispettose dell'ambiente. Crediamo nel potere dell'innovazione per superare i problemi come i costi d'acquisto elevati e l'assenza di una normativa normale. Lavoriamo attivamente per rendere i nostri veicoli elettrici accessibili a tutti, prendendo parte agli incentivi governativi e introducendo soluzioni innovative per ridurre i costi. Ma la nostra ambizione non si ferma qui. Non ci accontentiamo di creare dei veicoli elettrici, ma costruiamo un marchio di stile di vita. Conosciamo le potenzialit\u00e0 della connettivit\u00e0 nel mondo digitale di oggi e incorporiamo nei nostri apparecchi elettrici soluzioni di connettivit\u00e0 a punta e funzioni di integrazione trasparenti. Questo permette ai nostri clienti di rimanere connessi e di trarre profitto dal loro viaggio, migliorando cos\u00ec la loro esperienza globale. Le nostre moto elettriche sono concepite per il consumatore moderno - eleganti, efficaci e innovative. Offrono un mix unico di prestazioni e comfort, rendendo ogni viaggio un'esperienza piacevole. Sia che vi troviate al lavoro, sia che vi troviate a passeggiare tranquillamente, i nostri velivoli elettrici sono il vostro compagno di viaggio ideale. Siamo un movimento che si impegna a cambiare il modo in cui la gente affronta il trasporto. Siamo qui per fare la differenza, una moto elettrica al volo. Vi invitiamo a unirvi a noi nel nostro viaggio verso un futuro pi\u00f9 verticale e pi\u00f9 duraturo.<\/p>","protected":false},"excerpt":{"rendered":"<p>Dans la sph\u00e8re anim\u00e9e des bicyclettes \u00e9lectriques, notre entreprise se pr\u00e9sente comme un phare de l&#8217;innovation et de l&#8217;efficacit\u00e9. Nous sommes une entit\u00e9 de premier plan sur le march\u00e9 mondial des motos \u00e9lectriques, fabriquant des v\u00e9los \u00e9lectriques personnalis\u00e9s et \u00e9l\u00e9gants qui allient parfaitement fonctionnalit\u00e9 et esth\u00e9tique. Notre vision est de r\u00e9volutionner l&#8217;industrie du transport en &hellip;<\/p>\n<p class=\"read-more\"> <a class=\"\" href=\"https:\/\/electric-bicycles.net\/it\/a-propos-de\/\"> <span class=\"screen-reader-text\">a proposito di<\/span> Leggi altro \"<\/a><\/p>","protected":false},"author":1,"featured_media":0,"parent":0,"menu_order":0,"comment_status":"closed","ping_status":"closed","template":"","meta":{"site-sidebar-layout":"default","site-content-layout":"","ast-site-content-layout":"default","site-content-style":"default","site-sidebar-style":"default","ast-global-header-display":"","ast-banner-title-visibility":"","ast-main-header-display":"","ast-hfb-above-header-display":"","ast-hfb-below-header-display":"","ast-hfb-mobile-header-display":"","site-post-title":"","ast-breadcrumbs-content":"","ast-featured-img":"","footer-sml-layout":"","theme-transparent-header-meta":"default","adv-header-id-meta":"","stick-header-meta":"","header-above-stick-meta":"","header-main-stick-meta":"","header-below-stick-meta":"","astra-migrate-meta-layouts":"set","ngg_post_thumbnail":0,"footnotes":""},"class_list":["post-196","page","type-page","status-publish","hentry"],"aioseo_notices":[],"_links":{"self":[{"href":"https:\/\/electric-bicycles.net\/it\/wp-json\/wp\/v2\/pages\/196","targetHints":{"allow":["GET"]}}],"collection":[{"href":"https:\/\/electric-bicycles.net\/it\/wp-json\/wp\/v2\/pages"}],"about":[{"href":"https:\/\/electric-bicycles.net\/it\/wp-json\/wp\/v2\/types\/page"}],"author":[{"embeddable":true,"href":"https:\/\/electric-bicycles.net\/it\/wp-json\/wp\/v2\/users\/1"}],"replies":[{"embeddable":true,"href":"https:\/\/electric-bicycles.net\/it\/wp-json\/wp\/v2\/comments?post=196"}],"version-history":[{"count":1,"href":"https:\/\/electric-bicycles.net\/it\/wp-json\/wp\/v2\/pages\/196\/revisions"}],"predecessor-version":[{"id":197,"href":"https:\/\/electric-bicycles.net\/it\/wp-json\/wp\/v2\/pages\/196\/revisions\/197"}],"wp:attachment":[{"href":"https:\/\/electric-bicycles.net\/it\/wp-json\/wp\/v2\/media?parent=196"}],"curies":[{"name":"wp","href":"https:\/\/api.w.org\/{rel}","templated":true}]}}