{"id":196,"date":"2023-08-26T17:31:42","date_gmt":"2023-08-26T09:31:42","guid":{"rendered":"https:\/\/electric-bicycles.net\/?page_id=196"},"modified":"2023-08-26T19:15:45","modified_gmt":"2023-08-26T11:15:45","slug":"a-propos-de","status":"publish","type":"page","link":"https:\/\/electric-bicycles.net\/hu\/a-propos-de\/","title":{"rendered":"\u00e0 propos de"},"content":{"rendered":"<p>Az elektromos ker\u00e9kp\u00e1rok \u00e9l\u00e9nk f\u00e9ny\u00e9ben a v\u00e1llalatunk az innov\u00e1ci\u00f3 \u00e9s a hat\u00e9konys\u00e1g fellegv\u00e1rak\u00e9nt jelenik meg. Nous sommes une entit\u00e9 de premier plan sur le march\u00e9 mondial des motos \u00e9lectriques, fabriquant des v\u00e9los \u00e9lectriques personnalis\u00e9s et \u00e9l\u00e9gants qui allient parfaitement fonctionnalit\u00e9 et esth\u00e9tique. Notre vision est de r\u00e9volutionner l'industrie du transport en offrant une alternative durable et rentable aux modes de transport traditionnels. Cette vision n'a jamais \u00e9t\u00e9 aussi pertinente que dans le sillage de l'augmentation du prix du carburants et du d\u00e9clin notable des transports en commun d\u0171 \u00e0 la pand\u00e9mie de COVID-19.Nos v\u00e9los \u00e9lectriques sont plus qu'un simple mode de transport ; ils t\u00e9moignent de notre engagement \u00e0 cr\u00e9er des solutions de voyage respectueuses de l'environnement. Nous croyons au pouvoir de l'innovation pour surmonter des d\u00e9fis tels que les co\u0171ts d'achat \u00e9lev\u00e9s et l'absence de r\u00e9glementation normalis\u00e9e. Akt\u00edvan dolgozunk azon, hogy elektromos j\u00e1rm\u0171veinket mindenki sz\u00e1m\u00e1ra hozz\u00e1f\u00e9rhet\u0151v\u00e9 tegy\u00fck, r\u00e9szt vesz\u00fcnk a korm\u00e1nyzati \u00f6szt\u00f6nz\u00e9sekben \u00e9s innovat\u00edv megold\u00e1sokat vezet\u00fcnk be a k\u00f6lts\u00e9gek cs\u00f6kkent\u00e9s\u00e9re. Mais notre ambition ne s'arr\u00eate pas l\u00e0. Nous ne nous contentons pas de cr\u00e9er des v\u00e9los \u00e9lectriques, nous construisons une marque de style de vie. Nous comprenons le pouvoir de la connectivit\u00e9 dans le monde num\u00e9rique d'aujourd'hui, et nous incorporons des solutions de connectivit\u00e9 de pointe et des fonctions d'int\u00e9gration transparentes dans nos v\u00e9los \u00e9lectriques. Cela permet \u00e0 nos customers de remet rester connect\u00e9s tout en profitant de leur trajet, am\u00e9liorant ainsi leur exp\u00e9rience glob\u00e1l.Nos motos \u00e9lectriques sont con\u00e7ues pour le consommateur moderne - \u00e9l\u00e9gantes, efficaces et innovantes. Elles offrent un m\u00e9lange unique de performance et de confort, faisant de chaque trajet une exp\u00e9rience agr\u00e9able. Que vous vous vous rendiez au travail ou que vous vous vous promeniez tranquillement, nos v\u00e9los \u00e9lectriques sont votre compagnon id\u00e9al.Nous sommes plus qu'une simple entreprise. Nous sommes un mouvement qui s'est engag\u00e9 \u00e0 changer la fa\u00e7on dont les gens envisagent le transport. Nous sommes l\u00e0 pour faire la diff\u00e9rence, une moto \u00e9lectrique \u00e0 la fois. Nous vous invitons \u00e0 nous rejoindre dans notre voyage vers un avenir plus vert et plus durable.<\/p>","protected":false},"excerpt":{"rendered":"<p>Az elektromos ker\u00e9kp\u00e1rok \u00e9l\u00e9nk f\u00e9ny\u00e9ben a v\u00e1llalatunk az innov\u00e1ci\u00f3 \u00e9s a hat\u00e9konys\u00e1g fellegv\u00e1rak\u00e9nt jelenik meg. Nous sommes une entit\u00e9 de premier plan sur le march\u00e9 mondial des motos \u00e9lectriques, fabriquant des v\u00e9los \u00e9lectriques personnalis\u00e9s et \u00e9l\u00e9gants qui allient parfaitement fonctionnalit\u00e9 et esth\u00e9tique. Notre vision est de r\u00e9volutionner l'industrie du transport en ...<\/p>\n<p class=\"read-more\"> <a class=\"\" href=\"https:\/\/electric-bicycles.net\/hu\/a-propos-de\/\"> <span class=\"screen-reader-text\">\u00e0 propos de<\/span> Olvass tov\u00e1bb \"<\/a><\/p>","protected":false},"author":1,"featured_media":0,"parent":0,"menu_order":0,"comment_status":"closed","ping_status":"closed","template":"","meta":{"site-sidebar-layout":"default","site-content-layout":"","ast-site-content-layout":"default","site-content-style":"default","site-sidebar-style":"default","ast-global-header-display":"","ast-banner-title-visibility":"","ast-main-header-display":"","ast-hfb-above-header-display":"","ast-hfb-below-header-display":"","ast-hfb-mobile-header-display":"","site-post-title":"","ast-breadcrumbs-content":"","ast-featured-img":"","footer-sml-layout":"","theme-transparent-header-meta":"default","adv-header-id-meta":"","stick-header-meta":"","header-above-stick-meta":"","header-main-stick-meta":"","header-below-stick-meta":"","astra-migrate-meta-layouts":"set","ngg_post_thumbnail":0,"footnotes":""},"class_list":["post-196","page","type-page","status-publish","hentry"],"aioseo_notices":[],"_links":{"self":[{"href":"https:\/\/electric-bicycles.net\/hu\/wp-json\/wp\/v2\/pages\/196","targetHints":{"allow":["GET"]}}],"collection":[{"href":"https:\/\/electric-bicycles.net\/hu\/wp-json\/wp\/v2\/pages"}],"about":[{"href":"https:\/\/electric-bicycles.net\/hu\/wp-json\/wp\/v2\/types\/page"}],"author":[{"embeddable":true,"href":"https:\/\/electric-bicycles.net\/hu\/wp-json\/wp\/v2\/users\/1"}],"replies":[{"embeddable":true,"href":"https:\/\/electric-bicycles.net\/hu\/wp-json\/wp\/v2\/comments?post=196"}],"version-history":[{"count":1,"href":"https:\/\/electric-bicycles.net\/hu\/wp-json\/wp\/v2\/pages\/196\/revisions"}],"predecessor-version":[{"id":197,"href":"https:\/\/electric-bicycles.net\/hu\/wp-json\/wp\/v2\/pages\/196\/revisions\/197"}],"wp:attachment":[{"href":"https:\/\/electric-bicycles.net\/hu\/wp-json\/wp\/v2\/media?parent=196"}],"curies":[{"name":"wp","href":"https:\/\/api.w.org\/{rel}","templated":true}]}}