{"id":172,"date":"2023-08-26T17:31:42","date_gmt":"2023-08-26T09:31:42","guid":{"rendered":"https:\/\/electric-bicycles.net\/?page_id=172"},"modified":"2024-05-31T07:56:58","modified_gmt":"2024-05-30T23:56:58","slug":"about","status":"publish","type":"page","link":"https:\/\/electric-bicycles.net\/hu\/","title":{"rendered":"a  honlapr\u00f3l"},"content":{"rendered":"<p><img loading=\"lazy\" decoding=\"async\" class=\"size-full wp-image-184 aligncenter\" src=\"http:\/\/electric-bicycles.net\/wp-content\/uploads\/2023\/08\/banners-of-electric-bicycles.jpg\" alt=\"elektromos ker\u00e9kp\u00e1rok bannerjei\" width=\"800\" height=\"534\" srcset=\"https:\/\/electric-bicycles.net\/wp-content\/uploads\/2023\/08\/banners-of-electric-bicycles.jpg 800w, https:\/\/electric-bicycles.net\/wp-content\/uploads\/2023\/08\/banners-of-electric-bicycles-300x200.jpg 300w, https:\/\/electric-bicycles.net\/wp-content\/uploads\/2023\/08\/banners-of-electric-bicycles-768x513.jpg 768w\" sizes=\"auto, (max-width: 800px) 100vw, 800px\" \/><\/p>\n<p>Az elektromos ker\u00e9kp\u00e1rok ny\u00fczsg\u0151 szf\u00e9r\u00e1j\u00e1ban v\u00e1llalatunk az innov\u00e1ci\u00f3 \u00e9s a hat\u00e9konys\u00e1g jelz\u0151f\u00e9nye. A glob\u00e1lis elektromos motorker\u00e9kp\u00e1r-piac egyik vezet\u0151 szerepl\u0151je vagyunk, olyan egyedi gy\u00e1rt\u00e1s\u00fa, st\u00edlusos elektromos ker\u00e9kp\u00e1rokat k\u00e9sz\u00edt\u00fcnk, amelyek t\u00f6k\u00e9letesen \u00f6tv\u00f6zik a funkcionalit\u00e1st \u00e9s az eszt\u00e9tik\u00e1t.V\u00edzi\u00f3nk az, hogy forradalmas\u00edtsuk a k\u00f6zleked\u00e9si ipar\u00e1gat az\u00e1ltal, hogy fenntarthat\u00f3, k\u00f6lts\u00e9ghat\u00e9kony alternat\u00edv\u00e1t k\u00edn\u00e1lunk a hagyom\u00e1nyos k\u00f6zleked\u00e9si m\u00f3dokkal szemben. Ez a v\u00edzi\u00f3 soha nem volt aktu\u00e1lisabb, mint az emelked\u0151 \u00fczemanyagk\u00f6lts\u00e9gek \u00e9s a COVID-19 j\u00e1rv\u00e1ny miatt a t\u00f6megk\u00f6zleked\u00e9s \u00e9rezhet\u0151 cs\u00f6kken\u00e9se miatt. elektromos ker\u00e9kp\u00e1rjaink t\u00f6bb mint egy k\u00f6zleked\u00e9si eszk\u00f6z; ezek a ker\u00e9kp\u00e1rok a k\u00f6rnyezetbar\u00e1t utaz\u00e1si megold\u00e1sok megteremt\u00e9se ir\u00e1nti elk\u00f6telezetts\u00e9g\u00fcnk bizony\u00edt\u00e9ka. Hisz\u00fcnk az innov\u00e1ci\u00f3 erej\u00e9ben, amellyel lek\u00fczdhetj\u00fck az olyan kih\u00edv\u00e1sokat, mint a magas beszerz\u00e9si k\u00f6lts\u00e9gek \u00e9s az egys\u00e9ges szab\u00e1lyoz\u00e1s hi\u00e1nya. Akt\u00edvan dolgozunk azon, hogy elektromos ker\u00e9kp\u00e1rjainkat mindenki sz\u00e1m\u00e1ra el\u00e9rhet\u0151v\u00e9 tegy\u00fck, kihaszn\u00e1lva a korm\u00e1nyzati \u00f6szt\u00f6nz\u0151ket, \u00e9s innovat\u00edv megold\u00e1sokat vezet\u00fcnk be a k\u00f6lts\u00e9gek cs\u00f6kkent\u00e9se \u00e9rdek\u00e9ben, de amb\u00edci\u00f3ink nem \u00e1llnak meg itt. Nem csak l\u00e9trehozzuk <strong>elektromos ker\u00e9kp\u00e1rok, l\u00edtium akkumul\u00e1tor, l\u00edtium akkumul\u00e1torok, l\u00edtium akkumul\u00e1torok<\/strong>; egy \u00e9letm\u00f3dm\u00e1rk\u00e1t \u00e9p\u00edt\u00fcnk. Meg\u00e9rtj\u00fck a csatlakoztathat\u00f3s\u00e1g erej\u00e9t a mai digit\u00e1lis vil\u00e1gban, \u00e9s a legmodernebb csatlakoztathat\u00f3s\u00e1gi megold\u00e1sokat \u00e9s z\u00f6kken\u0151mentes integr\u00e1ci\u00f3s funkci\u00f3kat \u00e9p\u00edt\u00fcnk be elektromos ker\u00e9kp\u00e1rjainkba. Ez lehet\u0151v\u00e9 teszi \u00fcgyfeleink sz\u00e1m\u00e1ra, hogy mik\u00f6zben \u00e9lvezik az utaz\u00e1st, kapcsolatban maradjanak, \u00edgy jav\u00edtva az \u00e1ltal\u00e1nos \u00e9lm\u00e9nyt. elektromos motorker\u00e9kp\u00e1rjainkat a modern fogyaszt\u00f3 sz\u00e1m\u00e1ra tervezt\u00fck - st\u00edlusosak, hat\u00e9konyak \u00e9s innovat\u00edvak. A teljes\u00edtm\u00e9ny \u00e9s a k\u00e9nyelem egyed\u00fcl\u00e1ll\u00f3 kever\u00e9k\u00e9t k\u00edn\u00e1lj\u00e1k, \u00edgy minden utaz\u00e1s \u00f6r\u00f6mteli \u00e9lm\u00e9nny\u00e9 v\u00e1lik. Ak\u00e1r munk\u00e1ba ing\u00e1zik, ak\u00e1r egy laza kir\u00e1ndul\u00e1sra indul, elektromos ker\u00e9kp\u00e1rjaink t\u00f6k\u00e9letes t\u00e1rsak. mi t\u00f6bb vagyunk, mint egy v\u00e1llalat. Mi egy mozgalom vagyunk, amely elk\u00f6telezett amellett, hogy megv\u00e1ltoztassa az emberek gondolkod\u00e1s\u00e1t a k\u00f6zleked\u00e9sr\u0151l. Az\u00e9rt vagyunk itt, hogy v\u00e1ltoz\u00e1st hozzunk, egyszerre egy elektromos motorker\u00e9kp\u00e1rral. Megh\u00edvjuk \u00d6nt, hogy csatlakozzon hozz\u00e1nk a z\u00f6ldebb, fenntarthat\u00f3bb j\u00f6v\u0151 fel\u00e9 vezet\u0151 utunkon.<\/p>","protected":false},"excerpt":{"rendered":"<p>In the bustling sphere of electric bicycles, our company stands as a beacon of innovation and efficiency. We are a leading entity in the global electric motorcycle market, crafting custom-made, stylish electric bicycles that perfectly blend functionality and aesthetics.Our vision is to revolutionize the transportation industry by offering a sustainable, cost-effective alternative to traditional modes &hellip;<\/p>\n<p class=\"read-more\"> <a class=\"\" href=\"https:\/\/electric-bicycles.net\/hu\/\"> <span class=\"screen-reader-text\">a  honlapr\u00f3l<\/span> Olvass tov\u00e1bb \"<\/a><\/p>","protected":false},"author":1,"featured_media":0,"parent":0,"menu_order":0,"comment_status":"closed","ping_status":"closed","template":"","meta":{"site-sidebar-layout":"default","site-content-layout":"","ast-site-content-layout":"default","site-content-style":"default","site-sidebar-style":"default","ast-global-header-display":"","ast-banner-title-visibility":"","ast-main-header-display":"","ast-hfb-above-header-display":"","ast-hfb-below-header-display":"","ast-hfb-mobile-header-display":"","site-post-title":"","ast-breadcrumbs-content":"","ast-featured-img":"","footer-sml-layout":"","theme-transparent-header-meta":"default","adv-header-id-meta":"","stick-header-meta":"","header-above-stick-meta":"","header-main-stick-meta":"","header-below-stick-meta":"","astra-migrate-meta-layouts":"set","ngg_post_thumbnail":0,"footnotes":""},"class_list":["post-172","page","type-page","status-publish","hentry"],"aioseo_notices":[],"_links":{"self":[{"href":"https:\/\/electric-bicycles.net\/hu\/wp-json\/wp\/v2\/pages\/172","targetHints":{"allow":["GET"]}}],"collection":[{"href":"https:\/\/electric-bicycles.net\/hu\/wp-json\/wp\/v2\/pages"}],"about":[{"href":"https:\/\/electric-bicycles.net\/hu\/wp-json\/wp\/v2\/types\/page"}],"author":[{"embeddable":true,"href":"https:\/\/electric-bicycles.net\/hu\/wp-json\/wp\/v2\/users\/1"}],"replies":[{"embeddable":true,"href":"https:\/\/electric-bicycles.net\/hu\/wp-json\/wp\/v2\/comments?post=172"}],"version-history":[{"count":7,"href":"https:\/\/electric-bicycles.net\/hu\/wp-json\/wp\/v2\/pages\/172\/revisions"}],"predecessor-version":[{"id":376,"href":"https:\/\/electric-bicycles.net\/hu\/wp-json\/wp\/v2\/pages\/172\/revisions\/376"}],"wp:attachment":[{"href":"https:\/\/electric-bicycles.net\/hu\/wp-json\/wp\/v2\/media?parent=172"}],"curies":[{"name":"wp","href":"https:\/\/api.w.org\/{rel}","templated":true}]}}