{"id":196,"date":"2023-08-26T17:31:42","date_gmt":"2023-08-26T09:31:42","guid":{"rendered":"https:\/\/electric-bicycles.net\/?page_id=196"},"modified":"2023-08-26T19:15:45","modified_gmt":"2023-08-26T11:15:45","slug":"a-propos-de","status":"publish","type":"page","link":"https:\/\/electric-bicycles.net\/fi\/a-propos-de\/","title":{"rendered":"\u00e0 propos de"},"content":{"rendered":"<p>S\u00e4hk\u00f6polkupy\u00f6rien elinvoimaisuudessa yrityksemme on innovaatioiden ja tehokkuuden edist\u00e4j\u00e4. Nous sommes une entit\u00e9 de premier plan sur le march\u00e9 mondial des motos \u00e9lectriques, fabriquant des v\u00e9los \u00e9lectriques personnalis\u00e9s et \u00e9l\u00e9gants qui allient parfaitement fonctionnalit\u00e9 et esth\u00e9tique. Meid\u00e4n visiomme on mullistaa kuljetusala tarjoamalla perinteisille kuljetusmuodoille kest\u00e4v\u00e4n ja vuokrattavan vaihtoehdon. T\u00e4m\u00e4 visio ei ole koskaan ollut yht\u00e4 ajankohtainen kuin COVID-19:n pandemian aiheuttaman hiilihydraattihintojen nousun ja yhteis\u00f6n kuljetusten huomattavan laskun vuoksi.S\u00e4hk\u00f6k\u00e4ytt\u00f6iset kulkuneuvomme ovat enemm\u00e4n kuin pelkk\u00e4 kuljetusmuoto; ne ovat osoitus sitoutumisestamme ymp\u00e4rist\u00f6\u00e4 s\u00e4\u00e4st\u00e4vien matkaratkaisujen luomiseen. Uskomme innovaatiokykyyn, jotta voimme voittaa sellaiset ongelmat kuin korkeat ostokustannukset ja normalisoidun s\u00e4\u00e4ntelyn puuttuminen. Pyrimme aktiivisesti tekem\u00e4\u00e4n s\u00e4hk\u00f6laitteista kaikkien saatavilla olevia, osallistumalla valtiollisiin kannustimiin ja ottamalla k\u00e4ytt\u00f6\u00f6n innovatiivisia ratkaisuja kustannusten alentamiseksi. Mais notre ambition ne s'arr\u00eate pas l\u00e0. Emme tyydy en\u00e4\u00e4 s\u00e4hk\u00f6isten ajoneuvojen luomiseen, vaan rakennamme el\u00e4m\u00e4ntyylin merkki\u00e4. Ymm\u00e4rr\u00e4mme kytkeytymisen mahdollisuudet nykyp\u00e4iv\u00e4n numeerisessa maailmassa, ja sis\u00e4llyt\u00e4mme s\u00e4hk\u00f6k\u00e4ytt\u00f6isiin televisioihimme huippuluokan kytkent\u00e4ratkaisuja ja l\u00e4pin\u00e4kyvi\u00e4 integrointitoimintoja. Cela permet \u00e0 nos clients de rester connect\u00e9s tout en profitant de leur trajet, am\u00e9liorant ainsi leur exp\u00e9rience globaali.Nos motos \u00e9lectriques sont con\u00e7ues pour le consommateur moderne - \u00e9l\u00e9gantes, efficaces et innovantes. Ne tarjoavat ainutlaatuisen yhdistelm\u00e4n suorituskyky\u00e4 ja mukavuutta, mik\u00e4 tekee jokaisesta matkasta miellytt\u00e4v\u00e4n kokemuksen. Que vous vous rendiez au travail ou que vous vous promeniez tranquillement, nos v\u00e9los \u00e9lectriques sont votre compagnon id\u00e9al.Nous sommes plus qu'une simple entreprise. Olemme liike, joka on sitoutunut muuttamaan tapaa, jolla ihmiset suhtautuvat liikenteeseen. Olemme nyt paikalla, jotta voimme tehd\u00e4 eron, ja viel\u00e4p\u00e4 s\u00e4hk\u00f6moottorilla. Kutsumme teid\u00e4t mukaan matkallemme kohti tulevaisuutta, joka on uskottavampi ja kest\u00e4v\u00e4mpi.<\/p>","protected":false},"excerpt":{"rendered":"<p>Dans la sph\u00e8re anim\u00e9e des bicyclettes \u00e9lectriques, notre entreprise se pr\u00e9sente comme un phare de l&#8217;innovation et de l&#8217;efficacit\u00e9. Nous sommes une entit\u00e9 de premier plan sur le march\u00e9 mondial des motos \u00e9lectriques, fabriquant des v\u00e9los \u00e9lectriques personnalis\u00e9s et \u00e9l\u00e9gants qui allient parfaitement fonctionnalit\u00e9 et esth\u00e9tique. Notre vision est de r\u00e9volutionner l&#8217;industrie du transport en &hellip;<\/p>\n<p class=\"read-more\"> <a class=\"\" href=\"https:\/\/electric-bicycles.net\/fi\/a-propos-de\/\"> <span class=\"screen-reader-text\">\u00e0 propos de<\/span> Lue lis\u00e4\u00e4 \"<\/a><\/p>","protected":false},"author":1,"featured_media":0,"parent":0,"menu_order":0,"comment_status":"closed","ping_status":"closed","template":"","meta":{"site-sidebar-layout":"default","site-content-layout":"","ast-site-content-layout":"default","site-content-style":"default","site-sidebar-style":"default","ast-global-header-display":"","ast-banner-title-visibility":"","ast-main-header-display":"","ast-hfb-above-header-display":"","ast-hfb-below-header-display":"","ast-hfb-mobile-header-display":"","site-post-title":"","ast-breadcrumbs-content":"","ast-featured-img":"","footer-sml-layout":"","theme-transparent-header-meta":"default","adv-header-id-meta":"","stick-header-meta":"","header-above-stick-meta":"","header-main-stick-meta":"","header-below-stick-meta":"","astra-migrate-meta-layouts":"set","ngg_post_thumbnail":0,"footnotes":""},"class_list":["post-196","page","type-page","status-publish","hentry"],"aioseo_notices":[],"_links":{"self":[{"href":"https:\/\/electric-bicycles.net\/fi\/wp-json\/wp\/v2\/pages\/196","targetHints":{"allow":["GET"]}}],"collection":[{"href":"https:\/\/electric-bicycles.net\/fi\/wp-json\/wp\/v2\/pages"}],"about":[{"href":"https:\/\/electric-bicycles.net\/fi\/wp-json\/wp\/v2\/types\/page"}],"author":[{"embeddable":true,"href":"https:\/\/electric-bicycles.net\/fi\/wp-json\/wp\/v2\/users\/1"}],"replies":[{"embeddable":true,"href":"https:\/\/electric-bicycles.net\/fi\/wp-json\/wp\/v2\/comments?post=196"}],"version-history":[{"count":1,"href":"https:\/\/electric-bicycles.net\/fi\/wp-json\/wp\/v2\/pages\/196\/revisions"}],"predecessor-version":[{"id":197,"href":"https:\/\/electric-bicycles.net\/fi\/wp-json\/wp\/v2\/pages\/196\/revisions\/197"}],"wp:attachment":[{"href":"https:\/\/electric-bicycles.net\/fi\/wp-json\/wp\/v2\/media?parent=196"}],"curies":[{"name":"wp","href":"https:\/\/api.w.org\/{rel}","templated":true}]}}