{"id":172,"date":"2023-08-26T17:31:42","date_gmt":"2023-08-26T09:31:42","guid":{"rendered":"https:\/\/electric-bicycles.net\/?page_id=172"},"modified":"2024-05-31T07:56:58","modified_gmt":"2024-05-30T23:56:58","slug":"about","status":"publish","type":"page","link":"https:\/\/electric-bicycles.net\/fi\/","title":{"rendered":"Tietoja"},"content":{"rendered":"<p><img loading=\"lazy\" decoding=\"async\" class=\"size-full wp-image-184 aligncenter\" src=\"http:\/\/electric-bicycles.net\/wp-content\/uploads\/2023\/08\/banners-of-electric-bicycles.jpg\" alt=\"s\u00e4hk\u00f6polkupy\u00f6rien bannerit\" width=\"800\" height=\"534\" srcset=\"https:\/\/electric-bicycles.net\/wp-content\/uploads\/2023\/08\/banners-of-electric-bicycles.jpg 800w, https:\/\/electric-bicycles.net\/wp-content\/uploads\/2023\/08\/banners-of-electric-bicycles-300x200.jpg 300w, https:\/\/electric-bicycles.net\/wp-content\/uploads\/2023\/08\/banners-of-electric-bicycles-768x513.jpg 768w\" sizes=\"auto, (max-width: 800px) 100vw, 800px\" \/><\/p>\n<p>S\u00e4hk\u00f6polkupy\u00f6rien vilkkaalla alalla yrityksemme on innovaation ja tehokkuuden majakka. Olemme johtava yksikk\u00f6 maailmanlaajuisilla s\u00e4hk\u00f6moottoripy\u00f6rien markkinoilla, ja valmistamme r\u00e4\u00e4t\u00e4l\u00f6ityj\u00e4, tyylikk\u00e4it\u00e4 s\u00e4hk\u00f6polkupy\u00f6ri\u00e4, joissa yhdistyv\u00e4t t\u00e4ydellisesti toiminnallisuus ja estetiikka.Visiomme on mullistaa kuljetusala tarjoamalla kest\u00e4v\u00e4 ja kustannustehokas vaihtoehto perinteisille ty\u00f6matkoille. T\u00e4m\u00e4 visio ei ole koskaan ollut ajankohtaisempi kuin polttoainekustannusten noustessa ja COVID-19-pandemian aiheuttaman julkisen liikenteen huomattavan v\u00e4henemisen my\u00f6t\u00e4. s\u00e4hk\u00f6polkupy\u00f6r\u00e4mme ovat enemm\u00e4n kuin pelkk\u00e4 kulkuv\u00e4line; ne ovat osoitus sitoutumisestamme ymp\u00e4rist\u00f6yst\u00e4v\u00e4llisten matkustusratkaisujen luomiseen. Uskomme innovaation voimaan, jolla voidaan voittaa haasteet, kuten korkeat hankintakustannukset ja standardisoidun s\u00e4\u00e4ntelyn puute. Ty\u00f6skentelemme aktiivisesti sen eteen, ett\u00e4 s\u00e4hk\u00f6py\u00f6r\u00e4mme olisivat kaikkien saatavilla, hy\u00f6dynn\u00e4mme valtion kannustimia ja otamme k\u00e4ytt\u00f6\u00f6n innovatiivisia ratkaisuja kustannusten alentamiseksi.Mutta kunnianhimomme ei lopu t\u00e4h\u00e4n. Emme vain luo <strong>s\u00e4hk\u00f6polkupy\u00f6r\u00e4t, litiumakku, litiumparistot, litiumparistot<\/strong>; rakennamme el\u00e4m\u00e4ntyylibr\u00e4ndi\u00e4. Ymm\u00e4rr\u00e4mme yhteyksien voiman nykyp\u00e4iv\u00e4n digitaalisessa maailmassa, ja sis\u00e4llyt\u00e4mme s\u00e4hk\u00f6polkupy\u00f6riimme huippuluokan yhteysratkaisuja ja saumattomia integrointiominaisuuksia. N\u00e4in asiakkaamme voivat pysy\u00e4 yhteyksiss\u00e4 samalla, kun he nauttivat ajelusta, mik\u00e4 parantaa heid\u00e4n kokonaisvaltaista kokemustaan.S\u00e4hk\u00f6moottoripy\u00f6r\u00e4mme on suunniteltu nykyaikaiselle kuluttajalle - tyylik\u00e4s, tehokas ja innovatiivinen. Ne tarjoavat ainutlaatuisen yhdistelm\u00e4n suorituskyky\u00e4 ja mukavuutta, mik\u00e4 tekee jokaisesta ajosta iloisen kokemuksen. Olitpa sitten ty\u00f6matkalla tai l\u00e4hd\u00f6ss\u00e4 leppoisalle ajelulle, s\u00e4hk\u00f6py\u00f6r\u00e4mme ovat t\u00e4ydellinen kumppanisi.Olemme enemm\u00e4n kuin pelkk\u00e4 yritys. Olemme liike, joka on sitoutunut muuttamaan ihmisten ajatuksia liikenteest\u00e4. Olemme t\u00e4\u00e4ll\u00e4 muuttaaksemme asioita, yksi s\u00e4hk\u00f6moottoripy\u00f6r\u00e4 kerrallaan. Kutsumme sinut mukaan matkalle kohti vihre\u00e4mp\u00e4\u00e4 ja kest\u00e4v\u00e4mp\u00e4\u00e4 tulevaisuutta.<\/p>","protected":false},"excerpt":{"rendered":"<p>In the bustling sphere of electric bicycles, our company stands as a beacon of innovation and efficiency. We are a leading entity in the global electric motorcycle market, crafting custom-made, stylish electric bicycles that perfectly blend functionality and aesthetics.Our vision is to revolutionize the transportation industry by offering a sustainable, cost-effective alternative to traditional modes &hellip;<\/p>\n<p class=\"read-more\"> <a class=\"\" href=\"https:\/\/electric-bicycles.net\/fi\/\"> <span class=\"screen-reader-text\">Tietoja<\/span> Lue lis\u00e4\u00e4 \"<\/a><\/p>","protected":false},"author":1,"featured_media":0,"parent":0,"menu_order":0,"comment_status":"closed","ping_status":"closed","template":"","meta":{"site-sidebar-layout":"default","site-content-layout":"","ast-site-content-layout":"default","site-content-style":"default","site-sidebar-style":"default","ast-global-header-display":"","ast-banner-title-visibility":"","ast-main-header-display":"","ast-hfb-above-header-display":"","ast-hfb-below-header-display":"","ast-hfb-mobile-header-display":"","site-post-title":"","ast-breadcrumbs-content":"","ast-featured-img":"","footer-sml-layout":"","theme-transparent-header-meta":"default","adv-header-id-meta":"","stick-header-meta":"","header-above-stick-meta":"","header-main-stick-meta":"","header-below-stick-meta":"","astra-migrate-meta-layouts":"set","ngg_post_thumbnail":0,"footnotes":""},"class_list":["post-172","page","type-page","status-publish","hentry"],"aioseo_notices":[],"_links":{"self":[{"href":"https:\/\/electric-bicycles.net\/fi\/wp-json\/wp\/v2\/pages\/172","targetHints":{"allow":["GET"]}}],"collection":[{"href":"https:\/\/electric-bicycles.net\/fi\/wp-json\/wp\/v2\/pages"}],"about":[{"href":"https:\/\/electric-bicycles.net\/fi\/wp-json\/wp\/v2\/types\/page"}],"author":[{"embeddable":true,"href":"https:\/\/electric-bicycles.net\/fi\/wp-json\/wp\/v2\/users\/1"}],"replies":[{"embeddable":true,"href":"https:\/\/electric-bicycles.net\/fi\/wp-json\/wp\/v2\/comments?post=172"}],"version-history":[{"count":7,"href":"https:\/\/electric-bicycles.net\/fi\/wp-json\/wp\/v2\/pages\/172\/revisions"}],"predecessor-version":[{"id":376,"href":"https:\/\/electric-bicycles.net\/fi\/wp-json\/wp\/v2\/pages\/172\/revisions\/376"}],"wp:attachment":[{"href":"https:\/\/electric-bicycles.net\/fi\/wp-json\/wp\/v2\/media?parent=172"}],"curies":[{"name":"wp","href":"https:\/\/api.w.org\/{rel}","templated":true}]}}