{"id":172,"date":"2023-08-26T17:31:42","date_gmt":"2023-08-26T09:31:42","guid":{"rendered":"https:\/\/electric-bicycles.net\/?page_id=172"},"modified":"2024-05-31T07:56:58","modified_gmt":"2024-05-30T23:56:58","slug":"about","status":"publish","type":"page","link":"https:\/\/electric-bicycles.net\/et\/","title":{"rendered":"kohta"},"content":{"rendered":"<p><img loading=\"lazy\" decoding=\"async\" class=\"size-full wp-image-184 aligncenter\" src=\"http:\/\/electric-bicycles.net\/wp-content\/uploads\/2023\/08\/banners-of-electric-bicycles.jpg\" alt=\"elektrijalgrataste b\u00e4nnerid\" width=\"800\" height=\"534\" srcset=\"https:\/\/electric-bicycles.net\/wp-content\/uploads\/2023\/08\/banners-of-electric-bicycles.jpg 800w, https:\/\/electric-bicycles.net\/wp-content\/uploads\/2023\/08\/banners-of-electric-bicycles-300x200.jpg 300w, https:\/\/electric-bicycles.net\/wp-content\/uploads\/2023\/08\/banners-of-electric-bicycles-768x513.jpg 768w\" sizes=\"auto, (max-width: 800px) 100vw, 800px\" \/><\/p>\n<p>Elektriliste jalgrataste kirevas sf\u00e4\u00e4ris on meie ettev\u00f5te innovatsiooni ja t\u00f5hususe majakas. Me oleme juhtiv \u00fcksus globaalsel elektrimootorrataste turul, valmistades eritellimusel p\u00f5hinevaid, stiilseid elektrilisi jalgrattaid, mis \u00fchendavad ideaalselt funktsionaalsuse ja esteetika.Meie visiooniks on muuta transpordit\u00f6\u00f6stust, pakkudes j\u00e4tkusuutlikku ja kuluefektiivset alternatiivi traditsioonilistele liikumisviisidele. See visioon ei ole kunagi varem olnud nii asjakohane kui praegu, mil k\u00fctusekulud t\u00f5usevad ja \u00fchistranspordi kasutamine v\u00e4heneb m\u00e4rgatavalt COVID-19 pandeemia t\u00f5ttu.Meie elektrilised jalgrattad on midagi enamat kui lihtsalt transpordivahend; need on tunnistus meie p\u00fchendumusest luua keskkonnas\u00f5bralikke transpordilahendusi. Me usume innovatsiooni j\u00f5usse, et \u00fcletada sellised probleemid nagu k\u00f5rged ostukulud ja standardiseeritud regulatsioonide puudumine. T\u00f6\u00f6tame aktiivselt selle nimel, et muuta meie elektrirattad k\u00f5igile k\u00e4ttesaadavaks, kasutades \u00e4ra riiklikke stiimuleid ja v\u00f5ttes kasutusele uuenduslikke lahendusi kulude v\u00e4hendamiseks. kuid meie ambitsioonid ei piirdu sellega. Me ei loo mitte ainult <strong>elektrijalgrattad, liitiumakud, liitiumakud, liitiumakud<\/strong>; me ehitame elustiilibr\u00e4ndi. Me m\u00f5istame \u00fchenduvuse j\u00f5udu t\u00e4nap\u00e4eva digitaalses maailmas ning lisame oma elektrilistesse jalgratastesse tipptasemel \u00fchenduvuslahendused ja sujuvalt integreeritavad funktsioonid. See v\u00f5imaldab meie klientidel s\u00f5idu nautimise ajal \u00fchenduses p\u00fcsida, parandades nende \u00fcldist kogemust. meie elektrimootorratta on loodud kaasaegsele tarbijale - stiilne, t\u00f5hus ja uuenduslik. Nad pakuvad ainulaadset segu j\u00f5udlusest ja mugavusest, muutes iga s\u00f5idu r\u00f5\u00f5msaks elamuseks. Olenemata sellest, kas te pendeldate t\u00f6\u00f6le v\u00f5i l\u00e4hete m\u00f5nusale s\u00f5idule, on meie elektrilised jalgrattad teie ideaalne kaaslane. me oleme rohkem kui lihtsalt ettev\u00f5te. Me oleme liikumine, mis on p\u00fchendunud sellele, et muuta inimeste m\u00f5tteviisi transpordist. Me oleme siin, et muuta midagi, \u00fcks elektriline mootorratas korraga. Kutsume teid \u00fcles \u00fchinema meiega meie teekonnal rohelisema ja j\u00e4tkusuutlikuma tuleviku suunas.<\/p>","protected":false},"excerpt":{"rendered":"<p>In the bustling sphere of electric bicycles, our company stands as a beacon of innovation and efficiency. We are a leading entity in the global electric motorcycle market, crafting custom-made, stylish electric bicycles that perfectly blend functionality and aesthetics.Our vision is to revolutionize the transportation industry by offering a sustainable, cost-effective alternative to traditional modes &hellip;<\/p>\n<p class=\"read-more\"> <a class=\"\" href=\"https:\/\/electric-bicycles.net\/et\/\"> <span class=\"screen-reader-text\">kohta<\/span> Loe edasi \"<\/a><\/p>","protected":false},"author":1,"featured_media":0,"parent":0,"menu_order":0,"comment_status":"closed","ping_status":"closed","template":"","meta":{"site-sidebar-layout":"default","site-content-layout":"","ast-site-content-layout":"default","site-content-style":"default","site-sidebar-style":"default","ast-global-header-display":"","ast-banner-title-visibility":"","ast-main-header-display":"","ast-hfb-above-header-display":"","ast-hfb-below-header-display":"","ast-hfb-mobile-header-display":"","site-post-title":"","ast-breadcrumbs-content":"","ast-featured-img":"","footer-sml-layout":"","theme-transparent-header-meta":"default","adv-header-id-meta":"","stick-header-meta":"","header-above-stick-meta":"","header-main-stick-meta":"","header-below-stick-meta":"","astra-migrate-meta-layouts":"set","ngg_post_thumbnail":0,"footnotes":""},"class_list":["post-172","page","type-page","status-publish","hentry"],"aioseo_notices":[],"_links":{"self":[{"href":"https:\/\/electric-bicycles.net\/et\/wp-json\/wp\/v2\/pages\/172","targetHints":{"allow":["GET"]}}],"collection":[{"href":"https:\/\/electric-bicycles.net\/et\/wp-json\/wp\/v2\/pages"}],"about":[{"href":"https:\/\/electric-bicycles.net\/et\/wp-json\/wp\/v2\/types\/page"}],"author":[{"embeddable":true,"href":"https:\/\/electric-bicycles.net\/et\/wp-json\/wp\/v2\/users\/1"}],"replies":[{"embeddable":true,"href":"https:\/\/electric-bicycles.net\/et\/wp-json\/wp\/v2\/comments?post=172"}],"version-history":[{"count":7,"href":"https:\/\/electric-bicycles.net\/et\/wp-json\/wp\/v2\/pages\/172\/revisions"}],"predecessor-version":[{"id":376,"href":"https:\/\/electric-bicycles.net\/et\/wp-json\/wp\/v2\/pages\/172\/revisions\/376"}],"wp:attachment":[{"href":"https:\/\/electric-bicycles.net\/et\/wp-json\/wp\/v2\/media?parent=172"}],"curies":[{"name":"wp","href":"https:\/\/api.w.org\/{rel}","templated":true}]}}