{"id":196,"date":"2023-08-26T17:31:42","date_gmt":"2023-08-26T09:31:42","guid":{"rendered":"https:\/\/electric-bicycles.net\/?page_id=196"},"modified":"2023-08-26T19:15:45","modified_gmt":"2023-08-26T11:15:45","slug":"a-propos-de","status":"publish","type":"page","link":"https:\/\/electric-bicycles.net\/es\/a-propos-of\/","title":{"rendered":"en relaci\u00f3n con"},"content":{"rendered":"<p>En el \u00e1mbito de las bicicletas el\u00e9ctricas, nuestra empresa es un ejemplo de innovaci\u00f3n y eficacia. Somos una empresa l\u00edder en el mercado mundial de motocicletas el\u00e9ctricas, que fabrica veh\u00edculos el\u00e9ctricos personalizados y elegantes que ofrecen un funcionamiento y una est\u00e9tica perfectos. Nuestra visi\u00f3n es revolucionar la industria del transporte ofreciendo una alternativa duradera y rentable a los medios de transporte tradicionales. Esta visi\u00f3n nunca ha sido tan pertinente como en el contexto del aumento del precio de los carburantes y el descenso notable de los transportes en com\u00fan debido a la pandemia de COVID-19. Nuestros veh\u00edculos el\u00e9ctricos son m\u00e1s que un simple medio de transporte; son la muestra de nuestro compromiso con la creaci\u00f3n de soluciones de transporte respetuosas con el medio ambiente. Creemos en el poder de la innovaci\u00f3n para superar problemas como los elevados costes de adquisici\u00f3n y la ausencia de una normativa normalizada. Trabajamos activamente para que nuestros veh\u00edculos el\u00e9ctricos sean accesibles para todos, participando en las iniciativas gubernamentales e introduciendo soluciones innovadoras para reducir los costes. Pero nuestra ambici\u00f3n no se detiene aqu\u00ed. No nos contentamos con crear veh\u00edculos el\u00e9ctricos, sino que construimos una marca de estilo de vida. Comprendemos el poder de la conectividad en el mundo digital de hoy, e incorporamos soluciones de conectividad de punta y funciones de integraci\u00f3n transparentes en nuestros veh\u00edculos el\u00e9ctricos. Esto permite a nuestros clientes seguir conectados y beneficiarse de su viaje, mejorando as\u00ed su experiencia global.Nuestras motos el\u00e9ctricas est\u00e1n dise\u00f1adas para el consumidor moderno: elegantes, eficientes e innovadoras. Ofrecen una combinaci\u00f3n \u00fanica de rendimiento y confort, haciendo de cada viaje una experiencia agradable. Tanto si trabaja como si pasea tranquilamente, nuestros veh\u00edculos el\u00e9ctricos son su compa\u00f1ero ideal. Somos un movimiento que se dedica a cambiar la forma en que la gente ve el transporte. Estamos aqu\u00ed para marcar la diferencia, una moto el\u00e9ctrica al mismo tiempo. Te invitamos a unirte a nosotros en nuestro viaje hacia un futuro m\u00e1s verde y duradero.<\/p>","protected":false},"excerpt":{"rendered":"<p>Dans la sph\u00e8re anim\u00e9e des bicyclettes \u00e9lectriques, notre entreprise se pr\u00e9sente comme un phare de l&#8217;innovation et de l&#8217;efficacit\u00e9. Nous sommes une entit\u00e9 de premier plan sur le march\u00e9 mondial des motos \u00e9lectriques, fabriquant des v\u00e9los \u00e9lectriques personnalis\u00e9s et \u00e9l\u00e9gants qui allient parfaitement fonctionnalit\u00e9 et esth\u00e9tique. Notre vision est de r\u00e9volutionner l&#8217;industrie du transport en &hellip;<\/p>\n<p class=\"read-more\"> <a class=\"\" href=\"https:\/\/electric-bicycles.net\/es\/a-propos-of\/\"> <span class=\"screen-reader-text\">en relaci\u00f3n con<\/span> Leer m\u00e1s \"<\/a><\/p>","protected":false},"author":1,"featured_media":0,"parent":0,"menu_order":0,"comment_status":"closed","ping_status":"closed","template":"","meta":{"site-sidebar-layout":"default","site-content-layout":"","ast-site-content-layout":"default","site-content-style":"default","site-sidebar-style":"default","ast-global-header-display":"","ast-banner-title-visibility":"","ast-main-header-display":"","ast-hfb-above-header-display":"","ast-hfb-below-header-display":"","ast-hfb-mobile-header-display":"","site-post-title":"","ast-breadcrumbs-content":"","ast-featured-img":"","footer-sml-layout":"","theme-transparent-header-meta":"default","adv-header-id-meta":"","stick-header-meta":"","header-above-stick-meta":"","header-main-stick-meta":"","header-below-stick-meta":"","astra-migrate-meta-layouts":"set","ngg_post_thumbnail":0,"footnotes":""},"class_list":["post-196","page","type-page","status-publish","hentry"],"aioseo_notices":[],"_links":{"self":[{"href":"https:\/\/electric-bicycles.net\/es\/wp-json\/wp\/v2\/pages\/196","targetHints":{"allow":["GET"]}}],"collection":[{"href":"https:\/\/electric-bicycles.net\/es\/wp-json\/wp\/v2\/pages"}],"about":[{"href":"https:\/\/electric-bicycles.net\/es\/wp-json\/wp\/v2\/types\/page"}],"author":[{"embeddable":true,"href":"https:\/\/electric-bicycles.net\/es\/wp-json\/wp\/v2\/users\/1"}],"replies":[{"embeddable":true,"href":"https:\/\/electric-bicycles.net\/es\/wp-json\/wp\/v2\/comments?post=196"}],"version-history":[{"count":1,"href":"https:\/\/electric-bicycles.net\/es\/wp-json\/wp\/v2\/pages\/196\/revisions"}],"predecessor-version":[{"id":197,"href":"https:\/\/electric-bicycles.net\/es\/wp-json\/wp\/v2\/pages\/196\/revisions\/197"}],"wp:attachment":[{"href":"https:\/\/electric-bicycles.net\/es\/wp-json\/wp\/v2\/media?parent=196"}],"curies":[{"name":"wp","href":"https:\/\/api.w.org\/{rel}","templated":true}]}}