{"id":172,"date":"2023-08-26T17:31:42","date_gmt":"2023-08-26T09:31:42","guid":{"rendered":"https:\/\/electric-bicycles.net\/?page_id=172"},"modified":"2024-05-31T07:56:58","modified_gmt":"2024-05-30T23:56:58","slug":"about","status":"publish","type":"page","link":"https:\/\/electric-bicycles.net\/es\/","title":{"rendered":"acerca de"},"content":{"rendered":"<p><img loading=\"lazy\" decoding=\"async\" class=\"size-full wp-image-184 aligncenter\" src=\"http:\/\/electric-bicycles.net\/wp-content\/uploads\/2023\/08\/banners-of-electric-bicycles.jpg\" alt=\"pancartas de bicicletas el\u00e9ctricas\" width=\"800\" height=\"534\" srcset=\"https:\/\/electric-bicycles.net\/wp-content\/uploads\/2023\/08\/banners-of-electric-bicycles.jpg 800w, https:\/\/electric-bicycles.net\/wp-content\/uploads\/2023\/08\/banners-of-electric-bicycles-300x200.jpg 300w, https:\/\/electric-bicycles.net\/wp-content\/uploads\/2023\/08\/banners-of-electric-bicycles-768x513.jpg 768w\" sizes=\"auto, (max-width: 800px) 100vw, 800px\" \/><\/p>\n<p>En el bullicioso sector de las bicicletas el\u00e9ctricas, nuestra empresa es un ejemplo de innovaci\u00f3n y eficacia. Nuestra visi\u00f3n es revolucionar el sector del transporte ofreciendo una alternativa sostenible y rentable a los medios de transporte tradicionales. Nuestra visi\u00f3n es revolucionar el sector del transporte ofreciendo una alternativa sostenible y rentable a los medios de transporte tradicionales. Esta visi\u00f3n nunca ha sido m\u00e1s pertinente que a ra\u00edz del aumento de los costes del combustible y el notable descenso del transporte p\u00fablico debido a la pandemia del COVID-19. Nuestras bicicletas el\u00e9ctricas son algo m\u00e1s que un medio de transporte; son un testimonio de nuestro compromiso con la creaci\u00f3n de soluciones de viaje respetuosas con el medio ambiente. Creemos en el poder de la innovaci\u00f3n para superar retos como los elevados costes de adquisici\u00f3n y la falta de una normativa estandarizada. Trabajamos activamente para que nuestras bicicletas el\u00e9ctricas sean accesibles para todos, aprovechando los incentivos gubernamentales e introduciendo soluciones innovadoras para reducir costes. No nos limitamos a crear <strong>bicicletas el\u00e9ctricas, bater\u00eda de litio, bater\u00edas de litio<\/strong>estamos construyendo una marca de estilo de vida. Entendemos el poder de la conectividad en el mundo digital de hoy, y estamos incorporando soluciones de conectividad de vanguardia y funciones de integraci\u00f3n perfecta en nuestras bicicletas el\u00e9ctricas. Nuestras motocicletas el\u00e9ctricas est\u00e1n dise\u00f1adas para el consumidor moderno: elegantes, eficientes e innovadoras. Ofrecen una mezcla \u00fanica de rendimiento y comodidad, haciendo de cada viaje una experiencia placentera. Tanto si se desplaza al trabajo como si sale a dar un paseo, nuestras bicicletas el\u00e9ctricas son su compa\u00f1era perfecta. Somos un movimiento, comprometido a cambiar la forma en que la gente piensa sobre el transporte. Estamos aqu\u00ed para marcar la diferencia, una motocicleta el\u00e9ctrica cada vez. Te invitamos a unirte a nosotros en nuestro viaje hacia un futuro m\u00e1s verde y sostenible.<\/p>","protected":false},"excerpt":{"rendered":"<p>En el bullicioso sector de las bicicletas el\u00e9ctricas, nuestra empresa es un ejemplo de innovaci\u00f3n y eficacia. Somos una entidad l\u00edder en el mercado mundial de motocicletas el\u00e9ctricas y fabricamos bicicletas el\u00e9ctricas personalizadas y elegantes que combinan a la perfecci\u00f3n funcionalidad y est\u00e9tica.<\/p>\n<p class=\"read-more\"> <a class=\"\" href=\"https:\/\/electric-bicycles.net\/es\/\"> <span class=\"screen-reader-text\">acerca de<\/span> Leer m\u00e1s \"<\/a><\/p>","protected":false},"author":1,"featured_media":0,"parent":0,"menu_order":0,"comment_status":"closed","ping_status":"closed","template":"","meta":{"site-sidebar-layout":"default","site-content-layout":"","ast-site-content-layout":"default","site-content-style":"default","site-sidebar-style":"default","ast-global-header-display":"","ast-banner-title-visibility":"","ast-main-header-display":"","ast-hfb-above-header-display":"","ast-hfb-below-header-display":"","ast-hfb-mobile-header-display":"","site-post-title":"","ast-breadcrumbs-content":"","ast-featured-img":"","footer-sml-layout":"","theme-transparent-header-meta":"default","adv-header-id-meta":"","stick-header-meta":"","header-above-stick-meta":"","header-main-stick-meta":"","header-below-stick-meta":"","astra-migrate-meta-layouts":"set","ngg_post_thumbnail":0,"footnotes":""},"class_list":["post-172","page","type-page","status-publish","hentry"],"aioseo_notices":[],"_links":{"self":[{"href":"https:\/\/electric-bicycles.net\/es\/wp-json\/wp\/v2\/pages\/172","targetHints":{"allow":["GET"]}}],"collection":[{"href":"https:\/\/electric-bicycles.net\/es\/wp-json\/wp\/v2\/pages"}],"about":[{"href":"https:\/\/electric-bicycles.net\/es\/wp-json\/wp\/v2\/types\/page"}],"author":[{"embeddable":true,"href":"https:\/\/electric-bicycles.net\/es\/wp-json\/wp\/v2\/users\/1"}],"replies":[{"embeddable":true,"href":"https:\/\/electric-bicycles.net\/es\/wp-json\/wp\/v2\/comments?post=172"}],"version-history":[{"count":7,"href":"https:\/\/electric-bicycles.net\/es\/wp-json\/wp\/v2\/pages\/172\/revisions"}],"predecessor-version":[{"id":376,"href":"https:\/\/electric-bicycles.net\/es\/wp-json\/wp\/v2\/pages\/172\/revisions\/376"}],"wp:attachment":[{"href":"https:\/\/electric-bicycles.net\/es\/wp-json\/wp\/v2\/media?parent=172"}],"curies":[{"name":"wp","href":"https:\/\/api.w.org\/{rel}","templated":true}]}}