{"id":196,"date":"2023-08-26T17:31:42","date_gmt":"2023-08-26T09:31:42","guid":{"rendered":"https:\/\/electric-bicycles.net\/?page_id=196"},"modified":"2023-08-26T19:15:45","modified_gmt":"2023-08-26T11:15:45","slug":"a-propos-de","status":"publish","type":"page","link":"https:\/\/electric-bicycles.net\/el\/a-propos-de\/","title":{"rendered":"\u00e0 propos de"},"content":{"rendered":"<p>\u03a3\u03c4\u03bf \u03c0\u03b5\u03b4\u03af\u03bf \u03c4\u03b7\u03c2 \u03ba\u03af\u03bd\u03b7\u03c3\u03b7\u03c2 \u03c4\u03c9\u03bd \u03b7\u03bb\u03b5\u03ba\u03c4\u03c1\u03b9\u03ba\u03ce\u03bd \u03c0\u03bf\u03b4\u03b7\u03bb\u03ac\u03c4\u03c9\u03bd, \u03b7 \u03b5\u03c0\u03b9\u03c7\u03b5\u03af\u03c1\u03b7\u03c3\u03ae \u03bc\u03b1\u03c2 \u03c0\u03c1\u03bf\u03b2\u03ac\u03bb\u03bb\u03b5\u03b9 \u03c9\u03c2 \u03c6\u03bf\u03c1\u03ad\u03b1\u03c2 \u03c4\u03b7\u03c2 \u03ba\u03b1\u03b9\u03bd\u03bf\u03c4\u03bf\u03bc\u03af\u03b1\u03c2 \u03ba\u03b1\u03b9 \u03c4\u03b7\u03c2 \u03b1\u03c0\u03bf\u03c4\u03b5\u03bb\u03b5\u03c3\u03bc\u03b1\u03c4\u03b9\u03ba\u03cc\u03c4\u03b7\u03c4\u03b1\u03c2. Nous sommes une entit\u00e9 de premier plan sur le march\u00e9 mondial des motos \u00e9lectriques, fabriquant des v\u00e9los \u00e9lectriques personnalis\u00e9s et \u00e9l\u00e9gants qui allient parfaitement fonctionnalit\u00e9 et esth\u00e9tique. Notre vision est de r\u00e9volutionner l'industrie du transport en offrant une alternative durable et rentable aux modes de transport traditionnels. Cette vision n'a jamais \u00e9t\u00e9 aussi pertinente que dans le sillage de l'augmentation du prix des carburants et du d\u00e9clin notable des transports en commun d\u00fb \u00e0 la pand\u00e9mie de COVID-19.Nos v\u00e9los \u00e9lectriques sont plus qu'un simple mode de transport ; ils t\u00e9moignent de notre engagement \u00e0 cr\u00e9er des solutions de voyage respectueuses de l'environnement. \u03a0\u03b9\u03c3\u03c4\u03b5\u03cd\u03bf\u03c5\u03bc\u03b5 \u03cc\u03c4\u03b9 \u03b7 \u03ba\u03b1\u03b9\u03bd\u03bf\u03c4\u03bf\u03bc\u03af\u03b1 \u03bc\u03c0\u03bf\u03c1\u03b5\u03af \u03bd\u03b1 \u03bc\u03b1\u03c2 \u03b2\u03bf\u03b7\u03b8\u03ae\u03c3\u03b5\u03b9 \u03bd\u03b1 \u03be\u03b5\u03c0\u03b5\u03c1\u03ac\u03c3\u03bf\u03c5\u03bc\u03b5 \u03c4\u03b1 \u03c0\u03c1\u03bf\u03b2\u03bb\u03ae\u03bc\u03b1\u03c4\u03b1, \u03cc\u03c0\u03c9\u03c2 \u03c4\u03b1 \u03c5\u03c8\u03b7\u03bb\u03ac \u03ba\u03cc\u03c3\u03c4\u03b7 \u03b1\u03b3\u03bf\u03c1\u03ac\u03c2 \u03ba\u03b1\u03b9 \u03b7 \u03b1\u03c0\u03bf\u03c5\u03c3\u03af\u03b1 \u03ba\u03b1\u03bd\u03bf\u03bd\u03b9\u03ba\u03ae\u03c2 \u03c1\u03cd\u03b8\u03bc\u03b9\u03c3\u03b7\u03c2. \u0395\u03c1\u03b3\u03b1\u03b6\u03cc\u03bc\u03b1\u03c3\u03c4\u03b5 \u03b5\u03bd\u03b5\u03c1\u03b3\u03ac \u03b3\u03b9\u03b1 \u03bd\u03b1 \u03ba\u03b1\u03c4\u03b1\u03c3\u03c4\u03ae\u03c3\u03bf\u03c5\u03bc\u03b5 \u03c4\u03b1 \u03b7\u03bb\u03b5\u03ba\u03c4\u03c1\u03b9\u03ba\u03ac \u03bc\u03b1\u03c2 \u03bf\u03c7\u03ae\u03bc\u03b1\u03c4\u03b1 \u03c0\u03c1\u03bf\u03c3\u03b2\u03ac\u03c3\u03b9\u03bc\u03b1 \u03c3\u03b5 \u03cc\u03bb\u03bf\u03c5\u03c2, \u03c3\u03c5\u03bc\u03bc\u03b5\u03c4\u03ad\u03c7\u03bf\u03bd\u03c4\u03b1\u03c2 \u03c3\u03c4\u03b9\u03c2 \u03ba\u03c5\u03b2\u03b5\u03c1\u03bd\u03b7\u03c4\u03b9\u03ba\u03ad\u03c2 \u03c5\u03c0\u03bf\u03ba\u03b9\u03bd\u03ae\u03c3\u03b5\u03b9\u03c2 \u03ba\u03b1\u03b9 \u03b5\u03b9\u03c3\u03ac\u03b3\u03bf\u03bd\u03c4\u03b1\u03c2 \u03ba\u03b1\u03b9\u03bd\u03bf\u03c4\u03cc\u03bc\u03b5\u03c2 \u03bb\u03cd\u03c3\u03b5\u03b9\u03c2 \u03b3\u03b9\u03b1 \u03c4\u03b7 \u03bc\u03b5\u03af\u03c9\u03c3\u03b7 \u03c4\u03bf\u03c5 \u03ba\u03cc\u03c3\u03c4\u03bf\u03c5\u03c2. Mais notre ambition ne s'arr\u00eate pas l\u00e0. Nous ne nous contentons pas de cr\u00e9er des v\u00e9los \u00e9lectriques, nous construisons une marque de style de vie. \u039a\u03b1\u03c4\u03b1\u03bd\u03bf\u03bf\u03cd\u03bc\u03b5 \u03c4\u03b7 \u03b4\u03c5\u03bd\u03b1\u03c4\u03cc\u03c4\u03b7\u03c4\u03b1 \u03c4\u03b7\u03c2 \u03c3\u03c5\u03bd\u03b4\u03b5\u03c3\u03b9\u03bc\u03cc\u03c4\u03b7\u03c4\u03b1\u03c2 \u03c3\u03c4\u03bf\u03bd \u03c3\u03b7\u03bc\u03b5\u03c1\u03b9\u03bd\u03cc \u03b1\u03c1\u03b9\u03b8\u03bc\u03b7\u03c4\u03b9\u03ba\u03cc \u03ba\u03cc\u03c3\u03bc\u03bf, \u03ba\u03b1\u03b9 \u03b5\u03bd\u03c3\u03c9\u03bc\u03b1\u03c4\u03ce\u03bd\u03bf\u03c5\u03bc\u03b5 \u03bb\u03cd\u03c3\u03b5\u03b9\u03c2 \u03c3\u03c5\u03bd\u03b4\u03b5\u03c3\u03b9\u03bc\u03cc\u03c4\u03b7\u03c4\u03b1\u03c2 \u03bc\u03b5 \u03b1\u03b9\u03c7\u03bc\u03ae \u03ba\u03b1\u03b9 \u03b4\u03b9\u03b1\u03c6\u03b1\u03bd\u03b5\u03af\u03c2 \u03bb\u03b5\u03b9\u03c4\u03bf\u03c5\u03c1\u03b3\u03af\u03b5\u03c2 \u03b5\u03bd\u03c3\u03c9\u03bc\u03ac\u03c4\u03c9\u03c3\u03b7\u03c2 \u03c3\u03c4\u03b1 \u03b7\u03bb\u03b5\u03ba\u03c4\u03c1\u03b9\u03ba\u03ac \u03bc\u03b1\u03c2 \u03bf\u03c7\u03ae\u03bc\u03b1\u03c4\u03b1. Cela permet \u00e0 nos clients de rester connect\u00e9s tout en profitant de leur trajet, am\u00e9liorant ainsi leur exp\u00e9rience global.Nos motos \u00e9lectriques sont con\u00e7ues pour le consommateur moderne - \u00e9l\u00e9gantes, efficaces et innovantes. \u03a0\u03c1\u03bf\u03c3\u03c6\u03ad\u03c1\u03bf\u03c5\u03bd \u03ad\u03bd\u03b1 \u03bc\u03bf\u03bd\u03b1\u03b4\u03b9\u03ba\u03cc \u03bc\u03b5\u03af\u03b3\u03bc\u03b1 \u03b5\u03c0\u03b9\u03b4\u03cc\u03c3\u03b5\u03c9\u03bd \u03ba\u03b1\u03b9 \u03ac\u03bd\u03b5\u03c3\u03b7\u03c2, \u03ba\u03b1\u03b8\u03b9\u03c3\u03c4\u03ce\u03bd\u03c4\u03b1\u03c2 \u03ba\u03ac\u03b8\u03b5 \u03b4\u03b9\u03b1\u03b4\u03c1\u03bf\u03bc\u03ae \u03bc\u03b9\u03b1 \u03b5\u03c5\u03c7\u03ac\u03c1\u03b9\u03c3\u03c4\u03b7 \u03b5\u03bc\u03c0\u03b5\u03b9\u03c1\u03af\u03b1. Que vous vous rendiez au travail ou que vous vous promeniez tranquillement, nos v\u00e9los \u00e9lectriques sont votre compagnon id\u00e9al.Nous sommes plus qu'une simple entreprise. \u0395\u03af\u03bc\u03b1\u03c3\u03c4\u03b5 \u03ad\u03bd\u03b1 \u03ba\u03af\u03bd\u03b7\u03bc\u03b1 \u03c0\u03bf\u03c5 \u03ad\u03c7\u03b5\u03b9 \u03b4\u03b5\u03c3\u03bc\u03b5\u03c5\u03c4\u03b5\u03af \u03bd\u03b1 \u03b1\u03bb\u03bb\u03ac\u03be\u03b5\u03b9 \u03c4\u03bf\u03bd \u03c4\u03c1\u03cc\u03c0\u03bf \u03bc\u03b5 \u03c4\u03bf\u03bd \u03bf\u03c0\u03bf\u03af\u03bf \u03bf\u03b9 \u03ac\u03bd\u03b8\u03c1\u03c9\u03c0\u03bf\u03b9 \u03b2\u03bb\u03ad\u03c0\u03bf\u03c5\u03bd \u03c4\u03b9\u03c2 \u03bc\u03b5\u03c4\u03b1\u03c6\u03bf\u03c1\u03ad\u03c2. \u0395\u03af\u03bc\u03b1\u03c3\u03c4\u03b5 \u03b5\u03b4\u03ce \u03b3\u03b9\u03b1 \u03bd\u03b1 \u03ba\u03ac\u03bd\u03bf\u03c5\u03bc\u03b5 \u03c4\u03b7 \u03b4\u03b9\u03b1\u03c6\u03bf\u03c1\u03ac, \u03bc\u03b9\u03b1 \u03b7\u03bb\u03b5\u03ba\u03c4\u03c1\u03b9\u03ba\u03ae \u03bc\u03bf\u03c4\u03bf\u03c3\u03b9\u03ba\u03bb\u03ad\u03c4\u03b1. \u03a3\u03b1\u03c2 \u03c0\u03c1\u03bf\u03c3\u03ba\u03b1\u03bb\u03bf\u03cd\u03bc\u03b5 \u03bd\u03b1 \u03bc\u03b1\u03c2 \u03b1\u03ba\u03bf\u03bb\u03bf\u03c5\u03b8\u03ae\u03c3\u03b5\u03c4\u03b5 \u03c3\u03c4\u03bf \u03c4\u03b1\u03be\u03af\u03b4\u03b9 \u03bc\u03b1\u03c2 \u03c0\u03c1\u03bf\u03c2 \u03ad\u03bd\u03b1 \u03bc\u03ad\u03bb\u03bb\u03bf\u03bd \u03bc\u03b5 \u03c0\u03b5\u03c1\u03b9\u03c3\u03c3\u03cc\u03c4\u03b5\u03c1\u03b7 \u03b5\u03bc\u03c0\u03b9\u03c3\u03c4\u03bf\u03c3\u03cd\u03bd\u03b7 \u03ba\u03b1\u03b9 \u03b4\u03b9\u03ac\u03c1\u03ba\u03b5\u03b9\u03b1.<\/p>","protected":false},"excerpt":{"rendered":"<p>Dans la sph\u00e8re anim\u00e9e des bicyclettes \u00e9lectriques, notre entreprise se pr\u00e9sente comme un phare de l&#8217;innovation et de l&#8217;efficacit\u00e9. Nous sommes une entit\u00e9 de premier plan sur le march\u00e9 mondial des motos \u00e9lectriques, fabriquant des v\u00e9los \u00e9lectriques personnalis\u00e9s et \u00e9l\u00e9gants qui allient parfaitement fonctionnalit\u00e9 et esth\u00e9tique. Notre vision est de r\u00e9volutionner l&#8217;industrie du transport en &hellip;<\/p>\n<p class=\"read-more\"> <a class=\"\" href=\"https:\/\/electric-bicycles.net\/el\/a-propos-de\/\"> <span class=\"screen-reader-text\">\u00e0 propos de<\/span> \u0394\u03b9\u03b1\u03b2\u03ac\u03c3\u03c4\u03b5 \u03a0\u03b5\u03c1\u03b9\u03c3\u03c3\u03cc\u03c4\u03b5\u03c1\u03b1 \"<\/a><\/p>","protected":false},"author":1,"featured_media":0,"parent":0,"menu_order":0,"comment_status":"closed","ping_status":"closed","template":"","meta":{"site-sidebar-layout":"default","site-content-layout":"","ast-site-content-layout":"default","site-content-style":"default","site-sidebar-style":"default","ast-global-header-display":"","ast-banner-title-visibility":"","ast-main-header-display":"","ast-hfb-above-header-display":"","ast-hfb-below-header-display":"","ast-hfb-mobile-header-display":"","site-post-title":"","ast-breadcrumbs-content":"","ast-featured-img":"","footer-sml-layout":"","theme-transparent-header-meta":"default","adv-header-id-meta":"","stick-header-meta":"","header-above-stick-meta":"","header-main-stick-meta":"","header-below-stick-meta":"","astra-migrate-meta-layouts":"set","ngg_post_thumbnail":0,"footnotes":""},"class_list":["post-196","page","type-page","status-publish","hentry"],"aioseo_notices":[],"_links":{"self":[{"href":"https:\/\/electric-bicycles.net\/el\/wp-json\/wp\/v2\/pages\/196","targetHints":{"allow":["GET"]}}],"collection":[{"href":"https:\/\/electric-bicycles.net\/el\/wp-json\/wp\/v2\/pages"}],"about":[{"href":"https:\/\/electric-bicycles.net\/el\/wp-json\/wp\/v2\/types\/page"}],"author":[{"embeddable":true,"href":"https:\/\/electric-bicycles.net\/el\/wp-json\/wp\/v2\/users\/1"}],"replies":[{"embeddable":true,"href":"https:\/\/electric-bicycles.net\/el\/wp-json\/wp\/v2\/comments?post=196"}],"version-history":[{"count":1,"href":"https:\/\/electric-bicycles.net\/el\/wp-json\/wp\/v2\/pages\/196\/revisions"}],"predecessor-version":[{"id":197,"href":"https:\/\/electric-bicycles.net\/el\/wp-json\/wp\/v2\/pages\/196\/revisions\/197"}],"wp:attachment":[{"href":"https:\/\/electric-bicycles.net\/el\/wp-json\/wp\/v2\/media?parent=196"}],"curies":[{"name":"wp","href":"https:\/\/api.w.org\/{rel}","templated":true}]}}