{"id":196,"date":"2023-08-26T17:31:42","date_gmt":"2023-08-26T09:31:42","guid":{"rendered":"https:\/\/electric-bicycles.net\/?page_id=196"},"modified":"2023-08-26T19:15:45","modified_gmt":"2023-08-26T11:15:45","slug":"a-propos-de","status":"publish","type":"page","link":"https:\/\/electric-bicycles.net\/de\/a-propos-de\/","title":{"rendered":"\u00e0 propos de"},"content":{"rendered":"<p>In der lebendigen Welt der Elektrofahrr\u00e4der ist unser Unternehmen ein Vorreiter in Sachen Innovation und Effizienz. Wir sind ein f\u00fchrendes Unternehmen auf dem Weltmarkt f\u00fcr Elektrofahrr\u00e4der und stellen individuelle und elegante Elektrofahrr\u00e4der her, die sowohl funktionell als auch \u00e4sthetisch einwandfrei sind. Unsere Vision ist es, die Transportindustrie zu revolutionieren, indem wir eine dauerhafte und rentable Alternative zu den traditionellen Transportmitteln bieten. Diese Vision war noch nie so wichtig wie angesichts der durch die COVID-19-Pandemie bedingten Erh\u00f6hung der Treibstoffpreise und des erheblichen R\u00fcckgangs des \u00f6ffentlichen Verkehrs.Unsere Elektroautos sind mehr als nur ein einfaches Transportmittel; sie sind Ausdruck unseres Engagements f\u00fcr umweltfreundliche Transportl\u00f6sungen. Wir glauben an unsere Innovationskraft zur \u00dcberwindung von Problemen wie hohe Kaufpreise und das Fehlen einer normalen Regulierung. Wir arbeiten aktiv daran, unsere Elektroautos f\u00fcr alle zug\u00e4nglich zu machen, indem wir uns an den staatlichen Anreize beteiligen und innovative L\u00f6sungen zur Senkung der Kosten einf\u00fchren. Aber unser Ehrgeiz bleibt nicht an dieser Stelle stehen. Wir begn\u00fcgen uns nicht damit, Elektroautos zu bauen, sondern konstruieren eine Lebensstilmarke. Wir wissen um die M\u00f6glichkeiten der Vernetzung in der heutigen digitalen Welt und bauen in unsere Elektroger\u00e4te sinnvolle Verbindungsl\u00f6sungen und transparente Integrationsfunktionen ein. Dies erm\u00f6glicht es unseren Kunden, immer in Verbindung zu bleiben und gleichzeitig von ihrem Transport zu profitieren und so ihre Erfahrungen weltweit zu verbessern.Unsere Elektromobile sind f\u00fcr den modernen Verbraucher konzipiert - elegant, effizient und innovativ. Sie bieten eine einzigartige Mischung aus Leistung und Komfort, die jede Fahrt zu einem angenehmen Erlebnis werden l\u00e4sst. Ob Sie zur Arbeit fahren oder in aller Ruhe spazieren gehen, unsere Elektrofahrzeuge sind Ihr idealer Begleiter.Nous sommes plus qu'une simple entreprise. Wir sind eine Bewegung, die sich daf\u00fcr einsetzt, die Art und Weise, wie die Menschen den Verkehr wahrnehmen, zu ver\u00e4ndern. Wir sind da, um den Unterschied zu machen, ein Elektro-Motorrad f\u00fcr alle F\u00e4lle. Wir laden Sie ein, uns auf unserer Reise in eine gr\u00fcnere und nachhaltigere Zukunft zu begleiten.<\/p>","protected":false},"excerpt":{"rendered":"<p>In der lebendigen Welt der Elektrofahrr\u00e4der ist unser Unternehmen ein Vorreiter in Sachen Innovation und Effizienz. Wir sind ein f\u00fchrendes Unternehmen auf dem Weltmarkt f\u00fcr Elektrofahrr\u00e4der und stellen individuelle und elegante Elektrofahrr\u00e4der her, die sowohl funktionell als auch \u00e4sthetisch einwandfrei sind. Unsere Vision ist es, die Transportindustrie zu revolutionieren und ...<\/p>\n<p class=\"read-more\"> <a class=\"\" href=\"https:\/\/electric-bicycles.net\/de\/a-propos-de\/\"> <span class=\"screen-reader-text\">\u00e0 propos de<\/span> Weiterlesen \"<\/a><\/p>","protected":false},"author":1,"featured_media":0,"parent":0,"menu_order":0,"comment_status":"closed","ping_status":"closed","template":"","meta":{"site-sidebar-layout":"default","site-content-layout":"","ast-site-content-layout":"default","site-content-style":"default","site-sidebar-style":"default","ast-global-header-display":"","ast-banner-title-visibility":"","ast-main-header-display":"","ast-hfb-above-header-display":"","ast-hfb-below-header-display":"","ast-hfb-mobile-header-display":"","site-post-title":"","ast-breadcrumbs-content":"","ast-featured-img":"","footer-sml-layout":"","theme-transparent-header-meta":"default","adv-header-id-meta":"","stick-header-meta":"","header-above-stick-meta":"","header-main-stick-meta":"","header-below-stick-meta":"","astra-migrate-meta-layouts":"set","ngg_post_thumbnail":0,"footnotes":""},"class_list":["post-196","page","type-page","status-publish","hentry"],"aioseo_notices":[],"_links":{"self":[{"href":"https:\/\/electric-bicycles.net\/de\/wp-json\/wp\/v2\/pages\/196","targetHints":{"allow":["GET"]}}],"collection":[{"href":"https:\/\/electric-bicycles.net\/de\/wp-json\/wp\/v2\/pages"}],"about":[{"href":"https:\/\/electric-bicycles.net\/de\/wp-json\/wp\/v2\/types\/page"}],"author":[{"embeddable":true,"href":"https:\/\/electric-bicycles.net\/de\/wp-json\/wp\/v2\/users\/1"}],"replies":[{"embeddable":true,"href":"https:\/\/electric-bicycles.net\/de\/wp-json\/wp\/v2\/comments?post=196"}],"version-history":[{"count":1,"href":"https:\/\/electric-bicycles.net\/de\/wp-json\/wp\/v2\/pages\/196\/revisions"}],"predecessor-version":[{"id":197,"href":"https:\/\/electric-bicycles.net\/de\/wp-json\/wp\/v2\/pages\/196\/revisions\/197"}],"wp:attachment":[{"href":"https:\/\/electric-bicycles.net\/de\/wp-json\/wp\/v2\/media?parent=196"}],"curies":[{"name":"wp","href":"https:\/\/api.w.org\/{rel}","templated":true}]}}