{"id":172,"date":"2023-08-26T17:31:42","date_gmt":"2023-08-26T09:31:42","guid":{"rendered":"https:\/\/electric-bicycles.net\/?page_id=172"},"modified":"2024-05-31T07:56:58","modified_gmt":"2024-05-30T23:56:58","slug":"about","status":"publish","type":"page","link":"https:\/\/electric-bicycles.net\/de\/","title":{"rendered":"\u00fcber"},"content":{"rendered":"<p><img loading=\"lazy\" decoding=\"async\" class=\"size-full wp-image-184 aligncenter\" src=\"http:\/\/electric-bicycles.net\/wp-content\/uploads\/2023\/08\/banners-of-electric-bicycles.jpg\" alt=\"Banner von Elektrofahrr\u00e4dern\" width=\"800\" height=\"534\" srcset=\"https:\/\/electric-bicycles.net\/wp-content\/uploads\/2023\/08\/banners-of-electric-bicycles.jpg 800w, https:\/\/electric-bicycles.net\/wp-content\/uploads\/2023\/08\/banners-of-electric-bicycles-300x200.jpg 300w, https:\/\/electric-bicycles.net\/wp-content\/uploads\/2023\/08\/banners-of-electric-bicycles-768x513.jpg 768w\" sizes=\"auto, (max-width: 800px) 100vw, 800px\" \/><\/p>\n<p>In der gesch\u00e4ftigen Sph\u00e4re der Elektrofahrr\u00e4der steht unser Unternehmen als Leuchtturm f\u00fcr Innovation und Effizienz. Wir sind ein f\u00fchrendes Unternehmen auf dem globalen Markt f\u00fcr Elektromotorr\u00e4der, das ma\u00dfgeschneiderte, stilvolle Elektrofahrr\u00e4der herstellt, die Funktionalit\u00e4t und \u00c4sthetik perfekt miteinander verbinden Unsere Vision ist es, die Transportbranche zu revolutionieren, indem wir eine nachhaltige, kosteneffiziente Alternative zu herk\u00f6mmlichen Verkehrsmitteln anbieten. Unsere Elektrofahrr\u00e4der sind mehr als nur ein Transportmittel; sie sind ein Beweis f\u00fcr unser Engagement, umweltfreundliche Transportl\u00f6sungen zu entwickeln. Wir glauben an die Kraft der Innovation, um Herausforderungen wie hohe Anschaffungskosten und das Fehlen einer standardisierten Regelung zu \u00fcberwinden. Wir arbeiten aktiv daran, unsere Elektrofahrr\u00e4der f\u00fcr alle zug\u00e4nglich zu machen, indem wir staatliche Anreize nutzen und innovative L\u00f6sungen zur Kostensenkung einf\u00fchren. Wir schaffen nicht nur <strong>Elektrofahrr\u00e4der, Lithium-Batterie, Lithium-Batterien<\/strong>Wir sind dabei, eine Lifestyle-Marke aufzubauen. Wir verstehen die Macht der Konnektivit\u00e4t in der heutigen digitalen Welt und integrieren modernste Konnektivit\u00e4tsl\u00f6sungen und nahtlose Integrationsfunktionen in unsere Elektrofahrr\u00e4der. Unsere Elektromotorr\u00e4der sind f\u00fcr den modernen Verbraucher konzipiert - elegant, effizient und innovativ. Sie bieten eine einzigartige Mischung aus Leistung und Komfort, die jede Fahrt zu einem freudigen Erlebnis macht. Ob Sie zur Arbeit pendeln oder eine gem\u00fctliche Ausfahrt machen, unsere Elektrofahrr\u00e4der sind Ihr perfekter Begleiter.Wir sind mehr als nur ein Unternehmen. Wir sind eine Bewegung, die sich daf\u00fcr einsetzt, die Art und Weise zu \u00e4ndern, wie Menschen \u00fcber Transportmittel denken. Wir sind hier, um einen Unterschied zu machen, ein Elektromotorrad nach dem anderen. Wir laden Sie ein, uns auf unserer Reise in eine gr\u00fcnere, nachhaltigere Zukunft zu begleiten.<\/p>","protected":false},"excerpt":{"rendered":"<p>In the bustling sphere of electric bicycles, our company stands as a beacon of innovation and efficiency. We are a leading entity in the global electric motorcycle market, crafting custom-made, stylish electric bicycles that perfectly blend functionality and aesthetics.Our vision is to revolutionize the transportation industry by offering a sustainable, cost-effective alternative to traditional modes &hellip;<\/p>\n<p class=\"read-more\"> <a class=\"\" href=\"https:\/\/electric-bicycles.net\/de\/\"> <span class=\"screen-reader-text\">\u00fcber<\/span> Weiterlesen \"<\/a><\/p>","protected":false},"author":1,"featured_media":0,"parent":0,"menu_order":0,"comment_status":"closed","ping_status":"closed","template":"","meta":{"site-sidebar-layout":"default","site-content-layout":"","ast-site-content-layout":"default","site-content-style":"default","site-sidebar-style":"default","ast-global-header-display":"","ast-banner-title-visibility":"","ast-main-header-display":"","ast-hfb-above-header-display":"","ast-hfb-below-header-display":"","ast-hfb-mobile-header-display":"","site-post-title":"","ast-breadcrumbs-content":"","ast-featured-img":"","footer-sml-layout":"","theme-transparent-header-meta":"default","adv-header-id-meta":"","stick-header-meta":"","header-above-stick-meta":"","header-main-stick-meta":"","header-below-stick-meta":"","astra-migrate-meta-layouts":"set","ngg_post_thumbnail":0,"footnotes":""},"class_list":["post-172","page","type-page","status-publish","hentry"],"aioseo_notices":[],"_links":{"self":[{"href":"https:\/\/electric-bicycles.net\/de\/wp-json\/wp\/v2\/pages\/172","targetHints":{"allow":["GET"]}}],"collection":[{"href":"https:\/\/electric-bicycles.net\/de\/wp-json\/wp\/v2\/pages"}],"about":[{"href":"https:\/\/electric-bicycles.net\/de\/wp-json\/wp\/v2\/types\/page"}],"author":[{"embeddable":true,"href":"https:\/\/electric-bicycles.net\/de\/wp-json\/wp\/v2\/users\/1"}],"replies":[{"embeddable":true,"href":"https:\/\/electric-bicycles.net\/de\/wp-json\/wp\/v2\/comments?post=172"}],"version-history":[{"count":7,"href":"https:\/\/electric-bicycles.net\/de\/wp-json\/wp\/v2\/pages\/172\/revisions"}],"predecessor-version":[{"id":376,"href":"https:\/\/electric-bicycles.net\/de\/wp-json\/wp\/v2\/pages\/172\/revisions\/376"}],"wp:attachment":[{"href":"https:\/\/electric-bicycles.net\/de\/wp-json\/wp\/v2\/media?parent=172"}],"curies":[{"name":"wp","href":"https:\/\/api.w.org\/{rel}","templated":true}]}}