{"id":196,"date":"2023-08-26T17:31:42","date_gmt":"2023-08-26T09:31:42","guid":{"rendered":"https:\/\/electric-bicycles.net\/?page_id=196"},"modified":"2023-08-26T19:15:45","modified_gmt":"2023-08-26T11:15:45","slug":"a-propos-de","status":"publish","type":"page","link":"https:\/\/electric-bicycles.net\/da\/a-propos-de\/","title":{"rendered":"\u00e0 propos de"},"content":{"rendered":"<p>I den livlige atmosf\u00e6re af elektriske cykler fremst\u00e5r vores virksomhed som en pioner inden for innovation og effektivitet. Vi er en f\u00f8rende virksomhed p\u00e5 verdensmarkedet for elektriske motorcykler, der fremstiller personlige og elegante k\u00f8ret\u00f8jer med perfekt funktionalitet og \u00e6stetik. Vores vision er at revolutionere transportbranchen ved at tilbyde et holdbart og rentabelt alternativ til de traditionelle transportformer. Denne vision har aldrig v\u00e6ret s\u00e5 relevant som i lyset af de stigende priser p\u00e5 br\u00e6ndstof og den markante nedgang i den samlede transport som f\u00f8lge af COVID-19. Vores elektriske k\u00f8ret\u00f8jer er mere end en simpel transportform; de vidner om vores engagement i at skabe rejsel\u00f8sninger, der respekterer milj\u00f8et. Vi tror p\u00e5 innovationens evne til at overvinde udfordringer som h\u00f8je k\u00f8bspriser og manglende normal regulering. Vi arbejder aktivt p\u00e5 at g\u00f8re vores elektriske k\u00f8ret\u00f8jer tilg\u00e6ngelige for alle, ved at tage del i regeringens opfordringer og ved at indf\u00f8re innovative l\u00f8sninger for at reducere omkostningerne. Men vores ambitioner stopper ikke der. Vi n\u00f8jes ikke med at skabe elektriske biler, vi skaber et livsstilsm\u00e6rke. Vi forst\u00e5r forbindelsesmulighederne i den digitale verden i dag, og vi inkorporerer de bedste forbindelsesl\u00f8sninger og transparente integrationsfunktioner i vores elektriske k\u00f8ret\u00f8jer. Det g\u00f8r det muligt for vores kunder at forblive forbundne og samtidig drage fordel af deres rejse og dermed forbedre deres globale oplevelse.Vores elektriske k\u00f8ret\u00f8jer er designet til den moderne forbruger - elegante, effektive og innovative. De tilbyder en unik blanding af ydeevne og komfort, der g\u00f8r hver rejse til en behagelig oplevelse. Uanset om du k\u00f8rer p\u00e5 arbejde eller g\u00e5r en rolig tur, er vores elektriske k\u00f8ret\u00f8jer din ideelle f\u00f8lgesvend.Vi er mere end en simpel virksomhed. Vi er en bev\u00e6gelse, der er engageret i at \u00e6ndre den m\u00e5de, hvorp\u00e5 folk ser p\u00e5 transport. Vi er der for at g\u00f8re en forskel, en elektrisk motorcykel p\u00e5 \u00e9n gang. Vi inviterer jer til at deltage i vores rejse mod en gr\u00f8nnere og mere b\u00e6redygtig fremtid.<\/p>","protected":false},"excerpt":{"rendered":"<p>Dans la sph\u00e8re anim\u00e9e des bicyclettes \u00e9lectriques, notre entreprise se pr\u00e9sente comme un phare de l&#8217;innovation et de l&#8217;efficacit\u00e9. Nous sommes une entit\u00e9 de premier plan sur le march\u00e9 mondial des motos \u00e9lectriques, fabriquant des v\u00e9los \u00e9lectriques personnalis\u00e9s et \u00e9l\u00e9gants qui allient parfaitement fonctionnalit\u00e9 et esth\u00e9tique. Notre vision est de r\u00e9volutionner l&#8217;industrie du transport en &hellip;<\/p>\n<p class=\"read-more\"> <a class=\"\" href=\"https:\/\/electric-bicycles.net\/da\/a-propos-de\/\"> <span class=\"screen-reader-text\">\u00e0 propos de<\/span> L\u00e6s mere \"<\/a><\/p>","protected":false},"author":1,"featured_media":0,"parent":0,"menu_order":0,"comment_status":"closed","ping_status":"closed","template":"","meta":{"site-sidebar-layout":"default","site-content-layout":"","ast-site-content-layout":"default","site-content-style":"default","site-sidebar-style":"default","ast-global-header-display":"","ast-banner-title-visibility":"","ast-main-header-display":"","ast-hfb-above-header-display":"","ast-hfb-below-header-display":"","ast-hfb-mobile-header-display":"","site-post-title":"","ast-breadcrumbs-content":"","ast-featured-img":"","footer-sml-layout":"","theme-transparent-header-meta":"default","adv-header-id-meta":"","stick-header-meta":"","header-above-stick-meta":"","header-main-stick-meta":"","header-below-stick-meta":"","astra-migrate-meta-layouts":"set","ngg_post_thumbnail":0,"footnotes":""},"class_list":["post-196","page","type-page","status-publish","hentry"],"aioseo_notices":[],"_links":{"self":[{"href":"https:\/\/electric-bicycles.net\/da\/wp-json\/wp\/v2\/pages\/196","targetHints":{"allow":["GET"]}}],"collection":[{"href":"https:\/\/electric-bicycles.net\/da\/wp-json\/wp\/v2\/pages"}],"about":[{"href":"https:\/\/electric-bicycles.net\/da\/wp-json\/wp\/v2\/types\/page"}],"author":[{"embeddable":true,"href":"https:\/\/electric-bicycles.net\/da\/wp-json\/wp\/v2\/users\/1"}],"replies":[{"embeddable":true,"href":"https:\/\/electric-bicycles.net\/da\/wp-json\/wp\/v2\/comments?post=196"}],"version-history":[{"count":1,"href":"https:\/\/electric-bicycles.net\/da\/wp-json\/wp\/v2\/pages\/196\/revisions"}],"predecessor-version":[{"id":197,"href":"https:\/\/electric-bicycles.net\/da\/wp-json\/wp\/v2\/pages\/196\/revisions\/197"}],"wp:attachment":[{"href":"https:\/\/electric-bicycles.net\/da\/wp-json\/wp\/v2\/media?parent=196"}],"curies":[{"name":"wp","href":"https:\/\/api.w.org\/{rel}","templated":true}]}}