{"id":172,"date":"2023-08-26T17:31:42","date_gmt":"2023-08-26T09:31:42","guid":{"rendered":"https:\/\/electric-bicycles.net\/?page_id=172"},"modified":"2024-05-31T07:56:58","modified_gmt":"2024-05-30T23:56:58","slug":"about","status":"publish","type":"page","link":"https:\/\/electric-bicycles.net\/da\/","title":{"rendered":"om"},"content":{"rendered":"<p><img loading=\"lazy\" decoding=\"async\" class=\"size-full wp-image-184 aligncenter\" src=\"http:\/\/electric-bicycles.net\/wp-content\/uploads\/2023\/08\/banners-of-electric-bicycles.jpg\" alt=\"bannere for elektriske cykler\" width=\"800\" height=\"534\" srcset=\"https:\/\/electric-bicycles.net\/wp-content\/uploads\/2023\/08\/banners-of-electric-bicycles.jpg 800w, https:\/\/electric-bicycles.net\/wp-content\/uploads\/2023\/08\/banners-of-electric-bicycles-300x200.jpg 300w, https:\/\/electric-bicycles.net\/wp-content\/uploads\/2023\/08\/banners-of-electric-bicycles-768x513.jpg 768w\" sizes=\"auto, (max-width: 800px) 100vw, 800px\" \/><\/p>\n<p>I den travle sf\u00e6re af elektriske cykler st\u00e5r vores virksomhed som et fyrt\u00e5rn af innovation og effektivitet. Vi er en f\u00f8rende enhed p\u00e5 det globale marked for elektriske motorcykler og fremstiller skr\u00e6ddersyede, stilfulde elektriske cykler, der blander funktionalitet og \u00e6stetik perfekt. Vores vision er at revolutionere transportbranchen ved at tilbyde et b\u00e6redygtigt, omkostningseffektivt alternativ til traditionelle transportformer. Denne vision har aldrig v\u00e6ret mere relevant end i k\u00f8lvandet p\u00e5 stigende br\u00e6ndstofomkostninger og den m\u00e6rkbare nedgang i offentlig transport p\u00e5 grund af COVID-19-pandemien. Vores elcykler er mere end bare et transportmiddel; de er et bevis p\u00e5 vores engagement i at skabe milj\u00f8venlige rejsel\u00f8sninger. Vi tror p\u00e5 innovationens kraft til at overvinde udfordringer som h\u00f8je k\u00f8bsomkostninger og mangel p\u00e5 standardiseret regulering. Vi arbejder aktivt p\u00e5 at g\u00f8re vores elcykler tilg\u00e6ngelige for alle ved at udnytte statslige incitamenter og indf\u00f8re innovative l\u00f8sninger, der kan reducere omkostningerne, men vores ambitioner stopper ikke her. Vi skaber ikke bare <strong>elektriske cykler, litiumbatteri, litiumbatterier<\/strong>Vi er ved at opbygge et livsstilsm\u00e6rke. Vi forst\u00e5r styrken ved tilslutningsmuligheder i dagens digitale verden, og vi indarbejder avancerede tilslutningsl\u00f8sninger og problemfri integrationsfunktioner i vores elcykler. Det giver vores kunder mulighed for at holde forbindelsen, mens de nyder deres tur, hvilket forbedrer deres samlede oplevelse. Vores elektriske motorcykler er designet til den moderne forbruger - stilfulde, effektive og innovative. De tilbyder en unik blanding af ydeevne og komfort, som g\u00f8r hver eneste tur til en forn\u00f8jelig oplevelse. Uanset om du pendler til arbejde eller tager en afslappet tur, er vores elcykler din perfekte f\u00f8lgesvend.Vi er mere end bare en virksomhed. Vi er en bev\u00e6gelse, der er forpligtet til at \u00e6ndre den m\u00e5de, folk t\u00e6nker p\u00e5 transport. Vi er her for at g\u00f8re en forskel, \u00e9n elektrisk motorcykel ad gangen. Vi inviterer dig til at deltage i vores rejse mod en gr\u00f8nnere og mere b\u00e6redygtig fremtid.<\/p>","protected":false},"excerpt":{"rendered":"<p>In the bustling sphere of electric bicycles, our company stands as a beacon of innovation and efficiency. We are a leading entity in the global electric motorcycle market, crafting custom-made, stylish electric bicycles that perfectly blend functionality and aesthetics.Our vision is to revolutionize the transportation industry by offering a sustainable, cost-effective alternative to traditional modes &hellip;<\/p>\n<p class=\"read-more\"> <a class=\"\" href=\"https:\/\/electric-bicycles.net\/da\/\"> <span class=\"screen-reader-text\">om<\/span> L\u00e6s mere \"<\/a><\/p>","protected":false},"author":1,"featured_media":0,"parent":0,"menu_order":0,"comment_status":"closed","ping_status":"closed","template":"","meta":{"site-sidebar-layout":"default","site-content-layout":"","ast-site-content-layout":"default","site-content-style":"default","site-sidebar-style":"default","ast-global-header-display":"","ast-banner-title-visibility":"","ast-main-header-display":"","ast-hfb-above-header-display":"","ast-hfb-below-header-display":"","ast-hfb-mobile-header-display":"","site-post-title":"","ast-breadcrumbs-content":"","ast-featured-img":"","footer-sml-layout":"","theme-transparent-header-meta":"default","adv-header-id-meta":"","stick-header-meta":"","header-above-stick-meta":"","header-main-stick-meta":"","header-below-stick-meta":"","astra-migrate-meta-layouts":"set","ngg_post_thumbnail":0,"footnotes":""},"class_list":["post-172","page","type-page","status-publish","hentry"],"aioseo_notices":[],"_links":{"self":[{"href":"https:\/\/electric-bicycles.net\/da\/wp-json\/wp\/v2\/pages\/172","targetHints":{"allow":["GET"]}}],"collection":[{"href":"https:\/\/electric-bicycles.net\/da\/wp-json\/wp\/v2\/pages"}],"about":[{"href":"https:\/\/electric-bicycles.net\/da\/wp-json\/wp\/v2\/types\/page"}],"author":[{"embeddable":true,"href":"https:\/\/electric-bicycles.net\/da\/wp-json\/wp\/v2\/users\/1"}],"replies":[{"embeddable":true,"href":"https:\/\/electric-bicycles.net\/da\/wp-json\/wp\/v2\/comments?post=172"}],"version-history":[{"count":7,"href":"https:\/\/electric-bicycles.net\/da\/wp-json\/wp\/v2\/pages\/172\/revisions"}],"predecessor-version":[{"id":376,"href":"https:\/\/electric-bicycles.net\/da\/wp-json\/wp\/v2\/pages\/172\/revisions\/376"}],"wp:attachment":[{"href":"https:\/\/electric-bicycles.net\/da\/wp-json\/wp\/v2\/media?parent=172"}],"curies":[{"name":"wp","href":"https:\/\/api.w.org\/{rel}","templated":true}]}}