{"id":172,"date":"2023-08-26T17:31:42","date_gmt":"2023-08-26T09:31:42","guid":{"rendered":"https:\/\/electric-bicycles.net\/?page_id=172"},"modified":"2024-05-31T07:56:58","modified_gmt":"2024-05-30T23:56:58","slug":"about","status":"publish","type":"page","link":"https:\/\/electric-bicycles.net\/cs\/","title":{"rendered":"o"},"content":{"rendered":"<p><img loading=\"lazy\" decoding=\"async\" class=\"size-full wp-image-184 aligncenter\" src=\"http:\/\/electric-bicycles.net\/wp-content\/uploads\/2023\/08\/banners-of-electric-bicycles.jpg\" alt=\"pouta\u010de na elektrokola\" width=\"800\" height=\"534\" srcset=\"https:\/\/electric-bicycles.net\/wp-content\/uploads\/2023\/08\/banners-of-electric-bicycles.jpg 800w, https:\/\/electric-bicycles.net\/wp-content\/uploads\/2023\/08\/banners-of-electric-bicycles-300x200.jpg 300w, https:\/\/electric-bicycles.net\/wp-content\/uploads\/2023\/08\/banners-of-electric-bicycles-768x513.jpg 768w\" sizes=\"auto, (max-width: 800px) 100vw, 800px\" \/><\/p>\n<p>Na\u0161e spole\u010dnost je v ru\u0161n\u00e9 oblasti elektrick\u00fdch j\u00edzdn\u00edch kol maj\u00e1kem inovac\u00ed a efektivity. Jsme vedouc\u00edm subjektem na sv\u011btov\u00e9m trhu s elektrick\u00fdmi motocykly a vyr\u00e1b\u00edme stylov\u00e1 elektrick\u00e1 kola na m\u00edru, kter\u00e1 dokonale kombinuj\u00ed funk\u010dnost a estetiku.Na\u0161\u00ed viz\u00ed je revoluce v doprav\u011b t\u00edm, \u017ee nab\u00edz\u00edme udr\u017eitelnou a n\u00e1kladov\u011b efektivn\u00ed alternativu k tradi\u010dn\u00edm zp\u016fsob\u016fm doj\u00ed\u017ed\u011bn\u00ed. Tato vize nebyla nikdy aktu\u00e1ln\u011bj\u0161\u00ed ne\u017e v souvislosti s rostouc\u00edmi n\u00e1klady na pohonn\u00e9 hmoty a znateln\u00fdm \u00fabytkem ve\u0159ejn\u00e9 dopravy v d\u016fsledku pandemie COVID-19. Na\u0161e elektrokola jsou v\u00edce ne\u017e jen zp\u016fsobem dopravy; jsou d\u016fkazem na\u0161eho odhodl\u00e1n\u00ed vytv\u00e1\u0159et ekologicky \u0161etrn\u00e1 \u0159e\u0161en\u00ed pro cestov\u00e1n\u00ed. V\u011b\u0159\u00edme v s\u00edlu inovac\u00ed, kter\u00e9 umo\u017e\u0148uj\u00ed p\u0159ekonat probl\u00e9my, jako jsou vysok\u00e9 po\u0159izovac\u00ed n\u00e1klady a chyb\u011bj\u00edc\u00ed standardizovan\u00e1 regulace. Aktivn\u011b pracujeme na tom, aby byla na\u0161e elektrokola dostupn\u00e1 v\u0161em, vyu\u017e\u00edv\u00e1me vl\u00e1dn\u00ed pob\u00eddky a zav\u00e1d\u00edme inovativn\u00ed \u0159e\u0161en\u00ed ke sn\u00ed\u017een\u00ed n\u00e1klad\u016f. t\u00edm v\u0161ak na\u0161e ambice nekon\u010d\u00ed. Nevytv\u00e1\u0159\u00edme pouze <strong>elektrick\u00e1 kola, lithiov\u00e9 baterie, lithiov\u00e9 baterie<\/strong>; budujeme zna\u010dku \u017eivotn\u00edho stylu. Ch\u00e1peme s\u00edlu konektivity v dne\u0161n\u00edm digit\u00e1ln\u00edm sv\u011bt\u011b a do na\u0161ich elektrokol za\u010dle\u0148ujeme nejmodern\u011bj\u0161\u00ed \u0159e\u0161en\u00ed konektivity a funkce bezprobl\u00e9mov\u00e9 integrace. D\u00edky tomu mohou na\u0161i z\u00e1kazn\u00edci z\u016fstat ve spojen\u00ed a z\u00e1rove\u0148 si u\u017e\u00edvat j\u00edzdu, co\u017e zvy\u0161uje jejich celkov\u00fd z\u00e1\u017eitek. na\u0161e elektrick\u00e9 motocykly jsou navr\u017eeny pro modern\u00ed spot\u0159ebitele - stylov\u00e9, efektivn\u00ed a inovativn\u00ed. Nab\u00edzej\u00ed jedine\u010dnou kombinaci v\u00fdkonu a pohodl\u00ed, d\u00edky n\u00ed\u017e je ka\u017ed\u00e1 j\u00edzda radostn\u00fdm z\u00e1\u017eitkem. A\u0165 u\u017e doj\u00ed\u017ed\u00edte do pr\u00e1ce, nebo se chyst\u00e1te na volno\u010dasovou proj\u00ed\u017e\u010fku, na\u0161e elektrokola jsou va\u0161\u00edm dokonal\u00fdm spole\u010dn\u00edkem. jsme v\u00edc ne\u017e jen spole\u010dnost. Jsme hnut\u00ed, kter\u00e9 se zav\u00e1zalo zm\u011bnit zp\u016fsob, jak\u00fdm lid\u00e9 p\u0159em\u00fd\u0161lej\u00ed o doprav\u011b. Jsme tu proto, abychom n\u011bco zm\u011bnili, jeden elektrick\u00fd motocykl za druh\u00fdm. Zveme v\u00e1s, abyste se k n\u00e1m p\u0159ipojili na na\u0161\u00ed cest\u011b k ekologi\u010dt\u011bj\u0161\u00ed a udr\u017eiteln\u011bj\u0161\u00ed budoucnosti.<\/p>","protected":false},"excerpt":{"rendered":"<p>In the bustling sphere of electric bicycles, our company stands as a beacon of innovation and efficiency. We are a leading entity in the global electric motorcycle market, crafting custom-made, stylish electric bicycles that perfectly blend functionality and aesthetics.Our vision is to revolutionize the transportation industry by offering a sustainable, cost-effective alternative to traditional modes &hellip;<\/p>\n<p class=\"read-more\"> <a class=\"\" href=\"https:\/\/electric-bicycles.net\/cs\/\"> <span class=\"screen-reader-text\">o<\/span> Pokra\u010dovat ve \u010dten\u00ed \"<\/a><\/p>","protected":false},"author":1,"featured_media":0,"parent":0,"menu_order":0,"comment_status":"closed","ping_status":"closed","template":"","meta":{"site-sidebar-layout":"default","site-content-layout":"","ast-site-content-layout":"default","site-content-style":"default","site-sidebar-style":"default","ast-global-header-display":"","ast-banner-title-visibility":"","ast-main-header-display":"","ast-hfb-above-header-display":"","ast-hfb-below-header-display":"","ast-hfb-mobile-header-display":"","site-post-title":"","ast-breadcrumbs-content":"","ast-featured-img":"","footer-sml-layout":"","theme-transparent-header-meta":"default","adv-header-id-meta":"","stick-header-meta":"","header-above-stick-meta":"","header-main-stick-meta":"","header-below-stick-meta":"","astra-migrate-meta-layouts":"set","ngg_post_thumbnail":0,"footnotes":""},"class_list":["post-172","page","type-page","status-publish","hentry"],"aioseo_notices":[],"_links":{"self":[{"href":"https:\/\/electric-bicycles.net\/cs\/wp-json\/wp\/v2\/pages\/172","targetHints":{"allow":["GET"]}}],"collection":[{"href":"https:\/\/electric-bicycles.net\/cs\/wp-json\/wp\/v2\/pages"}],"about":[{"href":"https:\/\/electric-bicycles.net\/cs\/wp-json\/wp\/v2\/types\/page"}],"author":[{"embeddable":true,"href":"https:\/\/electric-bicycles.net\/cs\/wp-json\/wp\/v2\/users\/1"}],"replies":[{"embeddable":true,"href":"https:\/\/electric-bicycles.net\/cs\/wp-json\/wp\/v2\/comments?post=172"}],"version-history":[{"count":7,"href":"https:\/\/electric-bicycles.net\/cs\/wp-json\/wp\/v2\/pages\/172\/revisions"}],"predecessor-version":[{"id":376,"href":"https:\/\/electric-bicycles.net\/cs\/wp-json\/wp\/v2\/pages\/172\/revisions\/376"}],"wp:attachment":[{"href":"https:\/\/electric-bicycles.net\/cs\/wp-json\/wp\/v2\/media?parent=172"}],"curies":[{"name":"wp","href":"https:\/\/api.w.org\/{rel}","templated":true}]}}