{"id":196,"date":"2023-08-26T17:31:42","date_gmt":"2023-08-26T09:31:42","guid":{"rendered":"https:\/\/electric-bicycles.net\/?page_id=196"},"modified":"2023-08-26T19:15:45","modified_gmt":"2023-08-26T11:15:45","slug":"a-propos-de","status":"publish","type":"page","link":"https:\/\/electric-bicycles.net\/ar\/a-propos-de\/","title":{"rendered":"\u00e0 propos de"},"content":{"rendered":"<p>\u0641\u064a \u0645\u062c\u0627\u0644 \u0627\u0644\u062f\u0631\u0627\u062c\u0627\u062a \u0627\u0644\u0647\u0648\u0627\u0626\u064a\u0629 \u0627\u0644\u0643\u0647\u0631\u0628\u0627\u0626\u064a\u0629\u060c \u062a\u064f\u0639\u062a\u0628\u0631 \u0634\u0631\u0643\u062a\u0646\u0627 \u0625\u062d\u062f\u0649 \u0627\u0644\u0634\u0631\u0643\u0627\u062a \u0627\u0644\u0631\u0627\u0626\u062f\u0629 \u0641\u064a \u0645\u062c\u0627\u0644 \u0627\u0644\u0627\u0628\u062a\u0643\u0627\u0631 \u0648\u0627\u0644\u0641\u0639\u0627\u0644\u064a\u0629. \u0646\u062d\u0646 \u0634\u0631\u0643\u0629 \u0631\u0627\u0626\u062f\u0629 \u0641\u064a \u0645\u062c\u0627\u0644 \u0635\u0646\u0627\u0639\u0629 \u0627\u0644\u062f\u0631\u0627\u062c\u0627\u062a \u0627\u0644\u0643\u0647\u0631\u0628\u0627\u0626\u064a\u0629 \u0641\u064a \u0627\u0644\u0633\u0648\u0642 \u0627\u0644\u0639\u0627\u0644\u0645\u064a\u0629 \u0644\u0644\u062f\u0631\u0627\u062c\u0627\u062a \u0627\u0644\u0643\u0647\u0631\u0628\u0627\u0626\u064a\u0629\u060c \u062d\u064a\u062b \u0646\u0642\u0648\u0645 \u0628\u062a\u0635\u0646\u064a\u0639 \u0627\u0644\u062f\u0631\u0627\u062c\u0627\u062a \u0627\u0644\u0643\u0647\u0631\u0628\u0627\u0626\u064a\u0629 \u0627\u0644\u0634\u062e\u0635\u064a\u0629 \u0648\u0627\u0644\u0639\u0635\u0631\u064a\u0629 \u0627\u0644\u062a\u064a \u062a\u062a\u0645\u064a\u0632 \u0628\u0627\u0644\u0641\u0639\u0627\u0644\u064a\u0629 \u0648\u0627\u0644\u0643\u0641\u0627\u0621\u0629. \u062a\u062a\u0645\u062b\u0644 \u0631\u0624\u064a\u062a\u0646\u0627 \u0641\u064a \u0625\u062d\u062f\u0627\u062b \u062b\u0648\u0631\u0629 \u0641\u064a \u0635\u0646\u0627\u0639\u0629 \u0627\u0644\u0646\u0642\u0644 \u0645\u0646 \u062e\u0644\u0627\u0644 \u062a\u0648\u0641\u064a\u0631 \u0628\u062f\u064a\u0644 \u062f\u0627\u0626\u0645 \u0648\u0642\u0627\u0628\u0644 \u0644\u0644\u0625\u064a\u062c\u0627\u0631 \u0644\u0648\u0633\u0627\u0626\u0644 \u0627\u0644\u0646\u0642\u0644 \u0627\u0644\u062a\u0642\u0644\u064a\u062f\u064a\u0629. \u0647\u0630\u0647 \u0627\u0644\u0631\u0624\u064a\u0629 \u0644\u064a\u0633\u062a \u0630\u0627\u062a \u0635\u0644\u0629 \u0628\u0627\u0644\u0645\u0648\u0636\u0648\u0639 \u0641\u064a \u0623\u064a \u0648\u0642\u062a \u0645\u0636\u0649 \u0625\u0644\u0627 \u0641\u064a \u0638\u0644 \u0627\u0631\u062a\u0641\u0627\u0639 \u0623\u0633\u0639\u0627\u0631 \u0627\u0644\u0633\u064a\u0627\u0631\u0627\u062a \u0648\u0627\u0644\u0627\u0646\u062e\u0641\u0627\u0636 \u0627\u0644\u0645\u0644\u062d\u0648\u0638 \u0641\u064a \u0648\u0633\u0627\u0626\u0644 \u0627\u0644\u0646\u0642\u0644 \u0627\u0644\u062c\u0645\u0627\u0639\u064a \u0628\u0633\u0628\u0628 \u062c\u0627\u0626\u062d\u0629 \u0643\u0648\u0641\u064a\u062f-19\u060c \u0641\u0627\u0644\u0633\u064a\u0627\u0631\u0627\u062a \u0627\u0644\u0643\u0647\u0631\u0628\u0627\u0626\u064a\u0629 \u0644\u064a\u0633\u062a \u0648\u0633\u064a\u0644\u0629 \u0646\u0642\u0644 \u0628\u0633\u064a\u0637\u0629\u061b \u0625\u0646\u0647\u0627 \u062f\u0644\u064a\u0644 \u0639\u0644\u0649 \u0627\u0644\u062a\u0632\u0627\u0645\u0646\u0627 \u0628\u0625\u064a\u062c\u0627\u062f \u062d\u0644\u0648\u0644 \u0644\u0644\u0631\u062d\u0644\u0627\u062a \u062a\u062d\u062a\u0631\u0645 \u0627\u0644\u0628\u064a\u0626\u0629. \u0646\u062d\u0646 \u0646\u0624\u0645\u0646 \u0628\u0642\u062f\u0631\u0629 \u0627\u0644\u0627\u0628\u062a\u0643\u0627\u0631 \u0639\u0644\u0649 \u0627\u0644\u062a\u063a\u0644\u0628 \u0639\u0644\u0649 \u0627\u0644\u062a\u062d\u062f\u064a\u0627\u062a \u0627\u0644\u062a\u064a \u062a\u0648\u0627\u062c\u0647\u0646\u0627 \u0645\u062b\u0644 \u0627\u0631\u062a\u0641\u0627\u0639 \u062a\u0643\u0627\u0644\u064a\u0641 \u0627\u0644\u0634\u0631\u0627\u0621 \u0648\u063a\u064a\u0627\u0628 \u0627\u0644\u062a\u0646\u0638\u064a\u0645 \u0627\u0644\u0637\u0628\u064a\u0639\u064a. \u0646\u062d\u0646 \u0646\u0639\u0645\u0644 \u0628\u0646\u0634\u0627\u0637 \u0644\u062c\u0639\u0644 \u0633\u064a\u0627\u0631\u0627\u062a\u0646\u0627 \u0627\u0644\u0643\u0647\u0631\u0628\u0627\u0626\u064a\u0629 \u0641\u064a \u0645\u062a\u0646\u0627\u0648\u0644 \u0627\u0644\u062c\u0645\u064a\u0639\u060c \u0645\u0646 \u062e\u0644\u0627\u0644 \u0627\u0644\u0645\u0634\u0627\u0631\u0643\u0629 \u0641\u064a \u0627\u0644\u062a\u062d\u0641\u064a\u0632\u0627\u062a \u0627\u0644\u062d\u0643\u0648\u0645\u064a\u0629 \u0648\u062a\u0642\u062f\u064a\u0645 \u062d\u0644\u0648\u0644 \u0645\u0628\u062a\u0643\u0631\u0629 \u0644\u0644\u062d\u062f \u0645\u0646 \u0627\u0644\u062a\u0643\u0627\u0644\u064a\u0641. \u0648\u0644\u0643\u0646 \u0637\u0645\u0648\u062d\u0646\u0627 \u0644\u0627 \u064a\u062a\u0648\u0642\u0641 \u0639\u0646\u062f \u0647\u0630\u0627 \u0627\u0644\u062d\u062f. \u0646\u062d\u0646 \u0644\u0627 \u0646\u0643\u062a\u0641\u064a \u0628\u0625\u0646\u0634\u0627\u0621 \u0633\u064a\u0627\u0631\u0627\u062a \u0643\u0647\u0631\u0628\u0627\u0626\u064a\u0629\u060c \u0628\u0644 \u0646\u0628\u0646\u064a \u0639\u0644\u0627\u0645\u0629 \u062a\u062c\u0627\u0631\u064a\u0629 \u0644\u0623\u0633\u0644\u0648\u0628 \u0627\u0644\u062d\u064a\u0627\u0629. \u0646\u062d\u0646 \u0646\u0641\u0647\u0645 \u0642\u062f\u0631\u0629 \u0627\u0644\u0627\u062a\u0635\u0627\u0644 \u0641\u064a \u0639\u0627\u0644\u0645 \u0627\u0644\u0623\u0631\u0642\u0627\u0645 \u0641\u064a \u0639\u0635\u0631\u0646\u0627 \u0627\u0644\u062d\u0627\u0644\u064a\u060c \u0648\u0646\u0642\u0648\u0645 \u0628\u062f\u0645\u062c \u062d\u0644\u0648\u0644 \u0627\u0644\u0627\u062a\u0635\u0627\u0644 \u0648\u0648\u0638\u0627\u0626\u0641 \u0627\u0644\u062a\u0643\u0627\u0645\u0644 \u0627\u0644\u0634\u0641\u0627\u0641\u0629 \u0641\u064a \u0633\u064a\u0627\u0631\u0627\u062a\u0646\u0627 \u0627\u0644\u0643\u0647\u0631\u0628\u0627\u0626\u064a\u0629. \u0648\u0647\u0630\u0627 \u0645\u0627 \u064a\u062a\u064a\u062d \u0644\u0639\u0645\u0644\u0627\u0626\u0646\u0627 \u0627\u0644\u0628\u0642\u0627\u0621 \u0639\u0644\u0649 \u0627\u062a\u0635\u0627\u0644 \u062f\u0627\u0626\u0645 \u0645\u0639 \u0627\u0644\u0627\u0633\u062a\u0641\u0627\u062f\u0629 \u0645\u0646 \u062a\u0646\u0642\u0644\u0627\u062a\u0647\u0645 \u0648\u062a\u062d\u0633\u064a\u0646 \u062a\u062c\u0631\u0628\u062a\u0647\u0645 \u0639\u0644\u0649 \u0645\u0633\u062a\u0648\u0649 \u0627\u0644\u0639\u0627\u0644\u0645. \u0641\u0647\u064a \u062a\u0648\u0641\u0631 \u0645\u0632\u064a\u062c\u064b\u0627 \u0641\u0631\u064a\u062f\u064b\u0627 \u0645\u0646 \u0627\u0644\u0623\u062f\u0627\u0621 \u0648\u0627\u0644\u0631\u0627\u062d\u0629\u060c \u0645\u0645\u0627 \u064a\u062c\u0639\u0644 \u0643\u0644 \u0631\u062d\u0644\u0629 \u062a\u062c\u0631\u0628\u0629 \u0642\u064a\u0627\u062f\u0629 \u0645\u0645\u062a\u0639\u0629. \u0633\u0648\u0627\u0621 \u0623\u0643\u0646\u062a \u062a\u062a\u062c\u0648\u0644 \u0641\u064a \u0627\u0644\u0639\u0645\u0644 \u0623\u0645 \u0643\u0646\u062a \u062a\u062a\u0646\u0632\u0647 \u0628\u0647\u062f\u0648\u0621\u060c \u0641\u0625\u0646 \u0633\u064a\u0627\u0631\u0627\u062a\u0646\u0627 \u0627\u0644\u0643\u0647\u0631\u0628\u0627\u0626\u064a\u0629 \u0647\u064a \u0631\u0641\u064a\u0642\u0643 \u0627\u0644\u0645\u062b\u0627\u0644\u064a. \u0646\u062d\u0646 \u062d\u0631\u0643\u0629 \u062a\u0639\u0645\u0644 \u0639\u0644\u0649 \u062a\u063a\u064a\u064a\u0631 \u0627\u0644\u0637\u0631\u064a\u0642\u0629 \u0627\u0644\u062a\u064a \u064a\u0646\u0638\u0631 \u0628\u0647\u0627 \u0627\u0644\u0646\u0627\u0633 \u0625\u0644\u0649 \u0648\u0633\u0627\u0626\u0644 \u0627\u0644\u0646\u0642\u0644. \u0646\u062d\u0646 \u0647\u0646\u0627 \u0645\u0646 \u0623\u062c\u0644 \u0625\u062d\u062f\u0627\u062b \u062a\u063a\u064a\u064a\u0631 \u062c\u0630\u0631\u064a \u0641\u064a \u0637\u0631\u064a\u0642\u0629 \u062a\u0639\u0627\u0645\u0644 \u0627\u0644\u0646\u0627\u0633 \u0645\u0639 \u0648\u0633\u0627\u0626\u0644 \u0627\u0644\u0646\u0642\u0644. \u0646\u062d\u0646 \u0646\u062f\u0639\u0648\u0643 \u0644\u0644\u0627\u0646\u0636\u0645\u0627\u0645 \u0625\u0644\u064a\u0646\u0627 \u0641\u064a \u0631\u062d\u0644\u062a\u0646\u0627 \u0646\u062d\u0648 \u0645\u0633\u062a\u0642\u0628\u0644 \u0623\u0643\u062b\u0631 \u0631\u0641\u0627\u0647\u064a\u0629 \u0648\u062f\u064a\u0645\u0648\u0645\u0629.<\/p>","protected":false},"excerpt":{"rendered":"<p>Dans la sph\u00e8re anim\u00e9e des bicyclettes \u00e9lectriques, notre entreprise se pr\u00e9sente comme un phare de l&#8217;innovation et de l&#8217;efficacit\u00e9. Nous sommes une entit\u00e9 de premier plan sur le march\u00e9 mondial des motos \u00e9lectriques, fabriquant des v\u00e9los \u00e9lectriques personnalis\u00e9s et \u00e9l\u00e9gants qui allient parfaitement fonctionnalit\u00e9 et esth\u00e9tique. Notre vision est de r\u00e9volutionner l&#8217;industrie du transport en &hellip;<\/p>\n<p class=\"read-more\"> <a class=\"\" href=\"https:\/\/electric-bicycles.net\/ar\/a-propos-de\/\"> <span class=\"screen-reader-text\">\u00e0 propos de<\/span> \u0642\u0631\u0627\u0621\u0629 \u0627\u0644\u0645\u0632\u064a\u062f \"<\/a><\/p>","protected":false},"author":1,"featured_media":0,"parent":0,"menu_order":0,"comment_status":"closed","ping_status":"closed","template":"","meta":{"site-sidebar-layout":"default","site-content-layout":"","ast-site-content-layout":"default","site-content-style":"default","site-sidebar-style":"default","ast-global-header-display":"","ast-banner-title-visibility":"","ast-main-header-display":"","ast-hfb-above-header-display":"","ast-hfb-below-header-display":"","ast-hfb-mobile-header-display":"","site-post-title":"","ast-breadcrumbs-content":"","ast-featured-img":"","footer-sml-layout":"","theme-transparent-header-meta":"default","adv-header-id-meta":"","stick-header-meta":"","header-above-stick-meta":"","header-main-stick-meta":"","header-below-stick-meta":"","astra-migrate-meta-layouts":"set","ngg_post_thumbnail":0,"footnotes":""},"class_list":["post-196","page","type-page","status-publish","hentry"],"aioseo_notices":[],"_links":{"self":[{"href":"https:\/\/electric-bicycles.net\/ar\/wp-json\/wp\/v2\/pages\/196","targetHints":{"allow":["GET"]}}],"collection":[{"href":"https:\/\/electric-bicycles.net\/ar\/wp-json\/wp\/v2\/pages"}],"about":[{"href":"https:\/\/electric-bicycles.net\/ar\/wp-json\/wp\/v2\/types\/page"}],"author":[{"embeddable":true,"href":"https:\/\/electric-bicycles.net\/ar\/wp-json\/wp\/v2\/users\/1"}],"replies":[{"embeddable":true,"href":"https:\/\/electric-bicycles.net\/ar\/wp-json\/wp\/v2\/comments?post=196"}],"version-history":[{"count":1,"href":"https:\/\/electric-bicycles.net\/ar\/wp-json\/wp\/v2\/pages\/196\/revisions"}],"predecessor-version":[{"id":197,"href":"https:\/\/electric-bicycles.net\/ar\/wp-json\/wp\/v2\/pages\/196\/revisions\/197"}],"wp:attachment":[{"href":"https:\/\/electric-bicycles.net\/ar\/wp-json\/wp\/v2\/media?parent=196"}],"curies":[{"name":"wp","href":"https:\/\/api.w.org\/{rel}","templated":true}]}}